{"id":5746,"date":"2024-06-05T14:21:31","date_gmt":"2024-06-05T17:21:31","guid":{"rendered":"https:\/\/varietieseym.com.uy\/?post_type=product&#038;p=5746"},"modified":"2026-04-29T00:00:04","modified_gmt":"2026-04-29T03:00:04","slug":"crema-facial-con-retinol-antiedad-2633","status":"publish","type":"product","link":"https:\/\/varietieseym.com.uy\/index.php\/producto\/crema-facial-con-retinol-antiedad-2633\/","title":{"rendered":"Crema Facial con Retinol Antiedad &#8211; 2633"},"content":{"rendered":"<p>Crema Facial Hidratante con Retinol Ayuda a prevenir las adversidades provocadas por el envejecimiento de la piel como arrugas, l\u00edneas de expresi\u00f3n, manchas y p\u00e9rdida de elasticidad. Su f\u00f3rmula contiene Revinage, un activo de origen vegetal que aporta acci\u00f3n antioxidante y blanqueante. Tambi\u00e9n contiene Vitamina A, que ayuda a la renovaci\u00f3n celular, reduce la flacidez y act\u00faa contra el fotoenvejecimiento. La manteca de karit\u00e9, el col\u00e1geno hidrolizado y el extracto glic\u00f3lico de rosa mosqueta favorecen la hidrataci\u00f3n, la elasticidad y la suavidad. &#8211; Reduce arrugas y l\u00edneas de expresi\u00f3n &#8211; F\u00f3rmula ligera &#8211; Dermatol\u00f3gicamente testado &#8211; Libre de parabenos &#8211; Libre de vaselina &#8211; Eficacia probada &#8211; Antienvejecimiento &#8211; Retinol Modo de uso: Aplicar sobre la piel limpia con movimientos suaves sobre rostro y cuello. Se puede utilizar ma\u00f1ana y noche. A la hora de utilizar el producto, se recomienda utilizar un producto con factor de protecci\u00f3n solar por la ma\u00f1ana. &#8211; Producto Vegano. &#8211; PRODUCTO NO TESTADO EN ANIMALES<\/p>\n","protected":false},"excerpt":{"rendered":"<p>Crema Facial Hidratante con Retinol Ayuda a prevenir las adversidades provocadas por el envejecimiento de la piel como arrugas, l\u00edneas de expresi\u00f3n, manchas y p\u00e9rdida de elasticidad. Su f\u00f3rmula contiene Revinage, un activo de origen vegetal que aporta acci\u00f3n antioxidante y blanqueante. Tambi\u00e9n contiene Vitamina A, que ayuda a la renovaci\u00f3n celular, reduce la flacidez &hellip;<\/p>\n<p class=\"read-more\"> <a class=\"\" href=\"https:\/\/varietieseym.com.uy\/index.php\/producto\/crema-facial-con-retinol-antiedad-2633\/\"> <span class=\"screen-reader-text\">Crema Facial con Retinol Antiedad &#8211; 2633<\/span> Leer m\u00e1s &raquo;<\/a><\/p>\n","protected":false},"featured_media":5730,"template":"","meta":{"_uag_custom_page_level_css":"","site-sidebar-layout":"default","site-content-layout":"","ast-site-content-layout":"default","site-content-style":"default","site-sidebar-style":"default","ast-global-header-display":"","ast-banner-title-visibility":"","ast-main-header-display":"","ast-hfb-above-header-display":"","ast-hfb-below-header-display":"","ast-hfb-mobile-header-display":"","site-post-title":"","ast-breadcrumbs-content":"","ast-featured-img":"","footer-sml-layout":"","theme-transparent-header-meta":"default","adv-header-id-meta":"","stick-header-meta":"","header-above-stick-meta":"","header-main-stick-meta":"","header-below-stick-meta":"","astra-migrate-meta-layouts":"set","_joinchat":[]},"product_brand":[],"product_cat":[250,144],"product_tag":[],"class_list":{"0":"post-5746","1":"product","2":"type-product","3":"status-publish","4":"has-post-thumbnail","6":"product_cat-hidratantes","7":"product_cat-skincare","8":"desktop-align-center","9":"tablet-align-left","10":"mobile-align-left","12":"first","13":"outofstock","14":"shipping-taxable","15":"purchasable","16":"product-type-simple"},"uagb_featured_image_src":{"full":["https:\/\/varietieseym.com.uy\/wp-content\/uploads\/2024\/06\/1fMCk-EGR2gfbuVf74Ew_6L8_MmNgzhoKSjFWD5af_Q.png",623,594,false],"thumbnail":["https:\/\/varietieseym.com.uy\/wp-content\/uploads\/2024\/06\/1fMCk-EGR2gfbuVf74Ew_6L8_MmNgzhoKSjFWD5af_Q-150x150.png",150,150,true],"medium":["https:\/\/varietieseym.com.uy\/wp-content\/uploads\/2024\/06\/1fMCk-EGR2gfbuVf74Ew_6L8_MmNgzhoKSjFWD5af_Q-300x286.png",300,286,true],"medium_large":["https:\/\/varietieseym.com.uy\/wp-content\/uploads\/2024\/06\/1fMCk-EGR2gfbuVf74Ew_6L8_MmNgzhoKSjFWD5af_Q.png",623,594,false],"large":["https:\/\/varietieseym.com.uy\/wp-content\/uploads\/2024\/06\/1fMCk-EGR2gfbuVf74Ew_6L8_MmNgzhoKSjFWD5af_Q.png",623,594,false],"1536x1536":["https:\/\/varietieseym.com.uy\/wp-content\/uploads\/2024\/06\/1fMCk-EGR2gfbuVf74Ew_6L8_MmNgzhoKSjFWD5af_Q.png",623,594,false],"2048x2048":["https:\/\/varietieseym.com.uy\/wp-content\/uploads\/2024\/06\/1fMCk-EGR2gfbuVf74Ew_6L8_MmNgzhoKSjFWD5af_Q.png",623,594,false],"woocommerce_thumbnail":["https:\/\/varietieseym.com.uy\/wp-content\/uploads\/2024\/06\/1fMCk-EGR2gfbuVf74Ew_6L8_MmNgzhoKSjFWD5af_Q-300x300.png",300,300,true],"woocommerce_single":["https:\/\/varietieseym.com.uy\/wp-content\/uploads\/2024\/06\/1fMCk-EGR2gfbuVf74Ew_6L8_MmNgzhoKSjFWD5af_Q-600x572.png",600,572,true],"woocommerce_gallery_thumbnail":["https:\/\/varietieseym.com.uy\/wp-content\/uploads\/2024\/06\/1fMCk-EGR2gfbuVf74Ew_6L8_MmNgzhoKSjFWD5af_Q-100x100.png",100,100,true]},"uagb_author_info":{"display_name":"SyF Home","author_link":"https:\/\/varietieseym.com.uy\/index.php\/author\/"},"uagb_comment_info":0,"uagb_excerpt":"Crema Facial Hidratante con Retinol Ayuda a prevenir las adversidades provocadas por el envejecimiento de la piel como arrugas, l\u00edneas de expresi\u00f3n, manchas y p\u00e9rdida de elasticidad. Su f\u00f3rmula contiene Revinage, un activo de origen vegetal que aporta acci\u00f3n antioxidante y blanqueante. Tambi\u00e9n contiene Vitamina A, que ayuda a la renovaci\u00f3n celular, reduce la flacidez&hellip;","_links":{"self":[{"href":"https:\/\/varietieseym.com.uy\/index.php\/wp-json\/wp\/v2\/product\/5746","targetHints":{"allow":["GET"]}}],"collection":[{"href":"https:\/\/varietieseym.com.uy\/index.php\/wp-json\/wp\/v2\/product"}],"about":[{"href":"https:\/\/varietieseym.com.uy\/index.php\/wp-json\/wp\/v2\/types\/product"}],"wp:featuredmedia":[{"embeddable":true,"href":"https:\/\/varietieseym.com.uy\/index.php\/wp-json\/wp\/v2\/media\/5730"}],"wp:attachment":[{"href":"https:\/\/varietieseym.com.uy\/index.php\/wp-json\/wp\/v2\/media?parent=5746"}],"wp:term":[{"taxonomy":"product_brand","embeddable":true,"href":"https:\/\/varietieseym.com.uy\/index.php\/wp-json\/wp\/v2\/product_brand?post=5746"},{"taxonomy":"product_cat","embeddable":true,"href":"https:\/\/varietieseym.com.uy\/index.php\/wp-json\/wp\/v2\/product_cat?post=5746"},{"taxonomy":"product_tag","embeddable":true,"href":"https:\/\/varietieseym.com.uy\/index.php\/wp-json\/wp\/v2\/product_tag?post=5746"}],"curies":[{"name":"wp","href":"https:\/\/api.w.org\/{rel}","templated":true}]}}