{"id":5756,"date":"2024-06-05T14:26:45","date_gmt":"2024-06-05T17:26:45","guid":{"rendered":"https:\/\/varietieseym.com.uy\/?post_type=product&#038;p=5756"},"modified":"2026-04-28T23:57:47","modified_gmt":"2026-04-29T02:57:47","slug":"serun-facial-antioleosidades-2644","status":"publish","type":"product","link":"https:\/\/varietieseym.com.uy\/index.php\/producto\/serun-facial-antioleosidades-2644\/","title":{"rendered":"Serun Facial Antioleosidades &#8211; 2644"},"content":{"rendered":"<p>S\u00e9rum Facial De D\u00eda Antigrasa 30ml El s\u00e9rum facial antiaceite de maquillaje Isis Rezende tiene un alto poder para controlar la grasa de la piel. Tiene una textura muy suave, proporcionando la piel del rostro muy suave e hidratada. Es un producto que lleva el sello Paraben Free, es decir, libre de parabenos. La Vitamina Pro B5 presente en su formulaci\u00f3n es una sustancia multiusos que ofrece varios beneficios para la piel. Adem\u00e1s de promover una poderosa hidrataci\u00f3n, esta verdadera reina de los humectantes tambi\u00e9n: Participa en la s\u00edntesis de los componentes del manto hidrolip\u00eddico, ayudando a mantener una barrera cut\u00e1nea saludable. El col\u00e1geno tambi\u00e9n est\u00e1 presente y es responsable de mantener la estructura, firmeza y elasticidad. Un gran aliado para la salud y belleza de tu piel: hidrata, revitaliza y nutre&#8230;<\/p>\n","protected":false},"excerpt":{"rendered":"<p>S\u00e9rum Facial De D\u00eda Antigrasa 30ml El s\u00e9rum facial antiaceite de maquillaje Isis Rezende tiene un alto poder para controlar la grasa de la piel. Tiene una textura muy suave, proporcionando la piel del rostro muy suave e hidratada. Es un producto que lleva el sello Paraben Free, es decir, libre de parabenos. La Vitamina &hellip;<\/p>\n<p class=\"read-more\"> <a class=\"\" href=\"https:\/\/varietieseym.com.uy\/index.php\/producto\/serun-facial-antioleosidades-2644\/\"> <span class=\"screen-reader-text\">Serun Facial Antioleosidades &#8211; 2644<\/span> Leer m\u00e1s &raquo;<\/a><\/p>\n","protected":false},"featured_media":5715,"template":"","meta":{"_uag_custom_page_level_css":"","site-sidebar-layout":"default","site-content-layout":"","ast-site-content-layout":"default","site-content-style":"default","site-sidebar-style":"default","ast-global-header-display":"","ast-banner-title-visibility":"","ast-main-header-display":"","ast-hfb-above-header-display":"","ast-hfb-below-header-display":"","ast-hfb-mobile-header-display":"","site-post-title":"","ast-breadcrumbs-content":"","ast-featured-img":"","footer-sml-layout":"","theme-transparent-header-meta":"default","adv-header-id-meta":"","stick-header-meta":"","header-above-stick-meta":"","header-main-stick-meta":"","header-below-stick-meta":"","astra-migrate-meta-layouts":"set","_joinchat":[]},"product_brand":[],"product_cat":[248,144],"product_tag":[],"class_list":{"0":"post-5756","1":"product","2":"type-product","3":"status-publish","4":"has-post-thumbnail","6":"product_cat-serum","7":"product_cat-skincare","8":"desktop-align-center","9":"tablet-align-left","10":"mobile-align-left","12":"first","13":"outofstock","14":"shipping-taxable","15":"purchasable","16":"product-type-simple"},"uagb_featured_image_src":{"full":["https:\/\/varietieseym.com.uy\/wp-content\/uploads\/2024\/06\/1wzZhdWWkbhQbWL5e-5WWYwuinsiB9eNj61sZw0UF-Q.png",1000,1000,false],"thumbnail":["https:\/\/varietieseym.com.uy\/wp-content\/uploads\/2024\/06\/1wzZhdWWkbhQbWL5e-5WWYwuinsiB9eNj61sZw0UF-Q-150x150.png",150,150,true],"medium":["https:\/\/varietieseym.com.uy\/wp-content\/uploads\/2024\/06\/1wzZhdWWkbhQbWL5e-5WWYwuinsiB9eNj61sZw0UF-Q-300x300.png",300,300,true],"medium_large":["https:\/\/varietieseym.com.uy\/wp-content\/uploads\/2024\/06\/1wzZhdWWkbhQbWL5e-5WWYwuinsiB9eNj61sZw0UF-Q-768x768.png",768,768,true],"large":["https:\/\/varietieseym.com.uy\/wp-content\/uploads\/2024\/06\/1wzZhdWWkbhQbWL5e-5WWYwuinsiB9eNj61sZw0UF-Q.png",1000,1000,false],"1536x1536":["https:\/\/varietieseym.com.uy\/wp-content\/uploads\/2024\/06\/1wzZhdWWkbhQbWL5e-5WWYwuinsiB9eNj61sZw0UF-Q.png",1000,1000,false],"2048x2048":["https:\/\/varietieseym.com.uy\/wp-content\/uploads\/2024\/06\/1wzZhdWWkbhQbWL5e-5WWYwuinsiB9eNj61sZw0UF-Q.png",1000,1000,false],"woocommerce_thumbnail":["https:\/\/varietieseym.com.uy\/wp-content\/uploads\/2024\/06\/1wzZhdWWkbhQbWL5e-5WWYwuinsiB9eNj61sZw0UF-Q-300x300.png",300,300,true],"woocommerce_single":["https:\/\/varietieseym.com.uy\/wp-content\/uploads\/2024\/06\/1wzZhdWWkbhQbWL5e-5WWYwuinsiB9eNj61sZw0UF-Q-600x600.png",600,600,true],"woocommerce_gallery_thumbnail":["https:\/\/varietieseym.com.uy\/wp-content\/uploads\/2024\/06\/1wzZhdWWkbhQbWL5e-5WWYwuinsiB9eNj61sZw0UF-Q-100x100.png",100,100,true]},"uagb_author_info":{"display_name":"SyF Home","author_link":"https:\/\/varietieseym.com.uy\/index.php\/author\/"},"uagb_comment_info":0,"uagb_excerpt":"S\u00e9rum Facial De D\u00eda Antigrasa 30ml El s\u00e9rum facial antiaceite de maquillaje Isis Rezende tiene un alto poder para controlar la grasa de la piel. Tiene una textura muy suave, proporcionando la piel del rostro muy suave e hidratada. Es un producto que lleva el sello Paraben Free, es decir, libre de parabenos. La Vitamina&hellip;","_links":{"self":[{"href":"https:\/\/varietieseym.com.uy\/index.php\/wp-json\/wp\/v2\/product\/5756","targetHints":{"allow":["GET"]}}],"collection":[{"href":"https:\/\/varietieseym.com.uy\/index.php\/wp-json\/wp\/v2\/product"}],"about":[{"href":"https:\/\/varietieseym.com.uy\/index.php\/wp-json\/wp\/v2\/types\/product"}],"wp:featuredmedia":[{"embeddable":true,"href":"https:\/\/varietieseym.com.uy\/index.php\/wp-json\/wp\/v2\/media\/5715"}],"wp:attachment":[{"href":"https:\/\/varietieseym.com.uy\/index.php\/wp-json\/wp\/v2\/media?parent=5756"}],"wp:term":[{"taxonomy":"product_brand","embeddable":true,"href":"https:\/\/varietieseym.com.uy\/index.php\/wp-json\/wp\/v2\/product_brand?post=5756"},{"taxonomy":"product_cat","embeddable":true,"href":"https:\/\/varietieseym.com.uy\/index.php\/wp-json\/wp\/v2\/product_cat?post=5756"},{"taxonomy":"product_tag","embeddable":true,"href":"https:\/\/varietieseym.com.uy\/index.php\/wp-json\/wp\/v2\/product_tag?post=5756"}],"curies":[{"name":"wp","href":"https:\/\/api.w.org\/{rel}","templated":true}]}}