{"id":5758,"date":"2024-06-05T14:28:56","date_gmt":"2024-06-05T17:28:56","guid":{"rendered":"https:\/\/varietieseym.com.uy\/?post_type=product&#038;p=5758"},"modified":"2026-04-28T23:57:16","modified_gmt":"2026-04-29T02:57:16","slug":"jabon-facial-rosa-mosqueta-2647","status":"publish","type":"product","link":"https:\/\/varietieseym.com.uy\/index.php\/producto\/jabon-facial-rosa-mosqueta-2647\/","title":{"rendered":"Jabon Facial Rosa Mosqueta &#8211; 2647"},"content":{"rendered":"<p>JAB\u00d3N ULTRA HIDRATANTE DE ROSA MOSQUETA PARA ROSRO Y CUERPO. Fue especialmente desarrollado para la limpieza de pieles secas y extra secas ya que es un tipo de piel que requiere m\u00e1s cuidados. Con eso en mente, ponemos m\u00e1s activos emolientes e hidratantes, que limpiar\u00e1n sin da\u00f1ar e irritar la piel. Estos activos naturales de la rosa mosqueta asociados al \u00e1cido hialur\u00f3nico ayudan en la nutrici\u00f3n de las pieles secas y extra secas aportando suavidad y sedosidad. Y ahora el complemento iones de colageno ayudando en la hidrataci\u00f3n de la piel.<\/p>\n","protected":false},"excerpt":{"rendered":"<p>JAB\u00d3N ULTRA HIDRATANTE DE ROSA MOSQUETA PARA ROSRO Y CUERPO. Fue especialmente desarrollado para la limpieza de pieles secas y extra secas ya que es un tipo de piel que requiere m\u00e1s cuidados. Con eso en mente, ponemos m\u00e1s activos emolientes e hidratantes, que limpiar\u00e1n sin da\u00f1ar e irritar la piel. Estos activos naturales de &hellip;<\/p>\n<p class=\"read-more\"> <a class=\"\" href=\"https:\/\/varietieseym.com.uy\/index.php\/producto\/jabon-facial-rosa-mosqueta-2647\/\"> <span class=\"screen-reader-text\">Jabon Facial Rosa Mosqueta &#8211; 2647<\/span> Leer m\u00e1s &raquo;<\/a><\/p>\n","protected":false},"featured_media":5725,"template":"","meta":{"_uag_custom_page_level_css":"","site-sidebar-layout":"default","site-content-layout":"","ast-site-content-layout":"default","site-content-style":"default","site-sidebar-style":"default","ast-global-header-display":"","ast-banner-title-visibility":"","ast-main-header-display":"","ast-hfb-above-header-display":"","ast-hfb-below-header-display":"","ast-hfb-mobile-header-display":"","site-post-title":"","ast-breadcrumbs-content":"","ast-featured-img":"","footer-sml-layout":"","theme-transparent-header-meta":"default","adv-header-id-meta":"","stick-header-meta":"","header-above-stick-meta":"","header-main-stick-meta":"","header-below-stick-meta":"","astra-migrate-meta-layouts":"set","_joinchat":[]},"product_brand":[],"product_cat":[247,144],"product_tag":[],"class_list":{"0":"post-5758","1":"product","2":"type-product","3":"status-publish","4":"has-post-thumbnail","6":"product_cat-desmaquillantes","7":"product_cat-skincare","8":"desktop-align-center","9":"tablet-align-left","10":"mobile-align-left","12":"first","13":"outofstock","14":"shipping-taxable","15":"purchasable","16":"product-type-simple"},"uagb_featured_image_src":{"full":["https:\/\/varietieseym.com.uy\/wp-content\/uploads\/2024\/06\/1btbrwd3dIZfbgEBBANXPxqRl00l9wj2MSKqlxxRXnw.png",626,625,false],"thumbnail":["https:\/\/varietieseym.com.uy\/wp-content\/uploads\/2024\/06\/1btbrwd3dIZfbgEBBANXPxqRl00l9wj2MSKqlxxRXnw-150x150.png",150,150,true],"medium":["https:\/\/varietieseym.com.uy\/wp-content\/uploads\/2024\/06\/1btbrwd3dIZfbgEBBANXPxqRl00l9wj2MSKqlxxRXnw-300x300.png",300,300,true],"medium_large":["https:\/\/varietieseym.com.uy\/wp-content\/uploads\/2024\/06\/1btbrwd3dIZfbgEBBANXPxqRl00l9wj2MSKqlxxRXnw.png",626,625,false],"large":["https:\/\/varietieseym.com.uy\/wp-content\/uploads\/2024\/06\/1btbrwd3dIZfbgEBBANXPxqRl00l9wj2MSKqlxxRXnw.png",626,625,false],"1536x1536":["https:\/\/varietieseym.com.uy\/wp-content\/uploads\/2024\/06\/1btbrwd3dIZfbgEBBANXPxqRl00l9wj2MSKqlxxRXnw.png",626,625,false],"2048x2048":["https:\/\/varietieseym.com.uy\/wp-content\/uploads\/2024\/06\/1btbrwd3dIZfbgEBBANXPxqRl00l9wj2MSKqlxxRXnw.png",626,625,false],"woocommerce_thumbnail":["https:\/\/varietieseym.com.uy\/wp-content\/uploads\/2024\/06\/1btbrwd3dIZfbgEBBANXPxqRl00l9wj2MSKqlxxRXnw-300x300.png",300,300,true],"woocommerce_single":["https:\/\/varietieseym.com.uy\/wp-content\/uploads\/2024\/06\/1btbrwd3dIZfbgEBBANXPxqRl00l9wj2MSKqlxxRXnw-600x599.png",600,599,true],"woocommerce_gallery_thumbnail":["https:\/\/varietieseym.com.uy\/wp-content\/uploads\/2024\/06\/1btbrwd3dIZfbgEBBANXPxqRl00l9wj2MSKqlxxRXnw-100x100.png",100,100,true]},"uagb_author_info":{"display_name":"SyF Home","author_link":"https:\/\/varietieseym.com.uy\/index.php\/author\/"},"uagb_comment_info":0,"uagb_excerpt":"JAB\u00d3N ULTRA HIDRATANTE DE ROSA MOSQUETA PARA ROSRO Y CUERPO. Fue especialmente desarrollado para la limpieza de pieles secas y extra secas ya que es un tipo de piel que requiere m\u00e1s cuidados. Con eso en mente, ponemos m\u00e1s activos emolientes e hidratantes, que limpiar\u00e1n sin da\u00f1ar e irritar la piel. Estos activos naturales de&hellip;","_links":{"self":[{"href":"https:\/\/varietieseym.com.uy\/index.php\/wp-json\/wp\/v2\/product\/5758","targetHints":{"allow":["GET"]}}],"collection":[{"href":"https:\/\/varietieseym.com.uy\/index.php\/wp-json\/wp\/v2\/product"}],"about":[{"href":"https:\/\/varietieseym.com.uy\/index.php\/wp-json\/wp\/v2\/types\/product"}],"wp:featuredmedia":[{"embeddable":true,"href":"https:\/\/varietieseym.com.uy\/index.php\/wp-json\/wp\/v2\/media\/5725"}],"wp:attachment":[{"href":"https:\/\/varietieseym.com.uy\/index.php\/wp-json\/wp\/v2\/media?parent=5758"}],"wp:term":[{"taxonomy":"product_brand","embeddable":true,"href":"https:\/\/varietieseym.com.uy\/index.php\/wp-json\/wp\/v2\/product_brand?post=5758"},{"taxonomy":"product_cat","embeddable":true,"href":"https:\/\/varietieseym.com.uy\/index.php\/wp-json\/wp\/v2\/product_cat?post=5758"},{"taxonomy":"product_tag","embeddable":true,"href":"https:\/\/varietieseym.com.uy\/index.php\/wp-json\/wp\/v2\/product_tag?post=5758"}],"curies":[{"name":"wp","href":"https:\/\/api.w.org\/{rel}","templated":true}]}}