{"id":5827,"date":"2024-06-11T11:19:32","date_gmt":"2024-06-11T14:19:32","guid":{"rendered":"https:\/\/varietieseym.com.uy\/?post_type=product&#038;p=5827"},"modified":"2026-04-14T13:25:47","modified_gmt":"2026-04-14T16:25:47","slug":"henna","status":"publish","type":"product","link":"https:\/\/varietieseym.com.uy\/index.php\/producto\/henna\/","title":{"rendered":"Henna &#8211; 3618"},"content":{"rendered":"<p class=\"selectable-text copyable-text x15bjb6t x1n2onr6\" dir=\"ltr\"><span class=\"selectable-text copyable-text\">Henna Makiaj Professional fue desarrollado pensando en mejorar o corregir el dise\u00f1o de las cejas. Con un fijador a base de activos naturales astringentes, que reduce la grasa de la piel, aumentando el rendimiento y el tiempo de fijaci\u00f3n.<\/span><\/p>\n<p class=\"selectable-text copyable-text x15bjb6t x1n2onr6\" dir=\"ltr\"><span class=\"selectable-text copyable-text\">Henna para cejas rinde entre 10 a 15 aplicaciones<\/span><\/p>\n<p class=\"selectable-text copyable-text x15bjb6t x1n2onr6\" dir=\"ltr\"><span class=\"selectable-text copyable-text\">Colores disponibles<\/span><\/p>\n<p class=\"selectable-text copyable-text x15bjb6t x1n2onr6\" dir=\"ltr\"><span class=\"selectable-text copyable-text\">Marron <\/span><\/p>\n<p class=\"selectable-text copyable-text x15bjb6t x1n2onr6\" dir=\"ltr\"><span class=\"selectable-text copyable-text\">Casta\u00f1o claro <\/span><\/p>\n<p class=\"selectable-text copyable-text x15bjb6t x1n2onr6\" dir=\"ltr\"><span class=\"selectable-text copyable-text\">Casta\u00f1o medio <\/span><\/p>\n<p class=\"selectable-text copyable-text x15bjb6t x1n2onr6\" dir=\"ltr\"><span class=\"selectable-text copyable-text\">Casta\u00f1o Oscuro <\/span><\/p>\n<p class=\"selectable-text copyable-text x15bjb6t x1n2onr6\" dir=\"ltr\"><span class=\"selectable-text copyable-text\">Negro<\/span><\/p>\n<p class=\"selectable-text copyable-text x15bjb6t x1n2onr6\" dir=\"ltr\"><span class=\"selectable-text copyable-text\">rubio <\/span><\/p>\n<p class=\"selectable-text copyable-text x15bjb6t x1n2onr6\" dir=\"ltr\"><span class=\"selectable-text copyable-text\">pelirrojo <\/span><\/p>\n<p class=\"selectable-text copyable-text x15bjb6t x1n2onr6\" dir=\"ltr\"><span class=\"selectable-text copyable-text\">Contenido de la caja:<\/span><\/p>\n<p class=\"selectable-text copyable-text x15bjb6t x1n2onr6\" dir=\"ltr\"><span class=\"selectable-text copyable-text\">1 Dappen reutilizable de alta calidad;<\/span><\/p>\n<p class=\"selectable-text copyable-text x15bjb6t x1n2onr6\" dir=\"ltr\"><span class=\"selectable-text copyable-text\">1 Cuchara dosificadora de alta calidad;<\/span><\/p>\n<p class=\"selectable-text copyable-text x15bjb6t x1n2onr6\" dir=\"ltr\"><span class=\"selectable-text copyable-text\">1 Fijador para Henna en Polvo Makiaj 10ml;<\/span><\/p>\n<p class=\"selectable-text copyable-text x15bjb6t x1n2onr6\" dir=\"ltr\"><span class=\"selectable-text copyable-text\">1 Frasco de 1.5g de Henna en Polvo.<\/span><\/p>\n<p class=\"selectable-text copyable-text x15bjb6t x1n2onr6\" dir=\"ltr\"><span class=\"selectable-text copyable-text\">Modo de Empleo:<\/span><\/p>\n<p class=\"selectable-text copyable-text x15bjb6t x1n2onr6\" dir=\"ltr\"><span class=\"selectable-text copyable-text\">1. Dar forma a la ceja, como de costumbre y a su gusto, quitando el exceso de vello y recortando los mechones m\u00e1s largos.<\/span><\/p>\n<p class=\"selectable-text copyable-text x15bjb6t x1n2onr6\" dir=\"ltr\"><span class=\"selectable-text copyable-text\">2. Limpiar la zona de aplicaci\u00f3n con el fijador, eliminando toda la grasa.<\/span><\/p>\n<p class=\"selectable-text copyable-text x15bjb6t x1n2onr6\" dir=\"ltr\"><span class=\"selectable-text copyable-text\">3. Colocar en un vaso dappen u otro de su preferencia 3 medidas superficiales de henna, es decir, 0,3 gramos por aplicaci\u00f3n. Agregar aprox. 10-12 gotas del fijador. Mezclar hasta obtener una masa homog\u00e9nea.<\/span><\/p>\n<p class=\"selectable-text copyable-text x15bjb6t x1n2onr6\" dir=\"ltr\"><span class=\"selectable-text copyable-text\">4. Aplicar la henna en la ceja con un palillo de pl\u00e1stico (puede ser con otra punta de la cuchara dosificadora) o cepillo.<\/span><\/p>\n<p class=\"selectable-text copyable-text x15bjb6t x1n2onr6\" dir=\"ltr\"><span class=\"selectable-text copyable-text\">5. Dejar actuar 20 minutos.<\/span><\/p>\n<p class=\"selectable-text copyable-text x15bjb6t x1n2onr6\" dir=\"ltr\"><span class=\"selectable-text copyable-text\">6. Eliminar todo exceso con algod\u00f3n humedecido en agua<\/span><\/p>\n","protected":false},"excerpt":{"rendered":"<p>Henna Makiaj Professional fue desarrollado pensando en mejorar o corregir el dise\u00f1o de las cejas. Con un fijador a base de activos naturales astringentes, que reduce la grasa de la piel, aumentando el rendimiento y el tiempo de fijaci\u00f3n. Henna para cejas rinde entre 10 a 15 aplicaciones Colores disponibles Marron Casta\u00f1o claro Casta\u00f1o medio &hellip;<\/p>\n<p class=\"read-more\"> <a class=\"\" href=\"https:\/\/varietieseym.com.uy\/index.php\/producto\/henna\/\"> <span class=\"screen-reader-text\">Henna &#8211; 3618<\/span> Leer m\u00e1s &raquo;<\/a><\/p>\n","protected":false},"featured_media":5828,"template":"","meta":{"_uag_custom_page_level_css":"","site-sidebar-layout":"default","site-content-layout":"","ast-site-content-layout":"default","site-content-style":"default","site-sidebar-style":"default","ast-global-header-display":"","ast-banner-title-visibility":"","ast-main-header-display":"","ast-hfb-above-header-display":"","ast-hfb-below-header-display":"","ast-hfb-mobile-header-display":"","site-post-title":"","ast-breadcrumbs-content":"","ast-featured-img":"","footer-sml-layout":"","theme-transparent-header-meta":"default","adv-header-id-meta":"","stick-header-meta":"","header-above-stick-meta":"","header-main-stick-meta":"","header-below-stick-meta":"","astra-migrate-meta-layouts":"set","_joinchat":[]},"product_brand":[],"product_cat":[146],"product_tag":[],"class_list":{"0":"post-5827","1":"product","2":"type-product","3":"status-publish","4":"has-post-thumbnail","6":"product_cat-cejas","7":"desktop-align-center","8":"tablet-align-left","9":"mobile-align-left","11":"first","12":"instock","13":"shipping-taxable","14":"purchasable","15":"product-type-variable"},"uagb_featured_image_src":{"full":["https:\/\/varietieseym.com.uy\/wp-content\/uploads\/2024\/06\/1Az-oydq4TFok0Nh4umBJpzpImyZLFT3OBU1q4QBSNA.webp",550,550,false],"thumbnail":["https:\/\/varietieseym.com.uy\/wp-content\/uploads\/2024\/06\/1Az-oydq4TFok0Nh4umBJpzpImyZLFT3OBU1q4QBSNA-150x150.webp",150,150,true],"medium":["https:\/\/varietieseym.com.uy\/wp-content\/uploads\/2024\/06\/1Az-oydq4TFok0Nh4umBJpzpImyZLFT3OBU1q4QBSNA-300x300.webp",300,300,true],"medium_large":["https:\/\/varietieseym.com.uy\/wp-content\/uploads\/2024\/06\/1Az-oydq4TFok0Nh4umBJpzpImyZLFT3OBU1q4QBSNA.webp",550,550,false],"large":["https:\/\/varietieseym.com.uy\/wp-content\/uploads\/2024\/06\/1Az-oydq4TFok0Nh4umBJpzpImyZLFT3OBU1q4QBSNA.webp",550,550,false],"1536x1536":["https:\/\/varietieseym.com.uy\/wp-content\/uploads\/2024\/06\/1Az-oydq4TFok0Nh4umBJpzpImyZLFT3OBU1q4QBSNA.webp",550,550,false],"2048x2048":["https:\/\/varietieseym.com.uy\/wp-content\/uploads\/2024\/06\/1Az-oydq4TFok0Nh4umBJpzpImyZLFT3OBU1q4QBSNA.webp",550,550,false],"woocommerce_thumbnail":["https:\/\/varietieseym.com.uy\/wp-content\/uploads\/2024\/06\/1Az-oydq4TFok0Nh4umBJpzpImyZLFT3OBU1q4QBSNA-300x300.webp",300,300,true],"woocommerce_single":["https:\/\/varietieseym.com.uy\/wp-content\/uploads\/2024\/06\/1Az-oydq4TFok0Nh4umBJpzpImyZLFT3OBU1q4QBSNA.webp",550,550,false],"woocommerce_gallery_thumbnail":["https:\/\/varietieseym.com.uy\/wp-content\/uploads\/2024\/06\/1Az-oydq4TFok0Nh4umBJpzpImyZLFT3OBU1q4QBSNA-100x100.webp",100,100,true]},"uagb_author_info":{"display_name":"SyF Home","author_link":"https:\/\/varietieseym.com.uy\/index.php\/author\/"},"uagb_comment_info":0,"uagb_excerpt":"Henna Makiaj Professional fue desarrollado pensando en mejorar o corregir el dise\u00f1o de las cejas. Con un fijador a base de activos naturales astringentes, que reduce la grasa de la piel, aumentando el rendimiento y el tiempo de fijaci\u00f3n. Henna para cejas rinde entre 10 a 15 aplicaciones Colores disponibles Marron Casta\u00f1o claro Casta\u00f1o medio&hellip;","_links":{"self":[{"href":"https:\/\/varietieseym.com.uy\/index.php\/wp-json\/wp\/v2\/product\/5827","targetHints":{"allow":["GET"]}}],"collection":[{"href":"https:\/\/varietieseym.com.uy\/index.php\/wp-json\/wp\/v2\/product"}],"about":[{"href":"https:\/\/varietieseym.com.uy\/index.php\/wp-json\/wp\/v2\/types\/product"}],"wp:featuredmedia":[{"embeddable":true,"href":"https:\/\/varietieseym.com.uy\/index.php\/wp-json\/wp\/v2\/media\/5828"}],"wp:attachment":[{"href":"https:\/\/varietieseym.com.uy\/index.php\/wp-json\/wp\/v2\/media?parent=5827"}],"wp:term":[{"taxonomy":"product_brand","embeddable":true,"href":"https:\/\/varietieseym.com.uy\/index.php\/wp-json\/wp\/v2\/product_brand?post=5827"},{"taxonomy":"product_cat","embeddable":true,"href":"https:\/\/varietieseym.com.uy\/index.php\/wp-json\/wp\/v2\/product_cat?post=5827"},{"taxonomy":"product_tag","embeddable":true,"href":"https:\/\/varietieseym.com.uy\/index.php\/wp-json\/wp\/v2\/product_tag?post=5827"}],"curies":[{"name":"wp","href":"https:\/\/api.w.org\/{rel}","templated":true}]}}