{"id":5880,"date":"2024-06-11T11:43:15","date_gmt":"2024-06-11T14:43:15","guid":{"rendered":"https:\/\/varietieseym.com.uy\/?post_type=product&#038;p=5880"},"modified":"2025-05-15T22:48:55","modified_gmt":"2025-05-16T01:48:55","slug":"pestanas-nagaraku-4358","status":"publish","type":"product","link":"https:\/\/varietieseym.com.uy\/index.php\/producto\/pestanas-nagaraku-4358\/","title":{"rendered":"Pesta\u00f1as nagaraku &#8211; 4358"},"content":{"rendered":"<p>YY Pesta\u00f1as de Nagaraku Volumen Brasile\u00f1o &#8211; ORIGINAL Caja Mix de Talles 0.07D Las pesta\u00f1as NAGARAKU son suaves, ligeras y impermeable, hechas de material PBT coreano, 100% hechas a mano. El negro mate se ve tan natural como tus pesta\u00f1as reales y lo mejor de todo es que no lastima tus ojos. DISPONIBLE EN CAJA MIX DE TALLES, CURVATURA D<\/p>\n","protected":false},"excerpt":{"rendered":"<p>YY Pesta\u00f1as de Nagaraku Volumen Brasile\u00f1o &#8211; ORIGINAL Caja Mix de Talles 0.07D Las pesta\u00f1as NAGARAKU son suaves, ligeras y impermeable, hechas de material PBT coreano, 100% hechas a mano. El negro mate se ve tan natural como tus pesta\u00f1as reales y lo mejor de todo es que no lastima tus ojos. DISPONIBLE EN CAJA &hellip;<\/p>\n<p class=\"read-more\"> <a class=\"\" href=\"https:\/\/varietieseym.com.uy\/index.php\/producto\/pestanas-nagaraku-4358\/\"> <span class=\"screen-reader-text\">Pesta\u00f1as nagaraku &#8211; 4358<\/span> Leer m\u00e1s &raquo;<\/a><\/p>\n","protected":false},"featured_media":5895,"template":"","meta":{"_uag_custom_page_level_css":"","site-sidebar-layout":"default","site-content-layout":"","ast-site-content-layout":"default","site-content-style":"default","site-sidebar-style":"default","ast-global-header-display":"","ast-banner-title-visibility":"","ast-main-header-display":"","ast-hfb-above-header-display":"","ast-hfb-below-header-display":"","ast-hfb-mobile-header-display":"","site-post-title":"","ast-breadcrumbs-content":"","ast-featured-img":"","footer-sml-layout":"","theme-transparent-header-meta":"default","adv-header-id-meta":"","stick-header-meta":"","header-above-stick-meta":"","header-main-stick-meta":"","header-below-stick-meta":"","astra-migrate-meta-layouts":"set","_joinchat":[]},"product_brand":[],"product_cat":[255,147],"product_tag":[],"class_list":{"0":"post-5880","1":"product","2":"type-product","3":"status-publish","4":"has-post-thumbnail","6":"product_cat-pelo-a-pelo","7":"product_cat-pestanas","8":"desktop-align-center","9":"tablet-align-left","10":"mobile-align-left","12":"first","13":"instock","14":"sale","15":"shipping-taxable","16":"purchasable","17":"product-type-simple"},"uagb_featured_image_src":{"full":["https:\/\/varietieseym.com.uy\/wp-content\/uploads\/2024\/06\/1JwrglIMibHDQN_K9ZB36agpHI_6Nj-TQPATZzX5xjA-1.png",686,617,false],"thumbnail":["https:\/\/varietieseym.com.uy\/wp-content\/uploads\/2024\/06\/1JwrglIMibHDQN_K9ZB36agpHI_6Nj-TQPATZzX5xjA-1-150x150.png",150,150,true],"medium":["https:\/\/varietieseym.com.uy\/wp-content\/uploads\/2024\/06\/1JwrglIMibHDQN_K9ZB36agpHI_6Nj-TQPATZzX5xjA-1-300x270.png",300,270,true],"medium_large":["https:\/\/varietieseym.com.uy\/wp-content\/uploads\/2024\/06\/1JwrglIMibHDQN_K9ZB36agpHI_6Nj-TQPATZzX5xjA-1.png",686,617,false],"large":["https:\/\/varietieseym.com.uy\/wp-content\/uploads\/2024\/06\/1JwrglIMibHDQN_K9ZB36agpHI_6Nj-TQPATZzX5xjA-1.png",686,617,false],"1536x1536":["https:\/\/varietieseym.com.uy\/wp-content\/uploads\/2024\/06\/1JwrglIMibHDQN_K9ZB36agpHI_6Nj-TQPATZzX5xjA-1.png",686,617,false],"2048x2048":["https:\/\/varietieseym.com.uy\/wp-content\/uploads\/2024\/06\/1JwrglIMibHDQN_K9ZB36agpHI_6Nj-TQPATZzX5xjA-1.png",686,617,false],"woocommerce_thumbnail":["https:\/\/varietieseym.com.uy\/wp-content\/uploads\/2024\/06\/1JwrglIMibHDQN_K9ZB36agpHI_6Nj-TQPATZzX5xjA-1-300x300.png",300,300,true],"woocommerce_single":["https:\/\/varietieseym.com.uy\/wp-content\/uploads\/2024\/06\/1JwrglIMibHDQN_K9ZB36agpHI_6Nj-TQPATZzX5xjA-1-600x540.png",600,540,true],"woocommerce_gallery_thumbnail":["https:\/\/varietieseym.com.uy\/wp-content\/uploads\/2024\/06\/1JwrglIMibHDQN_K9ZB36agpHI_6Nj-TQPATZzX5xjA-1-100x100.png",100,100,true]},"uagb_author_info":{"display_name":"SyF Home","author_link":"https:\/\/varietieseym.com.uy\/index.php\/author\/"},"uagb_comment_info":0,"uagb_excerpt":"YY Pesta\u00f1as de Nagaraku Volumen Brasile\u00f1o &#8211; ORIGINAL Caja Mix de Talles 0.07D Las pesta\u00f1as NAGARAKU son suaves, ligeras y impermeable, hechas de material PBT coreano, 100% hechas a mano. El negro mate se ve tan natural como tus pesta\u00f1as reales y lo mejor de todo es que no lastima tus ojos. DISPONIBLE EN CAJA&hellip;","_links":{"self":[{"href":"https:\/\/varietieseym.com.uy\/index.php\/wp-json\/wp\/v2\/product\/5880","targetHints":{"allow":["GET"]}}],"collection":[{"href":"https:\/\/varietieseym.com.uy\/index.php\/wp-json\/wp\/v2\/product"}],"about":[{"href":"https:\/\/varietieseym.com.uy\/index.php\/wp-json\/wp\/v2\/types\/product"}],"wp:featuredmedia":[{"embeddable":true,"href":"https:\/\/varietieseym.com.uy\/index.php\/wp-json\/wp\/v2\/media\/5895"}],"wp:attachment":[{"href":"https:\/\/varietieseym.com.uy\/index.php\/wp-json\/wp\/v2\/media?parent=5880"}],"wp:term":[{"taxonomy":"product_brand","embeddable":true,"href":"https:\/\/varietieseym.com.uy\/index.php\/wp-json\/wp\/v2\/product_brand?post=5880"},{"taxonomy":"product_cat","embeddable":true,"href":"https:\/\/varietieseym.com.uy\/index.php\/wp-json\/wp\/v2\/product_cat?post=5880"},{"taxonomy":"product_tag","embeddable":true,"href":"https:\/\/varietieseym.com.uy\/index.php\/wp-json\/wp\/v2\/product_tag?post=5880"}],"curies":[{"name":"wp","href":"https:\/\/api.w.org\/{rel}","templated":true}]}}