{"id":5902,"date":"2024-06-11T11:48:24","date_gmt":"2024-06-11T14:48:24","guid":{"rendered":"https:\/\/varietieseym.com.uy\/?post_type=product&#038;p=5902"},"modified":"2026-02-25T12:33:02","modified_gmt":"2026-02-25T15:33:02","slug":"lahs-lifting-2790","status":"publish","type":"product","link":"https:\/\/varietieseym.com.uy\/index.php\/producto\/lahs-lifting-2790\/","title":{"rendered":"Lahs Lifting &#8211; 2790"},"content":{"rendered":"<p>Kit Completo Para Permanente De Pesta\u00f1as O Lifting Lash Lift Iconsign para Lash Lift permite tener unas pesta\u00f1as rizadas con un efecto natural, sin el uso de pesta\u00f1as postizas ni alargadores. Para esas pesta\u00f1as medias o largas que pasan desapercibidas por no tener ning\u00fan rizo, ahora puedes tener unas pesta\u00f1as curvadas de forma natural con esta t\u00e9cnica de efecto duradero. C\u00f3mo usar: 1 &#8211; Utilizar la Loci\u00f3n Higienizante para eliminar la grasa, los restos de maquillaje y cualquier residuo de las pesta\u00f1as. 2 &#8211; Colocar los parches protectores en los p\u00e1rpados para proteger la piel. 3 &#8211; Colocar el Silicone Bob en el p\u00e1rpado superior. 4 &#8211; Aplicar el Pegamento a las pesta\u00f1as para mantenerlas pegadas a las Bobinas de Silicona. 5 &#8211; Cepilla tus pesta\u00f1as con el cepillo en forma de Y, luego c\u00fabrelas con las pesta\u00f1as durante 10 minutos. 6 &#8211; Aplicar la Loci\u00f3n Permanente en las pesta\u00f1as y cubrir durante otros 10 minutos. 7 &#8211; Aplicar la Loci\u00f3n Fijadora en las pesta\u00f1as y cubrir durante otros 10 minutos. 8 &#8211; Luego, utiliza la Loci\u00f3n Higienizante para eliminar cualquier residuo restante. 9 &#8211; Finalmente, Aplicar la Loci\u00f3n Nutritiva para reparar las pesta\u00f1as. El kit contiene: 1 pieza pegamento para levantar pesta\u00f1as 1un Loci\u00f3n permanente (#Perm) 1 pieza de loci\u00f3n fijadora (fijaci\u00f3n n.\u00b0 2) 1un Loci\u00f3n Hidratante (#3 Nutrici\u00f3n) 1 loci\u00f3n desinfectante (N\u00b04 Cleanser) 5 pares de almohadillas de silicona Esp\u00e1tula de 3 piezas para modelar y limpiar pesta\u00f1as en rizos<\/p>\n","protected":false},"excerpt":{"rendered":"<p>Kit Completo Para Permanente De Pesta\u00f1as O Lifting Lash Lift Iconsign para Lash Lift permite tener unas pesta\u00f1as rizadas con un efecto natural, sin el uso de pesta\u00f1as postizas ni alargadores. Para esas pesta\u00f1as medias o largas que pasan desapercibidas por no tener ning\u00fan rizo, ahora puedes tener unas pesta\u00f1as curvadas de forma natural con &hellip;<\/p>\n<p class=\"read-more\"> <a class=\"\" href=\"https:\/\/varietieseym.com.uy\/index.php\/producto\/lahs-lifting-2790\/\"> <span class=\"screen-reader-text\">Lahs Lifting &#8211; 2790<\/span> Leer m\u00e1s &raquo;<\/a><\/p>\n","protected":false},"featured_media":5885,"template":"","meta":{"_uag_custom_page_level_css":"","site-sidebar-layout":"default","site-content-layout":"","ast-site-content-layout":"default","site-content-style":"default","site-sidebar-style":"default","ast-global-header-display":"","ast-banner-title-visibility":"","ast-main-header-display":"","ast-hfb-above-header-display":"","ast-hfb-below-header-display":"","ast-hfb-mobile-header-display":"","site-post-title":"","ast-breadcrumbs-content":"","ast-featured-img":"","footer-sml-layout":"","theme-transparent-header-meta":"default","adv-header-id-meta":"","stick-header-meta":"","header-above-stick-meta":"","header-main-stick-meta":"","header-below-stick-meta":"","astra-migrate-meta-layouts":"set","_joinchat":[]},"product_brand":[],"product_cat":[255,147],"product_tag":[],"class_list":{"0":"post-5902","1":"product","2":"type-product","3":"status-publish","4":"has-post-thumbnail","6":"product_cat-pelo-a-pelo","7":"product_cat-pestanas","8":"desktop-align-center","9":"tablet-align-left","10":"mobile-align-left","12":"first","13":"outofstock","14":"shipping-taxable","15":"purchasable","16":"product-type-simple"},"uagb_featured_image_src":{"full":["https:\/\/varietieseym.com.uy\/wp-content\/uploads\/2024\/06\/1ubxJu4f6-BoMfFLgKTLee6T6DqaLV18T2ovCXaOQpA.jpg",1280,1280,false],"thumbnail":["https:\/\/varietieseym.com.uy\/wp-content\/uploads\/2024\/06\/1ubxJu4f6-BoMfFLgKTLee6T6DqaLV18T2ovCXaOQpA-150x150.jpg",150,150,true],"medium":["https:\/\/varietieseym.com.uy\/wp-content\/uploads\/2024\/06\/1ubxJu4f6-BoMfFLgKTLee6T6DqaLV18T2ovCXaOQpA-300x300.jpg",300,300,true],"medium_large":["https:\/\/varietieseym.com.uy\/wp-content\/uploads\/2024\/06\/1ubxJu4f6-BoMfFLgKTLee6T6DqaLV18T2ovCXaOQpA-768x768.jpg",768,768,true],"large":["https:\/\/varietieseym.com.uy\/wp-content\/uploads\/2024\/06\/1ubxJu4f6-BoMfFLgKTLee6T6DqaLV18T2ovCXaOQpA-1024x1024.jpg",1024,1024,true],"1536x1536":["https:\/\/varietieseym.com.uy\/wp-content\/uploads\/2024\/06\/1ubxJu4f6-BoMfFLgKTLee6T6DqaLV18T2ovCXaOQpA.jpg",1280,1280,false],"2048x2048":["https:\/\/varietieseym.com.uy\/wp-content\/uploads\/2024\/06\/1ubxJu4f6-BoMfFLgKTLee6T6DqaLV18T2ovCXaOQpA.jpg",1280,1280,false],"woocommerce_thumbnail":["https:\/\/varietieseym.com.uy\/wp-content\/uploads\/2024\/06\/1ubxJu4f6-BoMfFLgKTLee6T6DqaLV18T2ovCXaOQpA-300x300.jpg",300,300,true],"woocommerce_single":["https:\/\/varietieseym.com.uy\/wp-content\/uploads\/2024\/06\/1ubxJu4f6-BoMfFLgKTLee6T6DqaLV18T2ovCXaOQpA-600x600.jpg",600,600,true],"woocommerce_gallery_thumbnail":["https:\/\/varietieseym.com.uy\/wp-content\/uploads\/2024\/06\/1ubxJu4f6-BoMfFLgKTLee6T6DqaLV18T2ovCXaOQpA-100x100.jpg",100,100,true]},"uagb_author_info":{"display_name":"SyF Home","author_link":"https:\/\/varietieseym.com.uy\/index.php\/author\/"},"uagb_comment_info":0,"uagb_excerpt":"Kit Completo Para Permanente De Pesta\u00f1as O Lifting Lash Lift Iconsign para Lash Lift permite tener unas pesta\u00f1as rizadas con un efecto natural, sin el uso de pesta\u00f1as postizas ni alargadores. Para esas pesta\u00f1as medias o largas que pasan desapercibidas por no tener ning\u00fan rizo, ahora puedes tener unas pesta\u00f1as curvadas de forma natural con&hellip;","_links":{"self":[{"href":"https:\/\/varietieseym.com.uy\/index.php\/wp-json\/wp\/v2\/product\/5902","targetHints":{"allow":["GET"]}}],"collection":[{"href":"https:\/\/varietieseym.com.uy\/index.php\/wp-json\/wp\/v2\/product"}],"about":[{"href":"https:\/\/varietieseym.com.uy\/index.php\/wp-json\/wp\/v2\/types\/product"}],"wp:featuredmedia":[{"embeddable":true,"href":"https:\/\/varietieseym.com.uy\/index.php\/wp-json\/wp\/v2\/media\/5885"}],"wp:attachment":[{"href":"https:\/\/varietieseym.com.uy\/index.php\/wp-json\/wp\/v2\/media?parent=5902"}],"wp:term":[{"taxonomy":"product_brand","embeddable":true,"href":"https:\/\/varietieseym.com.uy\/index.php\/wp-json\/wp\/v2\/product_brand?post=5902"},{"taxonomy":"product_cat","embeddable":true,"href":"https:\/\/varietieseym.com.uy\/index.php\/wp-json\/wp\/v2\/product_cat?post=5902"},{"taxonomy":"product_tag","embeddable":true,"href":"https:\/\/varietieseym.com.uy\/index.php\/wp-json\/wp\/v2\/product_tag?post=5902"}],"curies":[{"name":"wp","href":"https:\/\/api.w.org\/{rel}","templated":true}]}}