{"id":5985,"date":"2024-06-12T16:02:50","date_gmt":"2024-06-12T19:02:50","guid":{"rendered":"https:\/\/varietieseym.com.uy\/?post_type=product&#038;p=5985"},"modified":"2025-06-10T11:28:48","modified_gmt":"2025-06-10T14:28:48","slug":"regulador-de-ph-sioux-3742","status":"publish","type":"product","link":"https:\/\/varietieseym.com.uy\/index.php\/producto\/regulador-de-ph-sioux-3742\/","title":{"rendered":"Regulador de PH Sioux &#8211; 3742"},"content":{"rendered":"<p>15 ml Es un producto que elimina el exceso de grasa en las u\u00f1as naturales, creando el nivel de Ph necesario para la \u00f3ptima adhesi\u00f3n del esmalte en las u\u00f1as, maximizando su durabilidad. Tambi\u00e9n es ideal para u\u00f1as esculpidas, eliminando restos de productos, proporcionando al gel o acr\u00edlico una superficie perfecta para el siguiente paso.<\/p>\n","protected":false},"excerpt":{"rendered":"<p>15 ml Es un producto que elimina el exceso de grasa en las u\u00f1as naturales, creando el nivel de Ph necesario para la \u00f3ptima adhesi\u00f3n del esmalte en las u\u00f1as, maximizando su durabilidad. Tambi\u00e9n es ideal para u\u00f1as esculpidas, eliminando restos de productos, proporcionando al gel o acr\u00edlico una superficie perfecta para el siguiente paso.<\/p>\n","protected":false},"featured_media":5979,"template":"","meta":{"_uag_custom_page_level_css":"","site-sidebar-layout":"default","site-content-layout":"","ast-site-content-layout":"default","site-content-style":"default","site-sidebar-style":"default","ast-global-header-display":"","ast-banner-title-visibility":"","ast-main-header-display":"","ast-hfb-above-header-display":"","ast-hfb-below-header-display":"","ast-hfb-mobile-header-display":"","site-post-title":"","ast-breadcrumbs-content":"","ast-featured-img":"","footer-sml-layout":"","theme-transparent-header-meta":"default","adv-header-id-meta":"","stick-header-meta":"","header-above-stick-meta":"","header-main-stick-meta":"","header-below-stick-meta":"","astra-migrate-meta-layouts":"set","_joinchat":[]},"product_brand":[],"product_cat":[197,131],"product_tag":[],"class_list":{"0":"post-5985","1":"product","2":"type-product","3":"status-publish","4":"has-post-thumbnail","6":"product_cat-preparadores","7":"product_cat-unas","8":"desktop-align-center","9":"tablet-align-left","10":"mobile-align-left","12":"first","13":"outofstock","14":"shipping-taxable","15":"purchasable","16":"product-type-simple"},"uagb_featured_image_src":{"full":["https:\/\/varietieseym.com.uy\/wp-content\/uploads\/2024\/06\/1DhKUwkdsxuHLGHgYyG5Pyg5QrRGsN30OUYN1MlkO4g.jpg",1024,1024,false],"thumbnail":["https:\/\/varietieseym.com.uy\/wp-content\/uploads\/2024\/06\/1DhKUwkdsxuHLGHgYyG5Pyg5QrRGsN30OUYN1MlkO4g-150x150.jpg",150,150,true],"medium":["https:\/\/varietieseym.com.uy\/wp-content\/uploads\/2024\/06\/1DhKUwkdsxuHLGHgYyG5Pyg5QrRGsN30OUYN1MlkO4g-300x300.jpg",300,300,true],"medium_large":["https:\/\/varietieseym.com.uy\/wp-content\/uploads\/2024\/06\/1DhKUwkdsxuHLGHgYyG5Pyg5QrRGsN30OUYN1MlkO4g-768x768.jpg",768,768,true],"large":["https:\/\/varietieseym.com.uy\/wp-content\/uploads\/2024\/06\/1DhKUwkdsxuHLGHgYyG5Pyg5QrRGsN30OUYN1MlkO4g.jpg",1024,1024,false],"1536x1536":["https:\/\/varietieseym.com.uy\/wp-content\/uploads\/2024\/06\/1DhKUwkdsxuHLGHgYyG5Pyg5QrRGsN30OUYN1MlkO4g.jpg",1024,1024,false],"2048x2048":["https:\/\/varietieseym.com.uy\/wp-content\/uploads\/2024\/06\/1DhKUwkdsxuHLGHgYyG5Pyg5QrRGsN30OUYN1MlkO4g.jpg",1024,1024,false],"woocommerce_thumbnail":["https:\/\/varietieseym.com.uy\/wp-content\/uploads\/2024\/06\/1DhKUwkdsxuHLGHgYyG5Pyg5QrRGsN30OUYN1MlkO4g-300x300.jpg",300,300,true],"woocommerce_single":["https:\/\/varietieseym.com.uy\/wp-content\/uploads\/2024\/06\/1DhKUwkdsxuHLGHgYyG5Pyg5QrRGsN30OUYN1MlkO4g-600x600.jpg",600,600,true],"woocommerce_gallery_thumbnail":["https:\/\/varietieseym.com.uy\/wp-content\/uploads\/2024\/06\/1DhKUwkdsxuHLGHgYyG5Pyg5QrRGsN30OUYN1MlkO4g-100x100.jpg",100,100,true]},"uagb_author_info":{"display_name":"SyF Home","author_link":"https:\/\/varietieseym.com.uy\/index.php\/author\/"},"uagb_comment_info":0,"uagb_excerpt":"15 ml Es un producto que elimina el exceso de grasa en las u\u00f1as naturales, creando el nivel de Ph necesario para la \u00f3ptima adhesi\u00f3n del esmalte en las u\u00f1as, maximizando su durabilidad. Tambi\u00e9n es ideal para u\u00f1as esculpidas, eliminando restos de productos, proporcionando al gel o acr\u00edlico una superficie perfecta para el siguiente paso.","_links":{"self":[{"href":"https:\/\/varietieseym.com.uy\/index.php\/wp-json\/wp\/v2\/product\/5985","targetHints":{"allow":["GET"]}}],"collection":[{"href":"https:\/\/varietieseym.com.uy\/index.php\/wp-json\/wp\/v2\/product"}],"about":[{"href":"https:\/\/varietieseym.com.uy\/index.php\/wp-json\/wp\/v2\/types\/product"}],"wp:featuredmedia":[{"embeddable":true,"href":"https:\/\/varietieseym.com.uy\/index.php\/wp-json\/wp\/v2\/media\/5979"}],"wp:attachment":[{"href":"https:\/\/varietieseym.com.uy\/index.php\/wp-json\/wp\/v2\/media?parent=5985"}],"wp:term":[{"taxonomy":"product_brand","embeddable":true,"href":"https:\/\/varietieseym.com.uy\/index.php\/wp-json\/wp\/v2\/product_brand?post=5985"},{"taxonomy":"product_cat","embeddable":true,"href":"https:\/\/varietieseym.com.uy\/index.php\/wp-json\/wp\/v2\/product_cat?post=5985"},{"taxonomy":"product_tag","embeddable":true,"href":"https:\/\/varietieseym.com.uy\/index.php\/wp-json\/wp\/v2\/product_tag?post=5985"}],"curies":[{"name":"wp","href":"https:\/\/api.w.org\/{rel}","templated":true}]}}