{"id":5986,"date":"2024-06-12T16:03:18","date_gmt":"2024-06-12T19:03:18","guid":{"rendered":"https:\/\/varietieseym.com.uy\/?post_type=product&#038;p=5986"},"modified":"2026-05-01T00:06:00","modified_gmt":"2026-05-01T03:06:00","slug":"primer-dz-3745","status":"publish","type":"product","link":"https:\/\/varietieseym.com.uy\/index.php\/producto\/primer-dz-3745\/","title":{"rendered":"Primer D&#038;Z &#8211; 3745"},"content":{"rendered":"<p>15 ml sin acido El\u00a0primer de u\u00f1as\u00a0tiene dos funciones principales.\u00a0 La primera es crear una peque\u00f1a cantidad de\u00a0aspereza en la placa de la u\u00f1a, lo que le da al esmalte o a las u\u00f1as artificiales algo a lo que adherirse.\u00a0 El segundo es formar\u00a0enlaces qu\u00edmicos entre la u\u00f1a natural y el esmalte o\u00a0acr\u00edlico.\u00a0Estos resultados significan que, cuando se aplica correctamente, el\u00a0primer\u00a0puede\u00a0evitar que el esmalte se astille o se borre\u00a0y evitar que las\u00a0u\u00f1as postizas se levanten prematuramente. El primer sin \u00e1cido\u00a0es el m\u00e1s utilizado. Tiene una f\u00f3rmula suave que ayuda mucho con la adhesi\u00f3n por lo que el esmalte dura mucho m\u00e1s tiempo.<\/p>\n","protected":false},"excerpt":{"rendered":"<p>15 ml sin acido El\u00a0primer de u\u00f1as\u00a0tiene dos funciones principales.\u00a0 La primera es crear una peque\u00f1a cantidad de\u00a0aspereza en la placa de la u\u00f1a, lo que le da al esmalte o a las u\u00f1as artificiales algo a lo que adherirse.\u00a0 El segundo es formar\u00a0enlaces qu\u00edmicos entre la u\u00f1a natural y el esmalte o\u00a0acr\u00edlico.\u00a0Estos resultados significan &hellip;<\/p>\n<p class=\"read-more\"> <a class=\"\" href=\"https:\/\/varietieseym.com.uy\/index.php\/producto\/primer-dz-3745\/\"> <span class=\"screen-reader-text\">Primer D&#038;Z &#8211; 3745<\/span> Leer m\u00e1s &raquo;<\/a><\/p>\n","protected":false},"featured_media":5978,"template":"","meta":{"_uag_custom_page_level_css":"","site-sidebar-layout":"default","site-content-layout":"","ast-site-content-layout":"default","site-content-style":"default","site-sidebar-style":"default","ast-global-header-display":"","ast-banner-title-visibility":"","ast-main-header-display":"","ast-hfb-above-header-display":"","ast-hfb-below-header-display":"","ast-hfb-mobile-header-display":"","site-post-title":"","ast-breadcrumbs-content":"","ast-featured-img":"","footer-sml-layout":"","theme-transparent-header-meta":"default","adv-header-id-meta":"","stick-header-meta":"","header-above-stick-meta":"","header-main-stick-meta":"","header-below-stick-meta":"","astra-migrate-meta-layouts":"set","_joinchat":[]},"product_brand":[],"product_cat":[197,131],"product_tag":[],"class_list":{"0":"post-5986","1":"product","2":"type-product","3":"status-publish","4":"has-post-thumbnail","6":"product_cat-preparadores","7":"product_cat-unas","8":"desktop-align-center","9":"tablet-align-left","10":"mobile-align-left","12":"first","13":"instock","14":"shipping-taxable","15":"purchasable","16":"product-type-simple"},"uagb_featured_image_src":{"full":["https:\/\/varietieseym.com.uy\/wp-content\/uploads\/2024\/06\/1XHK0UCa6EYwZHOLzcJbh3HswPhpzDYuJ5Iw6RFCfhQ.jpg",480,480,false],"thumbnail":["https:\/\/varietieseym.com.uy\/wp-content\/uploads\/2024\/06\/1XHK0UCa6EYwZHOLzcJbh3HswPhpzDYuJ5Iw6RFCfhQ-150x150.jpg",150,150,true],"medium":["https:\/\/varietieseym.com.uy\/wp-content\/uploads\/2024\/06\/1XHK0UCa6EYwZHOLzcJbh3HswPhpzDYuJ5Iw6RFCfhQ-300x300.jpg",300,300,true],"medium_large":["https:\/\/varietieseym.com.uy\/wp-content\/uploads\/2024\/06\/1XHK0UCa6EYwZHOLzcJbh3HswPhpzDYuJ5Iw6RFCfhQ.jpg",480,480,false],"large":["https:\/\/varietieseym.com.uy\/wp-content\/uploads\/2024\/06\/1XHK0UCa6EYwZHOLzcJbh3HswPhpzDYuJ5Iw6RFCfhQ.jpg",480,480,false],"1536x1536":["https:\/\/varietieseym.com.uy\/wp-content\/uploads\/2024\/06\/1XHK0UCa6EYwZHOLzcJbh3HswPhpzDYuJ5Iw6RFCfhQ.jpg",480,480,false],"2048x2048":["https:\/\/varietieseym.com.uy\/wp-content\/uploads\/2024\/06\/1XHK0UCa6EYwZHOLzcJbh3HswPhpzDYuJ5Iw6RFCfhQ.jpg",480,480,false],"woocommerce_thumbnail":["https:\/\/varietieseym.com.uy\/wp-content\/uploads\/2024\/06\/1XHK0UCa6EYwZHOLzcJbh3HswPhpzDYuJ5Iw6RFCfhQ-300x300.jpg",300,300,true],"woocommerce_single":["https:\/\/varietieseym.com.uy\/wp-content\/uploads\/2024\/06\/1XHK0UCa6EYwZHOLzcJbh3HswPhpzDYuJ5Iw6RFCfhQ.jpg",480,480,false],"woocommerce_gallery_thumbnail":["https:\/\/varietieseym.com.uy\/wp-content\/uploads\/2024\/06\/1XHK0UCa6EYwZHOLzcJbh3HswPhpzDYuJ5Iw6RFCfhQ-100x100.jpg",100,100,true]},"uagb_author_info":{"display_name":"SyF Home","author_link":"https:\/\/varietieseym.com.uy\/index.php\/author\/"},"uagb_comment_info":0,"uagb_excerpt":"15 ml sin acido El\u00a0primer de u\u00f1as\u00a0tiene dos funciones principales.\u00a0 La primera es crear una peque\u00f1a cantidad de\u00a0aspereza en la placa de la u\u00f1a, lo que le da al esmalte o a las u\u00f1as artificiales algo a lo que adherirse.\u00a0 El segundo es formar\u00a0enlaces qu\u00edmicos entre la u\u00f1a natural y el esmalte o\u00a0acr\u00edlico.\u00a0Estos resultados significan&hellip;","_links":{"self":[{"href":"https:\/\/varietieseym.com.uy\/index.php\/wp-json\/wp\/v2\/product\/5986","targetHints":{"allow":["GET"]}}],"collection":[{"href":"https:\/\/varietieseym.com.uy\/index.php\/wp-json\/wp\/v2\/product"}],"about":[{"href":"https:\/\/varietieseym.com.uy\/index.php\/wp-json\/wp\/v2\/types\/product"}],"wp:featuredmedia":[{"embeddable":true,"href":"https:\/\/varietieseym.com.uy\/index.php\/wp-json\/wp\/v2\/media\/5978"}],"wp:attachment":[{"href":"https:\/\/varietieseym.com.uy\/index.php\/wp-json\/wp\/v2\/media?parent=5986"}],"wp:term":[{"taxonomy":"product_brand","embeddable":true,"href":"https:\/\/varietieseym.com.uy\/index.php\/wp-json\/wp\/v2\/product_brand?post=5986"},{"taxonomy":"product_cat","embeddable":true,"href":"https:\/\/varietieseym.com.uy\/index.php\/wp-json\/wp\/v2\/product_cat?post=5986"},{"taxonomy":"product_tag","embeddable":true,"href":"https:\/\/varietieseym.com.uy\/index.php\/wp-json\/wp\/v2\/product_tag?post=5986"}],"curies":[{"name":"wp","href":"https:\/\/api.w.org\/{rel}","templated":true}]}}