{"id":6019,"date":"2024-06-13T15:06:03","date_gmt":"2024-06-13T18:06:03","guid":{"rendered":"https:\/\/varietieseym.com.uy\/?post_type=product&#038;p=6019"},"modified":"2024-06-13T15:16:13","modified_gmt":"2024-06-13T18:16:13","slug":"kit-completo-matizador-para-cabellos-rubios-y-grises-1019","status":"publish","type":"product","link":"https:\/\/varietieseym.com.uy\/index.php\/producto\/kit-completo-matizador-para-cabellos-rubios-y-grises-1019\/","title":{"rendered":"Kit completo matizador para cabellos rubios y  grises &#8211; 1019"},"content":{"rendered":"<p>s ideal para neutralizar los tonos amarillentos e iluminar el tono platino de los cabellos rubios naturales o decolorados y tambi\u00e9n de las canas. Su F\u00f3rmula cuenta con pigmentos violetas que act\u00faan desamarillando el cabello, as\u00ed como ingredientes activos que ayudan con la hidrataci\u00f3n y brindan acondicionamiento y peinabilidad en condiciones h\u00famedas y secas.<\/p>\n","protected":false},"excerpt":{"rendered":"<p>s ideal para neutralizar los tonos amarillentos e iluminar el tono platino de los cabellos rubios naturales o decolorados y tambi\u00e9n de las canas. Su F\u00f3rmula cuenta con pigmentos violetas que act\u00faan desamarillando el cabello, as\u00ed como ingredientes activos que ayudan con la hidrataci\u00f3n y brindan acondicionamiento y peinabilidad en condiciones h\u00famedas y secas.<\/p>\n","protected":false},"featured_media":6020,"template":"","meta":{"_uag_custom_page_level_css":"","site-sidebar-layout":"default","site-content-layout":"","ast-site-content-layout":"default","site-content-style":"default","site-sidebar-style":"default","ast-global-header-display":"","ast-banner-title-visibility":"","ast-main-header-display":"","ast-hfb-above-header-display":"","ast-hfb-below-header-display":"","ast-hfb-mobile-header-display":"","site-post-title":"","ast-breadcrumbs-content":"","ast-featured-img":"","footer-sml-layout":"","theme-transparent-header-meta":"default","adv-header-id-meta":"","stick-header-meta":"","header-above-stick-meta":"","header-main-stick-meta":"","header-below-stick-meta":"","astra-migrate-meta-layouts":"set","_joinchat":[]},"product_brand":[],"product_cat":[242,143],"product_tag":[],"class_list":{"0":"post-6019","1":"product","2":"type-product","3":"status-publish","4":"has-post-thumbnail","6":"product_cat-tratamientos-capilares","7":"product_cat-cabello","8":"desktop-align-center","9":"tablet-align-left","10":"mobile-align-left","12":"first","13":"instock","14":"sale","15":"shipping-taxable","16":"purchasable","17":"product-type-simple"},"uagb_featured_image_src":{"full":["https:\/\/varietieseym.com.uy\/wp-content\/uploads\/2024\/06\/10Cxt-Jk6YGCsoLa5SsLKLMKgYLP7tlxSK4cfJu3I2g-1.jpg",852,852,false],"thumbnail":["https:\/\/varietieseym.com.uy\/wp-content\/uploads\/2024\/06\/10Cxt-Jk6YGCsoLa5SsLKLMKgYLP7tlxSK4cfJu3I2g-1-150x150.jpg",150,150,true],"medium":["https:\/\/varietieseym.com.uy\/wp-content\/uploads\/2024\/06\/10Cxt-Jk6YGCsoLa5SsLKLMKgYLP7tlxSK4cfJu3I2g-1-300x300.jpg",300,300,true],"medium_large":["https:\/\/varietieseym.com.uy\/wp-content\/uploads\/2024\/06\/10Cxt-Jk6YGCsoLa5SsLKLMKgYLP7tlxSK4cfJu3I2g-1-768x768.jpg",768,768,true],"large":["https:\/\/varietieseym.com.uy\/wp-content\/uploads\/2024\/06\/10Cxt-Jk6YGCsoLa5SsLKLMKgYLP7tlxSK4cfJu3I2g-1.jpg",852,852,false],"1536x1536":["https:\/\/varietieseym.com.uy\/wp-content\/uploads\/2024\/06\/10Cxt-Jk6YGCsoLa5SsLKLMKgYLP7tlxSK4cfJu3I2g-1.jpg",852,852,false],"2048x2048":["https:\/\/varietieseym.com.uy\/wp-content\/uploads\/2024\/06\/10Cxt-Jk6YGCsoLa5SsLKLMKgYLP7tlxSK4cfJu3I2g-1.jpg",852,852,false],"woocommerce_thumbnail":["https:\/\/varietieseym.com.uy\/wp-content\/uploads\/2024\/06\/10Cxt-Jk6YGCsoLa5SsLKLMKgYLP7tlxSK4cfJu3I2g-1-300x300.jpg",300,300,true],"woocommerce_single":["https:\/\/varietieseym.com.uy\/wp-content\/uploads\/2024\/06\/10Cxt-Jk6YGCsoLa5SsLKLMKgYLP7tlxSK4cfJu3I2g-1-600x600.jpg",600,600,true],"woocommerce_gallery_thumbnail":["https:\/\/varietieseym.com.uy\/wp-content\/uploads\/2024\/06\/10Cxt-Jk6YGCsoLa5SsLKLMKgYLP7tlxSK4cfJu3I2g-1-100x100.jpg",100,100,true]},"uagb_author_info":{"display_name":"SyF Home","author_link":"https:\/\/varietieseym.com.uy\/index.php\/author\/"},"uagb_comment_info":0,"uagb_excerpt":"s ideal para neutralizar los tonos amarillentos e iluminar el tono platino de los cabellos rubios naturales o decolorados y tambi\u00e9n de las canas. Su F\u00f3rmula cuenta con pigmentos violetas que act\u00faan desamarillando el cabello, as\u00ed como ingredientes activos que ayudan con la hidrataci\u00f3n y brindan acondicionamiento y peinabilidad en condiciones h\u00famedas y secas.","_links":{"self":[{"href":"https:\/\/varietieseym.com.uy\/index.php\/wp-json\/wp\/v2\/product\/6019","targetHints":{"allow":["GET"]}}],"collection":[{"href":"https:\/\/varietieseym.com.uy\/index.php\/wp-json\/wp\/v2\/product"}],"about":[{"href":"https:\/\/varietieseym.com.uy\/index.php\/wp-json\/wp\/v2\/types\/product"}],"wp:featuredmedia":[{"embeddable":true,"href":"https:\/\/varietieseym.com.uy\/index.php\/wp-json\/wp\/v2\/media\/6020"}],"wp:attachment":[{"href":"https:\/\/varietieseym.com.uy\/index.php\/wp-json\/wp\/v2\/media?parent=6019"}],"wp:term":[{"taxonomy":"product_brand","embeddable":true,"href":"https:\/\/varietieseym.com.uy\/index.php\/wp-json\/wp\/v2\/product_brand?post=6019"},{"taxonomy":"product_cat","embeddable":true,"href":"https:\/\/varietieseym.com.uy\/index.php\/wp-json\/wp\/v2\/product_cat?post=6019"},{"taxonomy":"product_tag","embeddable":true,"href":"https:\/\/varietieseym.com.uy\/index.php\/wp-json\/wp\/v2\/product_tag?post=6019"}],"curies":[{"name":"wp","href":"https:\/\/api.w.org\/{rel}","templated":true}]}}