{"id":6024,"date":"2024-06-13T15:08:14","date_gmt":"2024-06-13T18:08:14","guid":{"rendered":"https:\/\/varietieseym.com.uy\/?post_type=product&#038;p=6024"},"modified":"2025-12-26T20:28:30","modified_gmt":"2025-12-26T23:28:30","slug":"oleo-reparador-de-rosa-mosqueta-1028","status":"publish","type":"product","link":"https:\/\/varietieseym.com.uy\/index.php\/producto\/oleo-reparador-de-rosa-mosqueta-1028\/","title":{"rendered":"Oleo reparador de Puntas rosa mosqueta &#8211; 1028"},"content":{"rendered":"<p>Abrace el poder curativo y la delicadeza del\u00a0<a href=\"https:\/\/begoniacosmeticos.com.br\/blog\/blog-begonissima\/oleo-reparador-com-argan\/\">aceite reparador<\/a>\u00a0de rosa mosqueta de Begonia .\u00a0Este aceite est\u00e1 especialmente formulado para aportar una hidrataci\u00f3n intensa y duradera, fortaleciendo y revitalizando el cabello desde las puntas. Con lujoso\u00a0<a href=\"https:\/\/begoniacosmeticos.com.br\/blog\/rapidinhas-da-be\/oleo-de-rosa-mosqueta-o-poder-natural-no-tratamento-de-cicatrizes\/\">aceite de rosa mosqueta<\/a>\u00a0, conocido por sus propiedades reparadoras y antioxidantes, act\u00faa como un tratamiento eficaz para cabellos que buscan un brillo radiante, un tacto suave y un acabado sedoso. Ideal para todo tipo de cabello, el aceite reparador de rosa mosqueta ayuda a reducir el frizz, promueve una textura m\u00e1s suave y protege el cabello contra la sequedad, especialmente en las \u00e1reas m\u00e1s da\u00f1adas.<\/p>\n<p><strong>Beneficios del aceite de rosa mosqueta para el cabello:<\/strong><\/p>\n<ol class=\"wp-block-list\">\n<li><strong><a href=\"https:\/\/begoniacosmeticos.com.br\/blog\/dicas\/hidratacao-profunda-para-cabelos-ressecados-passo-a-passo\/\">Hidrataci\u00f3n Profunda<\/a>\u00a0:<\/strong>\u00a0Penetra en las capas del cabello para hidratar y suavizar las hebras.<\/li>\n<li><strong>Brillo Natural:<\/strong>\u00a0Aumenta el brillo natural del cabello, aportando un aspecto sano y luminoso.<\/li>\n<li><strong>Reducci\u00f3n del Frizz y Reparaci\u00f3n de Puntas Abiertas:<\/strong>\u00a0Controla el frizz y ayuda a prevenir las puntas abiertas, manteniendo el cabello alineado.<\/li>\n<li><strong>Aroma Delicado:<\/strong>\u00a0La envolvente fragancia del aceite de rosa mosqueta deja el cabello con un aroma suave y agradable.<\/li>\n<\/ol>\n","protected":false},"excerpt":{"rendered":"<p>Abrace el poder curativo y la delicadeza del\u00a0aceite reparador\u00a0de rosa mosqueta de Begonia .\u00a0Este aceite est\u00e1 especialmente formulado para aportar una hidrataci\u00f3n intensa y duradera, fortaleciendo y revitalizando el cabello desde las puntas. Con lujoso\u00a0aceite de rosa mosqueta\u00a0, conocido por sus propiedades reparadoras y antioxidantes, act\u00faa como un tratamiento eficaz para cabellos que buscan un &hellip;<\/p>\n<p class=\"read-more\"> <a class=\"\" href=\"https:\/\/varietieseym.com.uy\/index.php\/producto\/oleo-reparador-de-rosa-mosqueta-1028\/\"> <span class=\"screen-reader-text\">Oleo reparador de Puntas rosa mosqueta &#8211; 1028<\/span> Leer m\u00e1s &raquo;<\/a><\/p>\n","protected":false},"featured_media":6025,"template":"","meta":{"_uag_custom_page_level_css":"","site-sidebar-layout":"default","site-content-layout":"","ast-site-content-layout":"default","site-content-style":"default","site-sidebar-style":"default","ast-global-header-display":"","ast-banner-title-visibility":"","ast-main-header-display":"","ast-hfb-above-header-display":"","ast-hfb-below-header-display":"","ast-hfb-mobile-header-display":"","site-post-title":"","ast-breadcrumbs-content":"","ast-featured-img":"","footer-sml-layout":"","theme-transparent-header-meta":"default","adv-header-id-meta":"","stick-header-meta":"","header-above-stick-meta":"","header-main-stick-meta":"","header-below-stick-meta":"","astra-migrate-meta-layouts":"set","_joinchat":[]},"product_brand":[],"product_cat":[244,143],"product_tag":[],"class_list":{"0":"post-6024","1":"product","2":"type-product","3":"status-publish","4":"has-post-thumbnail","6":"product_cat-oleos","7":"product_cat-cabello","8":"desktop-align-center","9":"tablet-align-left","10":"mobile-align-left","12":"first","13":"outofstock","14":"shipping-taxable","15":"purchasable","16":"product-type-simple"},"uagb_featured_image_src":{"full":["https:\/\/varietieseym.com.uy\/wp-content\/uploads\/2024\/06\/1i17paWtoNiQN8qQSmURkPqMgurFxw1n5NpNh8YtRtA-1.png",597,612,false],"thumbnail":["https:\/\/varietieseym.com.uy\/wp-content\/uploads\/2024\/06\/1i17paWtoNiQN8qQSmURkPqMgurFxw1n5NpNh8YtRtA-1-150x150.png",150,150,true],"medium":["https:\/\/varietieseym.com.uy\/wp-content\/uploads\/2024\/06\/1i17paWtoNiQN8qQSmURkPqMgurFxw1n5NpNh8YtRtA-1-293x300.png",293,300,true],"medium_large":["https:\/\/varietieseym.com.uy\/wp-content\/uploads\/2024\/06\/1i17paWtoNiQN8qQSmURkPqMgurFxw1n5NpNh8YtRtA-1.png",597,612,false],"large":["https:\/\/varietieseym.com.uy\/wp-content\/uploads\/2024\/06\/1i17paWtoNiQN8qQSmURkPqMgurFxw1n5NpNh8YtRtA-1.png",597,612,false],"1536x1536":["https:\/\/varietieseym.com.uy\/wp-content\/uploads\/2024\/06\/1i17paWtoNiQN8qQSmURkPqMgurFxw1n5NpNh8YtRtA-1.png",597,612,false],"2048x2048":["https:\/\/varietieseym.com.uy\/wp-content\/uploads\/2024\/06\/1i17paWtoNiQN8qQSmURkPqMgurFxw1n5NpNh8YtRtA-1.png",597,612,false],"woocommerce_thumbnail":["https:\/\/varietieseym.com.uy\/wp-content\/uploads\/2024\/06\/1i17paWtoNiQN8qQSmURkPqMgurFxw1n5NpNh8YtRtA-1-300x300.png",300,300,true],"woocommerce_single":["https:\/\/varietieseym.com.uy\/wp-content\/uploads\/2024\/06\/1i17paWtoNiQN8qQSmURkPqMgurFxw1n5NpNh8YtRtA-1.png",597,612,false],"woocommerce_gallery_thumbnail":["https:\/\/varietieseym.com.uy\/wp-content\/uploads\/2024\/06\/1i17paWtoNiQN8qQSmURkPqMgurFxw1n5NpNh8YtRtA-1-100x100.png",100,100,true]},"uagb_author_info":{"display_name":"SyF Home","author_link":"https:\/\/varietieseym.com.uy\/index.php\/author\/"},"uagb_comment_info":0,"uagb_excerpt":"Abrace el poder curativo y la delicadeza del\u00a0aceite reparador\u00a0de rosa mosqueta de Begonia .\u00a0Este aceite est\u00e1 especialmente formulado para aportar una hidrataci\u00f3n intensa y duradera, fortaleciendo y revitalizando el cabello desde las puntas. Con lujoso\u00a0aceite de rosa mosqueta\u00a0, conocido por sus propiedades reparadoras y antioxidantes, act\u00faa como un tratamiento eficaz para cabellos que buscan un&hellip;","_links":{"self":[{"href":"https:\/\/varietieseym.com.uy\/index.php\/wp-json\/wp\/v2\/product\/6024","targetHints":{"allow":["GET"]}}],"collection":[{"href":"https:\/\/varietieseym.com.uy\/index.php\/wp-json\/wp\/v2\/product"}],"about":[{"href":"https:\/\/varietieseym.com.uy\/index.php\/wp-json\/wp\/v2\/types\/product"}],"wp:featuredmedia":[{"embeddable":true,"href":"https:\/\/varietieseym.com.uy\/index.php\/wp-json\/wp\/v2\/media\/6025"}],"wp:attachment":[{"href":"https:\/\/varietieseym.com.uy\/index.php\/wp-json\/wp\/v2\/media?parent=6024"}],"wp:term":[{"taxonomy":"product_brand","embeddable":true,"href":"https:\/\/varietieseym.com.uy\/index.php\/wp-json\/wp\/v2\/product_brand?post=6024"},{"taxonomy":"product_cat","embeddable":true,"href":"https:\/\/varietieseym.com.uy\/index.php\/wp-json\/wp\/v2\/product_cat?post=6024"},{"taxonomy":"product_tag","embeddable":true,"href":"https:\/\/varietieseym.com.uy\/index.php\/wp-json\/wp\/v2\/product_tag?post=6024"}],"curies":[{"name":"wp","href":"https:\/\/api.w.org\/{rel}","templated":true}]}}