{"id":6027,"date":"2024-06-13T15:09:57","date_gmt":"2024-06-13T18:09:57","guid":{"rendered":"https:\/\/varietieseym.com.uy\/?post_type=product&#038;p=6027"},"modified":"2025-03-16T14:01:22","modified_gmt":"2025-03-16T17:01:22","slug":"oleo-reparador-de-puntas-argan-1029","status":"publish","type":"product","link":"https:\/\/varietieseym.com.uy\/index.php\/producto\/oleo-reparador-de-puntas-argan-1029\/","title":{"rendered":"Oleo reparador de puntas Argan &#8211; 1029"},"content":{"rendered":"<p>Descubre la magia de nuestro Aceite Reparador enriquecido con el potente Aceite de Arg\u00e1n, la joya de oro de Marruecos. Una experiencia lujosa y eficaz para revitalizar tu cabello, aportando hidrataci\u00f3n profunda, brillo radiante y reparaci\u00f3n intensiva.<\/p>\n<p>Descubre el secreto para unas puntas sanas y un cabello radiante con nuestro Repair enriquecido con potente Aceite de Ricino. Una soluci\u00f3n \u00fanica para revitalizar tus puntas, aportando brillo, fuerza y \u200b\u200bvitalidad.<\/p>\n<p>Este aceite capilar est\u00e1 especialmente formulado para hidratar, nutrir y restaurar el cabello seco y da\u00f1ado, aprovechando lo mejor del\u00a0<a href=\"https:\/\/begoniacosmeticos.com.br\/blog\/rapidinhas-da-be\/oleo-de-argan-o-segredo-do-ouro-liquido-para-seus-cabelos\/\">aceite de arg\u00e1n<\/a>\u00a0, conocido como el \u201coro l\u00edquido\u201d de Marruecos. Aporta\u00a0<a href=\"https:\/\/begoniacosmeticos.com.br\/blog\/dicas\/hidratacao-profunda-para-cabelos-ressecados-passo-a-passo\/\">una hidrataci\u00f3n profunda<\/a>\u00a0, asegurando un brillo radiante y sedosidad, adem\u00e1s de reducir el encrespamiento y mejorar la textura del cabello.<\/p>\n<p>Ideal para quienes desean un cabello con un aspecto sano, brillante y sin exceso de peso, el Aceite Reparador de Arg\u00e1n act\u00faa intensamente en las zonas m\u00e1s da\u00f1adas, especialmente en las puntas, restaurando la estructura del cabello y devolvi\u00e9ndole la vitalidad perdida. El aceite de arg\u00e1n es rico en \u00e1cidos grasos esenciales, antioxidantes y\u00a0<a href=\"https:\/\/begoniacosmeticos.com.br\/blog\/rapidinhas-da-be\/vitamina-e-sintetica-beneficios-e-cuidados-para-a-pele\/\">vitamina E<\/a>\u00a0, que ayuda a proteger el cabello contra los da\u00f1os ambientales y los procesos qu\u00edmicos, fortaleci\u00e9ndolo a largo plazo.<\/p>\n<p><strong>Modo de Uso:<\/strong><br \/>\nCon el cabello seco, aplicar una cantidad adecuada de Aceite Reparador de Arg\u00e1n en las palmas de las manos, distribuir uniformemente y aplicar en las puntas del cabello, concentrando la aplicaci\u00f3n donde se produce mayor sequedad y da\u00f1o. Evite aplicarlo en la ra\u00edz para evitar apelmazar el cabello. El producto no requiere aclarado y puede utilizarse a diario para un acabado impecable y nutritivo.<\/p>\n<p><strong>Beneficios del aceite de arg\u00e1n para el cabello:<\/strong><\/p>\n<ol class=\"wp-block-list\">\n<li><strong>Hidrataci\u00f3n Profunda:<\/strong>\u00a0Repara e hidrata el cabello profundamente, dejando el cabello m\u00e1s suave y manejable.<\/li>\n<li><strong>Brillo Intenso:<\/strong>\u00a0Proporciona un brillo radiante y duradero que deja el cabello con un aspecto saludable y hermoso.<\/li>\n<li><strong>Protecci\u00f3n y Fortalecimiento:<\/strong>\u00a0Fortalece el cabello, protege contra el calor y los da\u00f1os ambientales y reduce el frizz.<\/li>\n<li><strong>Reducci\u00f3n del Frizz y Puntas Abiertas:<\/strong>\u00a0Suaviza la textura del cabello, controla el encrespamiento y previene la aparici\u00f3n de puntas abiertas.<\/li>\n<\/ol>\n","protected":false},"excerpt":{"rendered":"<p>Descubre la magia de nuestro Aceite Reparador enriquecido con el potente Aceite de Arg\u00e1n, la joya de oro de Marruecos. Una experiencia lujosa y eficaz para revitalizar tu cabello, aportando hidrataci\u00f3n profunda, brillo radiante y reparaci\u00f3n intensiva. Descubre el secreto para unas puntas sanas y un cabello radiante con nuestro Repair enriquecido con potente Aceite &hellip;<\/p>\n<p class=\"read-more\"> <a class=\"\" href=\"https:\/\/varietieseym.com.uy\/index.php\/producto\/oleo-reparador-de-puntas-argan-1029\/\"> <span class=\"screen-reader-text\">Oleo reparador de puntas Argan &#8211; 1029<\/span> Leer m\u00e1s &raquo;<\/a><\/p>\n","protected":false},"featured_media":6028,"template":"","meta":{"_uag_custom_page_level_css":"","site-sidebar-layout":"default","site-content-layout":"","ast-site-content-layout":"default","site-content-style":"default","site-sidebar-style":"default","ast-global-header-display":"","ast-banner-title-visibility":"","ast-main-header-display":"","ast-hfb-above-header-display":"","ast-hfb-below-header-display":"","ast-hfb-mobile-header-display":"","site-post-title":"","ast-breadcrumbs-content":"","ast-featured-img":"","footer-sml-layout":"","theme-transparent-header-meta":"default","adv-header-id-meta":"","stick-header-meta":"","header-above-stick-meta":"","header-main-stick-meta":"","header-below-stick-meta":"","astra-migrate-meta-layouts":"set","_joinchat":[]},"product_brand":[],"product_cat":[244,143],"product_tag":[],"class_list":{"0":"post-6027","1":"product","2":"type-product","3":"status-publish","4":"has-post-thumbnail","6":"product_cat-oleos","7":"product_cat-cabello","8":"desktop-align-center","9":"tablet-align-left","10":"mobile-align-left","12":"first","13":"outofstock","14":"shipping-taxable","15":"purchasable","16":"product-type-simple"},"uagb_featured_image_src":{"full":["https:\/\/varietieseym.com.uy\/wp-content\/uploads\/2024\/06\/14Ez65A-r6Z9xyDCwxBzxBLAxLQxdXkbYPvWIZMc0dQ-1.png",598,620,false],"thumbnail":["https:\/\/varietieseym.com.uy\/wp-content\/uploads\/2024\/06\/14Ez65A-r6Z9xyDCwxBzxBLAxLQxdXkbYPvWIZMc0dQ-1-150x150.png",150,150,true],"medium":["https:\/\/varietieseym.com.uy\/wp-content\/uploads\/2024\/06\/14Ez65A-r6Z9xyDCwxBzxBLAxLQxdXkbYPvWIZMc0dQ-1-289x300.png",289,300,true],"medium_large":["https:\/\/varietieseym.com.uy\/wp-content\/uploads\/2024\/06\/14Ez65A-r6Z9xyDCwxBzxBLAxLQxdXkbYPvWIZMc0dQ-1.png",598,620,false],"large":["https:\/\/varietieseym.com.uy\/wp-content\/uploads\/2024\/06\/14Ez65A-r6Z9xyDCwxBzxBLAxLQxdXkbYPvWIZMc0dQ-1.png",598,620,false],"1536x1536":["https:\/\/varietieseym.com.uy\/wp-content\/uploads\/2024\/06\/14Ez65A-r6Z9xyDCwxBzxBLAxLQxdXkbYPvWIZMc0dQ-1.png",598,620,false],"2048x2048":["https:\/\/varietieseym.com.uy\/wp-content\/uploads\/2024\/06\/14Ez65A-r6Z9xyDCwxBzxBLAxLQxdXkbYPvWIZMc0dQ-1.png",598,620,false],"woocommerce_thumbnail":["https:\/\/varietieseym.com.uy\/wp-content\/uploads\/2024\/06\/14Ez65A-r6Z9xyDCwxBzxBLAxLQxdXkbYPvWIZMc0dQ-1-300x300.png",300,300,true],"woocommerce_single":["https:\/\/varietieseym.com.uy\/wp-content\/uploads\/2024\/06\/14Ez65A-r6Z9xyDCwxBzxBLAxLQxdXkbYPvWIZMc0dQ-1.png",598,620,false],"woocommerce_gallery_thumbnail":["https:\/\/varietieseym.com.uy\/wp-content\/uploads\/2024\/06\/14Ez65A-r6Z9xyDCwxBzxBLAxLQxdXkbYPvWIZMc0dQ-1-100x100.png",100,100,true]},"uagb_author_info":{"display_name":"SyF Home","author_link":"https:\/\/varietieseym.com.uy\/index.php\/author\/"},"uagb_comment_info":0,"uagb_excerpt":"Descubre la magia de nuestro Aceite Reparador enriquecido con el potente Aceite de Arg\u00e1n, la joya de oro de Marruecos. Una experiencia lujosa y eficaz para revitalizar tu cabello, aportando hidrataci\u00f3n profunda, brillo radiante y reparaci\u00f3n intensiva. Descubre el secreto para unas puntas sanas y un cabello radiante con nuestro Repair enriquecido con potente Aceite&hellip;","_links":{"self":[{"href":"https:\/\/varietieseym.com.uy\/index.php\/wp-json\/wp\/v2\/product\/6027","targetHints":{"allow":["GET"]}}],"collection":[{"href":"https:\/\/varietieseym.com.uy\/index.php\/wp-json\/wp\/v2\/product"}],"about":[{"href":"https:\/\/varietieseym.com.uy\/index.php\/wp-json\/wp\/v2\/types\/product"}],"wp:featuredmedia":[{"embeddable":true,"href":"https:\/\/varietieseym.com.uy\/index.php\/wp-json\/wp\/v2\/media\/6028"}],"wp:attachment":[{"href":"https:\/\/varietieseym.com.uy\/index.php\/wp-json\/wp\/v2\/media?parent=6027"}],"wp:term":[{"taxonomy":"product_brand","embeddable":true,"href":"https:\/\/varietieseym.com.uy\/index.php\/wp-json\/wp\/v2\/product_brand?post=6027"},{"taxonomy":"product_cat","embeddable":true,"href":"https:\/\/varietieseym.com.uy\/index.php\/wp-json\/wp\/v2\/product_cat?post=6027"},{"taxonomy":"product_tag","embeddable":true,"href":"https:\/\/varietieseym.com.uy\/index.php\/wp-json\/wp\/v2\/product_tag?post=6027"}],"curies":[{"name":"wp","href":"https:\/\/api.w.org\/{rel}","templated":true}]}}