{"id":6031,"date":"2024-06-13T15:12:02","date_gmt":"2024-06-13T18:12:02","guid":{"rendered":"https:\/\/varietieseym.com.uy\/?post_type=product&#038;p=6031"},"modified":"2026-04-09T15:24:14","modified_gmt":"2026-04-09T18:24:14","slug":"oleo-reparador-de-puntas-ricino-1031","status":"publish","type":"product","link":"https:\/\/varietieseym.com.uy\/index.php\/producto\/oleo-reparador-de-puntas-ricino-1031\/","title":{"rendered":"Oleo reparador de puntas Ricino &#8211; 1031"},"content":{"rendered":"<p><a href=\"https:\/\/begoniacosmeticos.com.br\/blog\/blog-begonissima\/oleo-reparador-com-argan\/\">Begonia Castor Repair Oil<\/a>\u00a0es\u00a0la elecci\u00f3n perfecta para darle a tu cabello un cuidado especial, enriquecido con el poder del aceite de ricino. Desarrollado para puntas da\u00f1adas y\u00a0<a href=\"https:\/\/begoniacosmeticos.com.br\/blog\/dicas\/hidratacao-profunda-para-cabelos-ressecados-passo-a-passo\/\">cabello seco<\/a>\u00a0, este aceite capilar intensifica el brillo natural y aporta una dosis extra de nutrici\u00f3n y vitalidad, revitalizando y fortaleciendo la fibra capilar desde la primera aplicaci\u00f3n. El aceite de ricino, conocido por sus propiedades regeneradoras e hidratantes, ayuda a reducir el encrespamiento, fortalece y protege el cabello, dej\u00e1ndolo m\u00e1s sano y brillante.<\/p>\n<p>Este aceite es ideal para quienes buscan un tratamiento intensivo para combatir las puntas secas, ayudando a reparar las zonas da\u00f1adas y promoviendo un acabado ligero, sin dejar el cabello apelmazado. El Aceite Reparador de Ricino tambi\u00e9n es excelente para sellar las cut\u00edculas del cabello, proteger contra las agresiones externas y contribuir a que el cabello sea m\u00e1s fuerte y resistente con el tiempo.<\/p>\n<p><strong>C\u00f3mo utilizar:<\/strong><br \/>\nPara obtener resultados ideales, aplique Aceite Reparador de Ricino sobre el cabello seco, centr\u00e1ndose en las puntas. Coloca una peque\u00f1a cantidad en tus manos, calienta ligeramente el producto y distrib\u00fayelo suavemente hasta las puntas de tu cabello, donde generalmente se produce la mayor sequedad y da\u00f1o. Evite aplicarlo en la ra\u00edz para evitar apelmazar el cabello. Util\u00edzalo diariamente para un acabado duradero e intensifica la nutrici\u00f3n entre lavados.<\/p>\n<p><strong>Beneficios adicionales del aceite de ricino para el cabello:<\/strong><\/p>\n<ol class=\"wp-block-list\">\n<li><strong>Nutrici\u00f3n Profunda:<\/strong>\u00a0El aceite de ricino nutre y repara intensamente, ideal para cabellos tratados qu\u00edmicamente y puntas da\u00f1adas.<\/li>\n<li><strong>Brillo duradero:<\/strong>\u00a0Mejora el brillo y la apariencia saludable del cabello, manteniendo las hebras radiantes.<\/li>\n<li><strong>Fortalecimiento de las Puntas:<\/strong>\u00a0Reduce la rotura y previene la formaci\u00f3n de puntas abiertas, fortaleciendo el cabello.<\/li>\n<li><strong>Frizz Control:<\/strong>\u00a0Proporciona control del frizz, ayudando a mantener el cabello alineado y suave durante todo el d\u00eda.<\/li>\n<\/ol>\n","protected":false},"excerpt":{"rendered":"<p>Begonia Castor Repair Oil\u00a0es\u00a0la elecci\u00f3n perfecta para darle a tu cabello un cuidado especial, enriquecido con el poder del aceite de ricino. Desarrollado para puntas da\u00f1adas y\u00a0cabello seco\u00a0, este aceite capilar intensifica el brillo natural y aporta una dosis extra de nutrici\u00f3n y vitalidad, revitalizando y fortaleciendo la fibra capilar desde la primera aplicaci\u00f3n. El &hellip;<\/p>\n<p class=\"read-more\"> <a class=\"\" href=\"https:\/\/varietieseym.com.uy\/index.php\/producto\/oleo-reparador-de-puntas-ricino-1031\/\"> <span class=\"screen-reader-text\">Oleo reparador de puntas Ricino &#8211; 1031<\/span> Leer m\u00e1s &raquo;<\/a><\/p>\n","protected":false},"featured_media":6035,"template":"","meta":{"_uag_custom_page_level_css":"","site-sidebar-layout":"default","site-content-layout":"","ast-site-content-layout":"default","site-content-style":"default","site-sidebar-style":"default","ast-global-header-display":"","ast-banner-title-visibility":"","ast-main-header-display":"","ast-hfb-above-header-display":"","ast-hfb-below-header-display":"","ast-hfb-mobile-header-display":"","site-post-title":"","ast-breadcrumbs-content":"","ast-featured-img":"","footer-sml-layout":"","theme-transparent-header-meta":"default","adv-header-id-meta":"","stick-header-meta":"","header-above-stick-meta":"","header-main-stick-meta":"","header-below-stick-meta":"","astra-migrate-meta-layouts":"set","_joinchat":[]},"product_brand":[],"product_cat":[244,143],"product_tag":[],"class_list":{"0":"post-6031","1":"product","2":"type-product","3":"status-publish","4":"has-post-thumbnail","6":"product_cat-oleos","7":"product_cat-cabello","8":"desktop-align-center","9":"tablet-align-left","10":"mobile-align-left","12":"first","13":"outofstock","14":"shipping-taxable","15":"purchasable","16":"product-type-simple"},"uagb_featured_image_src":{"full":["https:\/\/varietieseym.com.uy\/wp-content\/uploads\/2024\/06\/1FZR-g8a_ydLC1iauEtTS64xX6DADZGgAXftVvs-Xw-1.png",560,608,false],"thumbnail":["https:\/\/varietieseym.com.uy\/wp-content\/uploads\/2024\/06\/1FZR-g8a_ydLC1iauEtTS64xX6DADZGgAXftVvs-Xw-1-150x150.png",150,150,true],"medium":["https:\/\/varietieseym.com.uy\/wp-content\/uploads\/2024\/06\/1FZR-g8a_ydLC1iauEtTS64xX6DADZGgAXftVvs-Xw-1-276x300.png",276,300,true],"medium_large":["https:\/\/varietieseym.com.uy\/wp-content\/uploads\/2024\/06\/1FZR-g8a_ydLC1iauEtTS64xX6DADZGgAXftVvs-Xw-1.png",560,608,false],"large":["https:\/\/varietieseym.com.uy\/wp-content\/uploads\/2024\/06\/1FZR-g8a_ydLC1iauEtTS64xX6DADZGgAXftVvs-Xw-1.png",560,608,false],"1536x1536":["https:\/\/varietieseym.com.uy\/wp-content\/uploads\/2024\/06\/1FZR-g8a_ydLC1iauEtTS64xX6DADZGgAXftVvs-Xw-1.png",560,608,false],"2048x2048":["https:\/\/varietieseym.com.uy\/wp-content\/uploads\/2024\/06\/1FZR-g8a_ydLC1iauEtTS64xX6DADZGgAXftVvs-Xw-1.png",560,608,false],"woocommerce_thumbnail":["https:\/\/varietieseym.com.uy\/wp-content\/uploads\/2024\/06\/1FZR-g8a_ydLC1iauEtTS64xX6DADZGgAXftVvs-Xw-1-300x300.png",300,300,true],"woocommerce_single":["https:\/\/varietieseym.com.uy\/wp-content\/uploads\/2024\/06\/1FZR-g8a_ydLC1iauEtTS64xX6DADZGgAXftVvs-Xw-1.png",560,608,false],"woocommerce_gallery_thumbnail":["https:\/\/varietieseym.com.uy\/wp-content\/uploads\/2024\/06\/1FZR-g8a_ydLC1iauEtTS64xX6DADZGgAXftVvs-Xw-1-100x100.png",100,100,true]},"uagb_author_info":{"display_name":"SyF Home","author_link":"https:\/\/varietieseym.com.uy\/index.php\/author\/"},"uagb_comment_info":0,"uagb_excerpt":"Begonia Castor Repair Oil\u00a0es\u00a0la elecci\u00f3n perfecta para darle a tu cabello un cuidado especial, enriquecido con el poder del aceite de ricino. Desarrollado para puntas da\u00f1adas y\u00a0cabello seco\u00a0, este aceite capilar intensifica el brillo natural y aporta una dosis extra de nutrici\u00f3n y vitalidad, revitalizando y fortaleciendo la fibra capilar desde la primera aplicaci\u00f3n. El&hellip;","_links":{"self":[{"href":"https:\/\/varietieseym.com.uy\/index.php\/wp-json\/wp\/v2\/product\/6031","targetHints":{"allow":["GET"]}}],"collection":[{"href":"https:\/\/varietieseym.com.uy\/index.php\/wp-json\/wp\/v2\/product"}],"about":[{"href":"https:\/\/varietieseym.com.uy\/index.php\/wp-json\/wp\/v2\/types\/product"}],"wp:featuredmedia":[{"embeddable":true,"href":"https:\/\/varietieseym.com.uy\/index.php\/wp-json\/wp\/v2\/media\/6035"}],"wp:attachment":[{"href":"https:\/\/varietieseym.com.uy\/index.php\/wp-json\/wp\/v2\/media?parent=6031"}],"wp:term":[{"taxonomy":"product_brand","embeddable":true,"href":"https:\/\/varietieseym.com.uy\/index.php\/wp-json\/wp\/v2\/product_brand?post=6031"},{"taxonomy":"product_cat","embeddable":true,"href":"https:\/\/varietieseym.com.uy\/index.php\/wp-json\/wp\/v2\/product_cat?post=6031"},{"taxonomy":"product_tag","embeddable":true,"href":"https:\/\/varietieseym.com.uy\/index.php\/wp-json\/wp\/v2\/product_tag?post=6031"}],"curies":[{"name":"wp","href":"https:\/\/api.w.org\/{rel}","templated":true}]}}