{"id":6036,"date":"2024-06-13T15:12:50","date_gmt":"2024-06-13T18:12:50","guid":{"rendered":"https:\/\/varietieseym.com.uy\/?post_type=product&#038;p=6036"},"modified":"2025-07-18T15:43:09","modified_gmt":"2025-07-18T18:43:09","slug":"oleo-reparador-de-puntas-aguacate-palta-1032","status":"publish","type":"product","link":"https:\/\/varietieseym.com.uy\/index.php\/producto\/oleo-reparador-de-puntas-aguacate-palta-1032\/","title":{"rendered":"Oleo reparador de puntas Aguacate\/palta &#8211; 1032"},"content":{"rendered":"<p>Begonia Avocado\u00a0<a href=\"https:\/\/begoniacosmeticos.com.br\/blog\/blog-begonissima\/oleo-reparador-com-argan\/\">Repair Oil<\/a>\u00a0ofrece una experiencia de cuidado lujosa, combinando el poder nutritivo del\u00a0<a href=\"https:\/\/begoniacosmeticos.com.br\/blog\/dicas\/oleo-de-abacate-como-ele-revitaliza-seus-cabelos\/\">aceite de aguacate<\/a>\u00a0con ingredientes seleccionados para restaurar la vitalidad y el brillo del cabello. Este aceite capilar es perfecto para quienes buscan un tratamiento intensivo, ya que penetra profundamente en la fibra capilar, aportando una hidrataci\u00f3n intensa, reduciendo el encrespamiento y revitalizando el cabello seco y quebradizo. El aceite de aguacate, rico en vitaminas y antioxidantes, act\u00faa sobre las zonas m\u00e1s da\u00f1adas, revitalizando y devolviendo la salud y suavidad al cabello.<\/p>\n<p>Este aceite reparador est\u00e1 especialmente recomendado para cabellos da\u00f1ados, secos o tratados qu\u00edmicamente, ya que ayuda a sellar las cut\u00edculas y combatir la sequedad en las puntas, dejando el cabello visiblemente m\u00e1s suave y f\u00e1cil de peinar. Adem\u00e1s, el uso regular de este aceite de aguacate ofrece protecci\u00f3n frente a las agresiones externas y fortalece la estructura del cabello, previniendo futuras roturas.<\/p>\n<p><strong>C\u00f3mo utilizar:<\/strong><br \/>\nPara maximizar los beneficios, aplique el aceite reparador de aguacate Begonia sobre el cabello seco. Coloca una peque\u00f1a cantidad en las palmas de tus manos, calienta ligeramente y aplica en las puntas del cabello, donde generalmente se produce sequedad y rotura. Evite aplicar directamente sobre las ra\u00edces para evitar una apariencia pesada. Este aceite reparador es ideal para tratamientos de acabado y se puede utilizar entre lavados para mantener la hidrataci\u00f3n y el brillo.<\/p>\n<p><strong>Beneficios adicionales del aceite de aguacate para el cabello:<\/strong><\/p>\n<ol class=\"wp-block-list\">\n<li><strong>Hidrataci\u00f3n Prolongada:<\/strong>\u00a0Mantiene el cabello hidratado por m\u00e1s tiempo, ideal para cabello seco.<\/li>\n<li><strong>Fortalecimiento de la Estructura del Cabello:<\/strong>\u00a0Fortalece y repara las zonas da\u00f1adas, previniendo las puntas abiertas.<\/li>\n<li><strong>Brillo Intenso y Natural:<\/strong>\u00a0Realza el brillo de las hebras, dejando el cabello radiante y con un tacto suave.<\/li>\n<li><strong>Frizz Control:<\/strong>\u00a0Proporciona un acabado ligero y controlado, eliminando el encrespamiento y manteniendo el cabello alineado.<\/li>\n<\/ol>\n","protected":false},"excerpt":{"rendered":"<p>Begonia Avocado\u00a0Repair Oil\u00a0ofrece una experiencia de cuidado lujosa, combinando el poder nutritivo del\u00a0aceite de aguacate\u00a0con ingredientes seleccionados para restaurar la vitalidad y el brillo del cabello. Este aceite capilar es perfecto para quienes buscan un tratamiento intensivo, ya que penetra profundamente en la fibra capilar, aportando una hidrataci\u00f3n intensa, reduciendo el encrespamiento y revitalizando el &hellip;<\/p>\n<p class=\"read-more\"> <a class=\"\" href=\"https:\/\/varietieseym.com.uy\/index.php\/producto\/oleo-reparador-de-puntas-aguacate-palta-1032\/\"> <span class=\"screen-reader-text\">Oleo reparador de puntas Aguacate\/palta &#8211; 1032<\/span> Leer m\u00e1s &raquo;<\/a><\/p>\n","protected":false},"featured_media":6037,"template":"","meta":{"_uag_custom_page_level_css":"","site-sidebar-layout":"default","site-content-layout":"","ast-site-content-layout":"default","site-content-style":"default","site-sidebar-style":"default","ast-global-header-display":"","ast-banner-title-visibility":"","ast-main-header-display":"","ast-hfb-above-header-display":"","ast-hfb-below-header-display":"","ast-hfb-mobile-header-display":"","site-post-title":"","ast-breadcrumbs-content":"","ast-featured-img":"","footer-sml-layout":"","theme-transparent-header-meta":"default","adv-header-id-meta":"","stick-header-meta":"","header-above-stick-meta":"","header-main-stick-meta":"","header-below-stick-meta":"","astra-migrate-meta-layouts":"set","_joinchat":[]},"product_brand":[],"product_cat":[244,143],"product_tag":[],"class_list":{"0":"post-6036","1":"product","2":"type-product","3":"status-publish","4":"has-post-thumbnail","6":"product_cat-oleos","7":"product_cat-cabello","8":"desktop-align-center","9":"tablet-align-left","10":"mobile-align-left","12":"first","13":"outofstock","14":"shipping-taxable","15":"purchasable","16":"product-type-simple"},"uagb_featured_image_src":{"full":["https:\/\/varietieseym.com.uy\/wp-content\/uploads\/2024\/06\/1IH9SyDu-NSsNxHgdqdbkjH6fHykweRFlYsksaYEylg-1.png",590,603,false],"thumbnail":["https:\/\/varietieseym.com.uy\/wp-content\/uploads\/2024\/06\/1IH9SyDu-NSsNxHgdqdbkjH6fHykweRFlYsksaYEylg-1-150x150.png",150,150,true],"medium":["https:\/\/varietieseym.com.uy\/wp-content\/uploads\/2024\/06\/1IH9SyDu-NSsNxHgdqdbkjH6fHykweRFlYsksaYEylg-1-294x300.png",294,300,true],"medium_large":["https:\/\/varietieseym.com.uy\/wp-content\/uploads\/2024\/06\/1IH9SyDu-NSsNxHgdqdbkjH6fHykweRFlYsksaYEylg-1.png",590,603,false],"large":["https:\/\/varietieseym.com.uy\/wp-content\/uploads\/2024\/06\/1IH9SyDu-NSsNxHgdqdbkjH6fHykweRFlYsksaYEylg-1.png",590,603,false],"1536x1536":["https:\/\/varietieseym.com.uy\/wp-content\/uploads\/2024\/06\/1IH9SyDu-NSsNxHgdqdbkjH6fHykweRFlYsksaYEylg-1.png",590,603,false],"2048x2048":["https:\/\/varietieseym.com.uy\/wp-content\/uploads\/2024\/06\/1IH9SyDu-NSsNxHgdqdbkjH6fHykweRFlYsksaYEylg-1.png",590,603,false],"woocommerce_thumbnail":["https:\/\/varietieseym.com.uy\/wp-content\/uploads\/2024\/06\/1IH9SyDu-NSsNxHgdqdbkjH6fHykweRFlYsksaYEylg-1-300x300.png",300,300,true],"woocommerce_single":["https:\/\/varietieseym.com.uy\/wp-content\/uploads\/2024\/06\/1IH9SyDu-NSsNxHgdqdbkjH6fHykweRFlYsksaYEylg-1.png",590,603,false],"woocommerce_gallery_thumbnail":["https:\/\/varietieseym.com.uy\/wp-content\/uploads\/2024\/06\/1IH9SyDu-NSsNxHgdqdbkjH6fHykweRFlYsksaYEylg-1-100x100.png",100,100,true]},"uagb_author_info":{"display_name":"SyF Home","author_link":"https:\/\/varietieseym.com.uy\/index.php\/author\/"},"uagb_comment_info":0,"uagb_excerpt":"Begonia Avocado\u00a0Repair Oil\u00a0ofrece una experiencia de cuidado lujosa, combinando el poder nutritivo del\u00a0aceite de aguacate\u00a0con ingredientes seleccionados para restaurar la vitalidad y el brillo del cabello. Este aceite capilar es perfecto para quienes buscan un tratamiento intensivo, ya que penetra profundamente en la fibra capilar, aportando una hidrataci\u00f3n intensa, reduciendo el encrespamiento y revitalizando el&hellip;","_links":{"self":[{"href":"https:\/\/varietieseym.com.uy\/index.php\/wp-json\/wp\/v2\/product\/6036","targetHints":{"allow":["GET"]}}],"collection":[{"href":"https:\/\/varietieseym.com.uy\/index.php\/wp-json\/wp\/v2\/product"}],"about":[{"href":"https:\/\/varietieseym.com.uy\/index.php\/wp-json\/wp\/v2\/types\/product"}],"wp:featuredmedia":[{"embeddable":true,"href":"https:\/\/varietieseym.com.uy\/index.php\/wp-json\/wp\/v2\/media\/6037"}],"wp:attachment":[{"href":"https:\/\/varietieseym.com.uy\/index.php\/wp-json\/wp\/v2\/media?parent=6036"}],"wp:term":[{"taxonomy":"product_brand","embeddable":true,"href":"https:\/\/varietieseym.com.uy\/index.php\/wp-json\/wp\/v2\/product_brand?post=6036"},{"taxonomy":"product_cat","embeddable":true,"href":"https:\/\/varietieseym.com.uy\/index.php\/wp-json\/wp\/v2\/product_cat?post=6036"},{"taxonomy":"product_tag","embeddable":true,"href":"https:\/\/varietieseym.com.uy\/index.php\/wp-json\/wp\/v2\/product_tag?post=6036"}],"curies":[{"name":"wp","href":"https:\/\/api.w.org\/{rel}","templated":true}]}}