{"id":6115,"date":"2024-06-28T14:28:31","date_gmt":"2024-06-28T17:28:31","guid":{"rendered":"https:\/\/varietieseym.com.uy\/?post_type=product&#038;p=6115"},"modified":"2025-12-15T12:10:25","modified_gmt":"2025-12-15T15:10:25","slug":"6115","status":"publish","type":"product","link":"https:\/\/varietieseym.com.uy\/index.php\/producto\/6115\/","title":{"rendered":"Kit Esmaltado semipermanente profesional + muestrario de OBSEQUIO"},"content":{"rendered":"<p>Kit Esmaltado semipermanente profesional + muestrario de OBSEQUIO<\/p>\n<p>Pack Incluye:<br \/>\n* Lampara Sun x11 280W<br \/>\n*Torno profesional 35000RPM<br \/>\n*3 limas<br \/>\n* 1 set de pinceles liner decoraci\u00f3n<br \/>\n* Aceite Cut\u00edcula<br \/>\n*Pata cabra<br \/>\n*Repujador\/empujador<br \/>\n*Wipes<br \/>\n*separador<br \/>\n*Pinzas removedor<br \/>\n*corta u\u00f1as profesional<br \/>\n*10 moldes para esculpir<br \/>\n*2 stickers para francesa<br \/>\n*2 stickers<br \/>\n*10 esmaltes semipermanente a elecci\u00f3n<br \/>\n* Base Coat<br \/>\n*Top Coat<br \/>\n*2 cajas de decoraci\u00f3n se env\u00edan seg\u00fan disposici\u00f3n de stock<br \/>\n* 1 caja de tips para construccion<br \/>\n*Pegamento u\u00f1as<br \/>\n*3 Gel de construccion se enviaran color Nude, pink, clear<br \/>\n* 1 cepillo manicura<br \/>\n* MUESTRARIO DISCO DE OBSEQUIO<\/p>\n<p>&nbsp;<\/p>\n<p>PARA LA SELECCION DE ESMALTES<\/p>\n<p>seleccionar los colores y escribir los n\u00fameros en la secci\u00f3n nota del pedido o enviar captura al 099226692 indicando su nombre y apellido o numero de pedido.<\/p>\n<p>&nbsp;<\/p>\n","protected":false},"excerpt":{"rendered":"<p><a href=\"https:\/\/www.canva.com\/design\/DAFc77-43Kk\/27DVrnLK7ADLkD-t1R8I8Q\/edit\">https:\/\/www.canva.com\/design\/DAFc77-43Kk\/27DVrnLK7ADLkD-t1R8I8Q\/edit<\/a><\/p>\n<p>selecci\u00f3n de colores<\/p>\n","protected":false},"featured_media":9774,"template":"","meta":{"_uag_custom_page_level_css":"","site-sidebar-layout":"default","site-content-layout":"","ast-site-content-layout":"default","site-content-style":"default","site-sidebar-style":"default","ast-global-header-display":"","ast-banner-title-visibility":"","ast-main-header-display":"","ast-hfb-above-header-display":"","ast-hfb-below-header-display":"","ast-hfb-mobile-header-display":"","site-post-title":"","ast-breadcrumbs-content":"","ast-featured-img":"","footer-sml-layout":"","theme-transparent-header-meta":"default","adv-header-id-meta":"","stick-header-meta":"","header-above-stick-meta":"","header-main-stick-meta":"","header-below-stick-meta":"","astra-migrate-meta-layouts":"set","_joinchat":[]},"product_brand":[],"product_cat":[285,131],"product_tag":[],"class_list":{"0":"post-6115","1":"product","2":"type-product","3":"status-publish","4":"has-post-thumbnail","6":"product_cat-unas-unas","7":"product_cat-unas","8":"desktop-align-center","9":"tablet-align-left","10":"mobile-align-left","12":"first","13":"instock","14":"sale","15":"shipping-taxable","16":"purchasable","17":"product-type-simple"},"uagb_featured_image_src":{"full":["https:\/\/varietieseym.com.uy\/wp-content\/uploads\/2024\/06\/8-1.jpg",640,640,false],"thumbnail":["https:\/\/varietieseym.com.uy\/wp-content\/uploads\/2024\/06\/8-1-150x150.jpg",150,150,true],"medium":["https:\/\/varietieseym.com.uy\/wp-content\/uploads\/2024\/06\/8-1-300x300.jpg",300,300,true],"medium_large":["https:\/\/varietieseym.com.uy\/wp-content\/uploads\/2024\/06\/8-1.jpg",640,640,false],"large":["https:\/\/varietieseym.com.uy\/wp-content\/uploads\/2024\/06\/8-1.jpg",640,640,false],"1536x1536":["https:\/\/varietieseym.com.uy\/wp-content\/uploads\/2024\/06\/8-1.jpg",640,640,false],"2048x2048":["https:\/\/varietieseym.com.uy\/wp-content\/uploads\/2024\/06\/8-1.jpg",640,640,false],"woocommerce_thumbnail":["https:\/\/varietieseym.com.uy\/wp-content\/uploads\/2024\/06\/8-1-300x300.jpg",300,300,true],"woocommerce_single":["https:\/\/varietieseym.com.uy\/wp-content\/uploads\/2024\/06\/8-1-600x600.jpg",600,600,true],"woocommerce_gallery_thumbnail":["https:\/\/varietieseym.com.uy\/wp-content\/uploads\/2024\/06\/8-1-100x100.jpg",100,100,true]},"uagb_author_info":{"display_name":"Varietieseym","author_link":"https:\/\/varietieseym.com.uy\/index.php\/author\/"},"uagb_comment_info":0,"uagb_excerpt":"https:\/\/www.canva.com\/design\/DAFc77-43Kk\/27DVrnLK7ADLkD-t1R8I8Q\/edit selecci\u00f3n de colores","_links":{"self":[{"href":"https:\/\/varietieseym.com.uy\/index.php\/wp-json\/wp\/v2\/product\/6115","targetHints":{"allow":["GET"]}}],"collection":[{"href":"https:\/\/varietieseym.com.uy\/index.php\/wp-json\/wp\/v2\/product"}],"about":[{"href":"https:\/\/varietieseym.com.uy\/index.php\/wp-json\/wp\/v2\/types\/product"}],"wp:featuredmedia":[{"embeddable":true,"href":"https:\/\/varietieseym.com.uy\/index.php\/wp-json\/wp\/v2\/media\/9774"}],"wp:attachment":[{"href":"https:\/\/varietieseym.com.uy\/index.php\/wp-json\/wp\/v2\/media?parent=6115"}],"wp:term":[{"taxonomy":"product_brand","embeddable":true,"href":"https:\/\/varietieseym.com.uy\/index.php\/wp-json\/wp\/v2\/product_brand?post=6115"},{"taxonomy":"product_cat","embeddable":true,"href":"https:\/\/varietieseym.com.uy\/index.php\/wp-json\/wp\/v2\/product_cat?post=6115"},{"taxonomy":"product_tag","embeddable":true,"href":"https:\/\/varietieseym.com.uy\/index.php\/wp-json\/wp\/v2\/product_tag?post=6115"}],"curies":[{"name":"wp","href":"https:\/\/api.w.org\/{rel}","templated":true}]}}