{"id":6130,"date":"2024-07-06T15:44:08","date_gmt":"2024-07-06T18:44:08","guid":{"rendered":"https:\/\/varietieseym.com.uy\/?post_type=product&#038;p=6130"},"modified":"2025-09-08T13:29:43","modified_gmt":"2025-09-08T16:29:43","slug":"fresa-broca-unas-carburo-de-tungsteno","status":"publish","type":"product","link":"https:\/\/varietieseym.com.uy\/index.php\/producto\/fresa-broca-unas-carburo-de-tungsteno\/","title":{"rendered":"Fresa\/broca u\u00f1as Carburo de Tungsteno"},"content":{"rendered":"<p><span class=\"a-list-item\">Estas brocas reemplazables son de materiales de metal s\u00f3lido, son estables y f\u00e1ciles de insertar, mantienen la estabilidad, y tienen propiedades de disipaci\u00f3n de calor y resistencia, que se pueden utilizar de forma fiable durante mucho tiempo.<\/span><\/p>\n<h5 class=\"wp-block-heading\">FRESAS VERDES<\/h5>\n<p>Las fresas de color verde son duras. Se utilizan para eliminar material artificial (acrygel, gel, acr\u00edlico). Tambi\u00e9n se utilizan en pedicura para el tratamiento de los callos. Pero en manicura son bastante raros.<\/p>\n<p>\u00a1IMPORTANTE! Este tipo de fresa no es adecuada para trabajar con pieles sensibles, hiperhidrosis.<\/p>\n<h5 class=\"wp-block-heading\">FRESAS AZUL<\/h5>\n<p>Este color indica fresas de dureza media. Se usan solo para trabajar en \u00e1reas externas de la piel. No son adecuadas para trabajar en la placa ungueal.<\/p>\n<h5 class=\"wp-block-heading\">FRESAS ROJAS<\/h5>\n<p>Las fresas rojas son suaves. Se utilizan para trabajar tanto en la piel como en la superficie de la superficie de la u\u00f1a. Son las m\u00e1s vers\u00e1tiles. Por lo general, se utilizan para limpiar el pterigi\u00f3n de la superficie de la u\u00f1a y en los senos laterales.<\/p>\n","protected":false},"excerpt":{"rendered":"<p>Estas brocas reemplazables son de materiales de metal s\u00f3lido, son estables y f\u00e1ciles de insertar, mantienen la estabilidad, y tienen propiedades de disipaci\u00f3n de calor y resistencia, que se pueden utilizar de forma fiable durante mucho tiempo. FRESAS VERDES Las fresas de color verde son duras. Se utilizan para eliminar material artificial (acrygel, gel, acr\u00edlico). &hellip;<\/p>\n<p class=\"read-more\"> <a class=\"\" href=\"https:\/\/varietieseym.com.uy\/index.php\/producto\/fresa-broca-unas-carburo-de-tungsteno\/\"> <span class=\"screen-reader-text\">Fresa\/broca u\u00f1as Carburo de Tungsteno<\/span> Leer m\u00e1s &raquo;<\/a><\/p>\n","protected":false},"featured_media":6137,"template":"","meta":{"_uag_custom_page_level_css":"","site-sidebar-layout":"default","site-content-layout":"","ast-site-content-layout":"default","site-content-style":"default","site-sidebar-style":"default","ast-global-header-display":"","ast-banner-title-visibility":"","ast-main-header-display":"","ast-hfb-above-header-display":"","ast-hfb-below-header-display":"","ast-hfb-mobile-header-display":"","site-post-title":"","ast-breadcrumbs-content":"","ast-featured-img":"","footer-sml-layout":"","theme-transparent-header-meta":"default","adv-header-id-meta":"","stick-header-meta":"","header-above-stick-meta":"","header-main-stick-meta":"","header-below-stick-meta":"","astra-migrate-meta-layouts":"set","_joinchat":[]},"product_brand":[],"product_cat":[131,132,15],"product_tag":[],"class_list":{"0":"post-6130","1":"product","2":"type-product","3":"status-publish","4":"has-post-thumbnail","6":"product_cat-unas","7":"product_cat-herramientas","8":"product_cat-sin-categorizar","9":"desktop-align-center","10":"tablet-align-left","11":"mobile-align-left","13":"first","14":"outofstock","15":"shipping-taxable","16":"purchasable","17":"product-type-variable"},"uagb_featured_image_src":{"full":["https:\/\/varietieseym.com.uy\/wp-content\/uploads\/2024\/07\/fresas-tungsteno.jpg",642,646,false],"thumbnail":["https:\/\/varietieseym.com.uy\/wp-content\/uploads\/2024\/07\/fresas-tungsteno-150x150.jpg",150,150,true],"medium":["https:\/\/varietieseym.com.uy\/wp-content\/uploads\/2024\/07\/fresas-tungsteno-298x300.jpg",298,300,true],"medium_large":["https:\/\/varietieseym.com.uy\/wp-content\/uploads\/2024\/07\/fresas-tungsteno.jpg",642,646,false],"large":["https:\/\/varietieseym.com.uy\/wp-content\/uploads\/2024\/07\/fresas-tungsteno.jpg",642,646,false],"1536x1536":["https:\/\/varietieseym.com.uy\/wp-content\/uploads\/2024\/07\/fresas-tungsteno.jpg",642,646,false],"2048x2048":["https:\/\/varietieseym.com.uy\/wp-content\/uploads\/2024\/07\/fresas-tungsteno.jpg",642,646,false],"woocommerce_thumbnail":["https:\/\/varietieseym.com.uy\/wp-content\/uploads\/2024\/07\/fresas-tungsteno-300x300.jpg",300,300,true],"woocommerce_single":["https:\/\/varietieseym.com.uy\/wp-content\/uploads\/2024\/07\/fresas-tungsteno-600x604.jpg",600,604,true],"woocommerce_gallery_thumbnail":["https:\/\/varietieseym.com.uy\/wp-content\/uploads\/2024\/07\/fresas-tungsteno-100x100.jpg",100,100,true]},"uagb_author_info":{"display_name":"Varietieseym","author_link":"https:\/\/varietieseym.com.uy\/index.php\/author\/"},"uagb_comment_info":0,"uagb_excerpt":"Estas brocas reemplazables son de materiales de metal s\u00f3lido, son estables y f\u00e1ciles de insertar, mantienen la estabilidad, y tienen propiedades de disipaci\u00f3n de calor y resistencia, que se pueden utilizar de forma fiable durante mucho tiempo. FRESAS VERDES Las fresas de color verde son duras. Se utilizan para eliminar material artificial (acrygel, gel, acr\u00edlico).&hellip;","_links":{"self":[{"href":"https:\/\/varietieseym.com.uy\/index.php\/wp-json\/wp\/v2\/product\/6130","targetHints":{"allow":["GET"]}}],"collection":[{"href":"https:\/\/varietieseym.com.uy\/index.php\/wp-json\/wp\/v2\/product"}],"about":[{"href":"https:\/\/varietieseym.com.uy\/index.php\/wp-json\/wp\/v2\/types\/product"}],"wp:featuredmedia":[{"embeddable":true,"href":"https:\/\/varietieseym.com.uy\/index.php\/wp-json\/wp\/v2\/media\/6137"}],"wp:attachment":[{"href":"https:\/\/varietieseym.com.uy\/index.php\/wp-json\/wp\/v2\/media?parent=6130"}],"wp:term":[{"taxonomy":"product_brand","embeddable":true,"href":"https:\/\/varietieseym.com.uy\/index.php\/wp-json\/wp\/v2\/product_brand?post=6130"},{"taxonomy":"product_cat","embeddable":true,"href":"https:\/\/varietieseym.com.uy\/index.php\/wp-json\/wp\/v2\/product_cat?post=6130"},{"taxonomy":"product_tag","embeddable":true,"href":"https:\/\/varietieseym.com.uy\/index.php\/wp-json\/wp\/v2\/product_tag?post=6130"}],"curies":[{"name":"wp","href":"https:\/\/api.w.org\/{rel}","templated":true}]}}