{"id":6149,"date":"2024-07-23T15:42:41","date_gmt":"2024-07-23T18:42:41","guid":{"rendered":"https:\/\/varietieseym.com.uy\/?post_type=product&#038;p=6149"},"modified":"2026-02-18T16:08:01","modified_gmt":"2026-02-18T19:08:01","slug":"iman-para-esmalte-ojo-de-gato-5-en-1","status":"publish","type":"product","link":"https:\/\/varietieseym.com.uy\/index.php\/producto\/iman-para-esmalte-ojo-de-gato-5-en-1\/","title":{"rendered":"Iman 5 en 1 para esmaltes Ojo de gato"},"content":{"rendered":"<p><span class=\"a-list-item\">Esta herramienta viene con cinco imanes elegantes, lo que te da una versatilidad infinita. Ya sea un efecto ojo de gato, efecto de purpurina o una variedad de otros dise\u00f1os impresionantes, puedes lograrlo f\u00e1cilmente.<\/span><\/p>\n<p><span class=\"a-list-item\">\ud83d\udc85Alta calidad: hecho material magn\u00e9tico con funda de silicona, f\u00e1cil de usar.<\/span><\/p>\n<p><span class=\"a-list-item\">Podras crear f\u00e1cil y r\u00e1pidamente u\u00f1as hermosas de larga duraci\u00f3n en poco tiempo. El s\u00faper magnetismo te ayuda a obtener f\u00e1cilmente el efecto de ojo de gato en 5-10 segundos.<\/span><\/p>\n","protected":false},"excerpt":{"rendered":"<p>Esta herramienta viene con cinco imanes elegantes, lo que te da una versatilidad infinita. Ya sea un efecto ojo de gato, efecto de purpurina o una variedad de otros dise\u00f1os impresionantes, puedes lograrlo f\u00e1cilmente. \ud83d\udc85Alta calidad: hecho material magn\u00e9tico con funda de silicona, f\u00e1cil de usar. Podras crear f\u00e1cil y r\u00e1pidamente u\u00f1as hermosas de larga &hellip;<\/p>\n<p class=\"read-more\"> <a class=\"\" href=\"https:\/\/varietieseym.com.uy\/index.php\/producto\/iman-para-esmalte-ojo-de-gato-5-en-1\/\"> <span class=\"screen-reader-text\">Iman 5 en 1 para esmaltes Ojo de gato<\/span> Leer m\u00e1s &raquo;<\/a><\/p>\n","protected":false},"featured_media":6152,"template":"","meta":{"_uag_custom_page_level_css":"","site-sidebar-layout":"default","site-content-layout":"","ast-site-content-layout":"default","site-content-style":"default","site-sidebar-style":"default","ast-global-header-display":"","ast-banner-title-visibility":"","ast-main-header-display":"","ast-hfb-above-header-display":"","ast-hfb-below-header-display":"","ast-hfb-mobile-header-display":"","site-post-title":"","ast-breadcrumbs-content":"","ast-featured-img":"","footer-sml-layout":"","theme-transparent-header-meta":"default","adv-header-id-meta":"","stick-header-meta":"","header-above-stick-meta":"","header-main-stick-meta":"","header-below-stick-meta":"","astra-migrate-meta-layouts":"set","_joinchat":[]},"product_brand":[],"product_cat":[151,131,132,15],"product_tag":[],"class_list":{"0":"post-6149","1":"product","2":"type-product","3":"status-publish","4":"has-post-thumbnail","6":"product_cat-accesorios","7":"product_cat-unas","8":"product_cat-herramientas","9":"product_cat-sin-categorizar","10":"desktop-align-center","11":"tablet-align-left","12":"mobile-align-left","14":"first","15":"instock","16":"sale","17":"shipping-taxable","18":"purchasable","19":"product-type-variable"},"uagb_featured_image_src":{"full":["https:\/\/varietieseym.com.uy\/wp-content\/uploads\/2024\/07\/iman-5-en-1-a.jpg",631,628,false],"thumbnail":["https:\/\/varietieseym.com.uy\/wp-content\/uploads\/2024\/07\/iman-5-en-1-a-150x150.jpg",150,150,true],"medium":["https:\/\/varietieseym.com.uy\/wp-content\/uploads\/2024\/07\/iman-5-en-1-a-300x300.jpg",300,300,true],"medium_large":["https:\/\/varietieseym.com.uy\/wp-content\/uploads\/2024\/07\/iman-5-en-1-a.jpg",631,628,false],"large":["https:\/\/varietieseym.com.uy\/wp-content\/uploads\/2024\/07\/iman-5-en-1-a.jpg",631,628,false],"1536x1536":["https:\/\/varietieseym.com.uy\/wp-content\/uploads\/2024\/07\/iman-5-en-1-a.jpg",631,628,false],"2048x2048":["https:\/\/varietieseym.com.uy\/wp-content\/uploads\/2024\/07\/iman-5-en-1-a.jpg",631,628,false],"woocommerce_thumbnail":["https:\/\/varietieseym.com.uy\/wp-content\/uploads\/2024\/07\/iman-5-en-1-a-300x300.jpg",300,300,true],"woocommerce_single":["https:\/\/varietieseym.com.uy\/wp-content\/uploads\/2024\/07\/iman-5-en-1-a-600x597.jpg",600,597,true],"woocommerce_gallery_thumbnail":["https:\/\/varietieseym.com.uy\/wp-content\/uploads\/2024\/07\/iman-5-en-1-a-100x100.jpg",100,100,true]},"uagb_author_info":{"display_name":"Varietieseym","author_link":"https:\/\/varietieseym.com.uy\/index.php\/author\/"},"uagb_comment_info":0,"uagb_excerpt":"Esta herramienta viene con cinco imanes elegantes, lo que te da una versatilidad infinita. Ya sea un efecto ojo de gato, efecto de purpurina o una variedad de otros dise\u00f1os impresionantes, puedes lograrlo f\u00e1cilmente. \ud83d\udc85Alta calidad: hecho material magn\u00e9tico con funda de silicona, f\u00e1cil de usar. Podras crear f\u00e1cil y r\u00e1pidamente u\u00f1as hermosas de larga&hellip;","_links":{"self":[{"href":"https:\/\/varietieseym.com.uy\/index.php\/wp-json\/wp\/v2\/product\/6149","targetHints":{"allow":["GET"]}}],"collection":[{"href":"https:\/\/varietieseym.com.uy\/index.php\/wp-json\/wp\/v2\/product"}],"about":[{"href":"https:\/\/varietieseym.com.uy\/index.php\/wp-json\/wp\/v2\/types\/product"}],"wp:featuredmedia":[{"embeddable":true,"href":"https:\/\/varietieseym.com.uy\/index.php\/wp-json\/wp\/v2\/media\/6152"}],"wp:attachment":[{"href":"https:\/\/varietieseym.com.uy\/index.php\/wp-json\/wp\/v2\/media?parent=6149"}],"wp:term":[{"taxonomy":"product_brand","embeddable":true,"href":"https:\/\/varietieseym.com.uy\/index.php\/wp-json\/wp\/v2\/product_brand?post=6149"},{"taxonomy":"product_cat","embeddable":true,"href":"https:\/\/varietieseym.com.uy\/index.php\/wp-json\/wp\/v2\/product_cat?post=6149"},{"taxonomy":"product_tag","embeddable":true,"href":"https:\/\/varietieseym.com.uy\/index.php\/wp-json\/wp\/v2\/product_tag?post=6149"}],"curies":[{"name":"wp","href":"https:\/\/api.w.org\/{rel}","templated":true}]}}