{"id":6160,"date":"2024-07-23T17:04:47","date_gmt":"2024-07-23T20:04:47","guid":{"rendered":"https:\/\/varietieseym.com.uy\/?post_type=product&#038;p=6160"},"modified":"2024-07-23T17:05:53","modified_gmt":"2024-07-23T20:05:53","slug":"repujador-cuticula-removedor-rosa-gold","status":"publish","type":"product","link":"https:\/\/varietieseym.com.uy\/index.php\/producto\/repujador-cuticula-removedor-rosa-gold\/","title":{"rendered":"Repujador Cut\u00edcula, Removedor Rosa Gold"},"content":{"rendered":"","protected":false},"excerpt":{"rendered":"<p>-Repujador de doble extremo para empujar y cortar la cut\u00edcula de las u\u00f1as.<br \/>\n-El extremo en forma de cuchara se utiliza para empujar las cut\u00edculas-el dise\u00f1o ayuda f\u00e1cilmente a dar forma a las cut\u00edculas.<br \/>\n<span data-spm-anchor-id=\"a2g0o.detail.1000023.i0.9bd28IxL8IxL4w\">-La cuchilla raspa los residuos de piel dif\u00edciles de eliminar en la u\u00f1a y es ideal para eliminar el pegamento, esmaltes, residuos.\u00a0<\/span><\/p>\n","protected":false},"featured_media":6157,"template":"","meta":{"_uag_custom_page_level_css":"","site-sidebar-layout":"default","site-content-layout":"","ast-site-content-layout":"default","site-content-style":"default","site-sidebar-style":"default","ast-global-header-display":"","ast-banner-title-visibility":"","ast-main-header-display":"","ast-hfb-above-header-display":"","ast-hfb-below-header-display":"","ast-hfb-mobile-header-display":"","site-post-title":"","ast-breadcrumbs-content":"","ast-featured-img":"","footer-sml-layout":"","theme-transparent-header-meta":"default","adv-header-id-meta":"","stick-header-meta":"","header-above-stick-meta":"","header-main-stick-meta":"","header-below-stick-meta":"","astra-migrate-meta-layouts":"set","_joinchat":[]},"product_brand":[],"product_cat":[151,131,132],"product_tag":[],"class_list":{"0":"post-6160","1":"product","2":"type-product","3":"status-publish","4":"has-post-thumbnail","6":"product_cat-accesorios","7":"product_cat-unas","8":"product_cat-herramientas","9":"desktop-align-center","10":"tablet-align-left","11":"mobile-align-left","13":"first","14":"instock","15":"shipping-taxable","16":"purchasable","17":"product-type-simple"},"uagb_featured_image_src":{"full":["https:\/\/varietieseym.com.uy\/wp-content\/uploads\/2024\/07\/repujador-remov-rosa2-.jpg",629,627,false],"thumbnail":["https:\/\/varietieseym.com.uy\/wp-content\/uploads\/2024\/07\/repujador-remov-rosa2--150x150.jpg",150,150,true],"medium":["https:\/\/varietieseym.com.uy\/wp-content\/uploads\/2024\/07\/repujador-remov-rosa2--300x300.jpg",300,300,true],"medium_large":["https:\/\/varietieseym.com.uy\/wp-content\/uploads\/2024\/07\/repujador-remov-rosa2-.jpg",629,627,false],"large":["https:\/\/varietieseym.com.uy\/wp-content\/uploads\/2024\/07\/repujador-remov-rosa2-.jpg",629,627,false],"1536x1536":["https:\/\/varietieseym.com.uy\/wp-content\/uploads\/2024\/07\/repujador-remov-rosa2-.jpg",629,627,false],"2048x2048":["https:\/\/varietieseym.com.uy\/wp-content\/uploads\/2024\/07\/repujador-remov-rosa2-.jpg",629,627,false],"woocommerce_thumbnail":["https:\/\/varietieseym.com.uy\/wp-content\/uploads\/2024\/07\/repujador-remov-rosa2--300x300.jpg",300,300,true],"woocommerce_single":["https:\/\/varietieseym.com.uy\/wp-content\/uploads\/2024\/07\/repujador-remov-rosa2--600x598.jpg",600,598,true],"woocommerce_gallery_thumbnail":["https:\/\/varietieseym.com.uy\/wp-content\/uploads\/2024\/07\/repujador-remov-rosa2--100x100.jpg",100,100,true]},"uagb_author_info":{"display_name":"Varietieseym","author_link":"https:\/\/varietieseym.com.uy\/index.php\/author\/"},"uagb_comment_info":0,"uagb_excerpt":"-Repujador de doble extremo para empujar y cortar la cut\u00edcula de las u\u00f1as. -El extremo en forma de cuchara se utiliza para empujar las cut\u00edculas-el dise\u00f1o ayuda f\u00e1cilmente a dar forma a las cut\u00edculas. -La cuchilla raspa los residuos de piel dif\u00edciles de eliminar en la u\u00f1a y es ideal para eliminar el pegamento, esmaltes,&hellip;","_links":{"self":[{"href":"https:\/\/varietieseym.com.uy\/index.php\/wp-json\/wp\/v2\/product\/6160","targetHints":{"allow":["GET"]}}],"collection":[{"href":"https:\/\/varietieseym.com.uy\/index.php\/wp-json\/wp\/v2\/product"}],"about":[{"href":"https:\/\/varietieseym.com.uy\/index.php\/wp-json\/wp\/v2\/types\/product"}],"wp:featuredmedia":[{"embeddable":true,"href":"https:\/\/varietieseym.com.uy\/index.php\/wp-json\/wp\/v2\/media\/6157"}],"wp:attachment":[{"href":"https:\/\/varietieseym.com.uy\/index.php\/wp-json\/wp\/v2\/media?parent=6160"}],"wp:term":[{"taxonomy":"product_brand","embeddable":true,"href":"https:\/\/varietieseym.com.uy\/index.php\/wp-json\/wp\/v2\/product_brand?post=6160"},{"taxonomy":"product_cat","embeddable":true,"href":"https:\/\/varietieseym.com.uy\/index.php\/wp-json\/wp\/v2\/product_cat?post=6160"},{"taxonomy":"product_tag","embeddable":true,"href":"https:\/\/varietieseym.com.uy\/index.php\/wp-json\/wp\/v2\/product_tag?post=6160"}],"curies":[{"name":"wp","href":"https:\/\/api.w.org\/{rel}","templated":true}]}}