{"id":6173,"date":"2024-07-24T18:51:52","date_gmt":"2024-07-24T21:51:52","guid":{"rendered":"https:\/\/varietieseym.com.uy\/?post_type=product&#038;p=6173"},"modified":"2026-04-08T11:29:50","modified_gmt":"2026-04-08T14:29:50","slug":"organizador-multifuncional-3-niveles","status":"publish","type":"product","link":"https:\/\/varietieseym.com.uy\/index.php\/producto\/organizador-multifuncional-3-niveles\/","title":{"rendered":"Organizador multifuncional 3 niveles"},"content":{"rendered":"<ul class=\"a-unordered-list a-vertical a-spacing-mini\">\n<li class=\"a-spacing-mini\"><span class=\"a-list-item\">Ideal para muchos prop\u00f3sitos como organizadores de u\u00f1as y almacenamiento, organizador de manualidades,\u00a0 y organizador de arte<\/span><\/li>\n<li class=\"a-spacing-mini\"><span class=\"a-list-item\">Tres capas de dise\u00f1o, dos capas de bandejas plegables te proporcionan m\u00e1s espacio de almacenamiento y hacen que tus herramientas est\u00e9n m\u00e1s organizadas y una almacenamiento interior para mas espacio.\u00a0<\/span><\/li>\n<li class=\"a-spacing-mini\"><span class=\"a-list-item\">\u10e6Cubierta superior transparente: una caja de almacenamiento con cubierta de pl\u00e1stico transparenten f\u00e1cil de inspeccionar en el interior.<\/span><\/li>\n<li class=\"a-spacing-mini\"><span class=\"a-list-item\">\u10e6Barra plegable estable hace que tu caja de almacenamiento sea duradera<\/span><\/li>\n<li class=\"a-spacing-mini\"><span class=\"a-list-item\">Mant\u00e9n todos los art\u00edculos juntos en un solo lugar con esta pr\u00e1ctica caja organizadora multifuncional.\u00a0<\/span><\/li>\n<\/ul>\n","protected":false},"excerpt":{"rendered":"<p>Ideal para muchos prop\u00f3sitos como organizadores de u\u00f1as y almacenamiento, organizador de manualidades,\u00a0 y organizador de arte Tres capas de dise\u00f1o, dos capas de bandejas plegables te proporcionan m\u00e1s espacio de almacenamiento y hacen que tus herramientas est\u00e9n m\u00e1s organizadas y una almacenamiento interior para mas espacio.\u00a0 \u10e6Cubierta superior transparente: una caja de almacenamiento con &hellip;<\/p>\n<p class=\"read-more\"> <a class=\"\" href=\"https:\/\/varietieseym.com.uy\/index.php\/producto\/organizador-multifuncional-3-niveles\/\"> <span class=\"screen-reader-text\">Organizador multifuncional 3 niveles<\/span> Leer m\u00e1s &raquo;<\/a><\/p>\n","protected":false},"featured_media":6217,"template":"","meta":{"_uag_custom_page_level_css":"","site-sidebar-layout":"default","site-content-layout":"","ast-site-content-layout":"default","site-content-style":"default","site-sidebar-style":"default","ast-global-header-display":"","ast-banner-title-visibility":"","ast-main-header-display":"","ast-hfb-above-header-display":"","ast-hfb-below-header-display":"","ast-hfb-mobile-header-display":"","site-post-title":"","ast-breadcrumbs-content":"","ast-featured-img":"","footer-sml-layout":"","theme-transparent-header-meta":"default","adv-header-id-meta":"","stick-header-meta":"","header-above-stick-meta":"","header-main-stick-meta":"","header-below-stick-meta":"","astra-migrate-meta-layouts":"set","_joinchat":[]},"product_brand":[],"product_cat":[151,256,131,134,146,145,147,144],"product_tag":[],"class_list":{"0":"post-6173","1":"product","2":"type-product","3":"status-publish","4":"has-post-thumbnail","6":"product_cat-accesorios","7":"product_cat-accesorios-pestanas","8":"product_cat-unas","9":"product_cat-organizadores","10":"product_cat-cejas","11":"product_cat-labios","12":"product_cat-pestanas","13":"product_cat-skincare","14":"desktop-align-center","15":"tablet-align-left","16":"mobile-align-left","18":"first","19":"instock","20":"sale","21":"shipping-taxable","22":"purchasable","23":"product-type-variable"},"uagb_featured_image_src":{"full":["https:\/\/varietieseym.com.uy\/wp-content\/uploads\/2024\/07\/organizador-2-niveles-4.jpg",627,566,false],"thumbnail":["https:\/\/varietieseym.com.uy\/wp-content\/uploads\/2024\/07\/organizador-2-niveles-4-150x150.jpg",150,150,true],"medium":["https:\/\/varietieseym.com.uy\/wp-content\/uploads\/2024\/07\/organizador-2-niveles-4-300x271.jpg",300,271,true],"medium_large":["https:\/\/varietieseym.com.uy\/wp-content\/uploads\/2024\/07\/organizador-2-niveles-4.jpg",627,566,false],"large":["https:\/\/varietieseym.com.uy\/wp-content\/uploads\/2024\/07\/organizador-2-niveles-4.jpg",627,566,false],"1536x1536":["https:\/\/varietieseym.com.uy\/wp-content\/uploads\/2024\/07\/organizador-2-niveles-4.jpg",627,566,false],"2048x2048":["https:\/\/varietieseym.com.uy\/wp-content\/uploads\/2024\/07\/organizador-2-niveles-4.jpg",627,566,false],"woocommerce_thumbnail":["https:\/\/varietieseym.com.uy\/wp-content\/uploads\/2024\/07\/organizador-2-niveles-4-300x300.jpg",300,300,true],"woocommerce_single":["https:\/\/varietieseym.com.uy\/wp-content\/uploads\/2024\/07\/organizador-2-niveles-4-600x542.jpg",600,542,true],"woocommerce_gallery_thumbnail":["https:\/\/varietieseym.com.uy\/wp-content\/uploads\/2024\/07\/organizador-2-niveles-4-100x100.jpg",100,100,true]},"uagb_author_info":{"display_name":"Varietieseym","author_link":"https:\/\/varietieseym.com.uy\/index.php\/author\/"},"uagb_comment_info":0,"uagb_excerpt":"Ideal para muchos prop\u00f3sitos como organizadores de u\u00f1as y almacenamiento, organizador de manualidades,\u00a0 y organizador de arte Tres capas de dise\u00f1o, dos capas de bandejas plegables te proporcionan m\u00e1s espacio de almacenamiento y hacen que tus herramientas est\u00e9n m\u00e1s organizadas y una almacenamiento interior para mas espacio.\u00a0 \u10e6Cubierta superior transparente: una caja de almacenamiento con&hellip;","_links":{"self":[{"href":"https:\/\/varietieseym.com.uy\/index.php\/wp-json\/wp\/v2\/product\/6173","targetHints":{"allow":["GET"]}}],"collection":[{"href":"https:\/\/varietieseym.com.uy\/index.php\/wp-json\/wp\/v2\/product"}],"about":[{"href":"https:\/\/varietieseym.com.uy\/index.php\/wp-json\/wp\/v2\/types\/product"}],"wp:featuredmedia":[{"embeddable":true,"href":"https:\/\/varietieseym.com.uy\/index.php\/wp-json\/wp\/v2\/media\/6217"}],"wp:attachment":[{"href":"https:\/\/varietieseym.com.uy\/index.php\/wp-json\/wp\/v2\/media?parent=6173"}],"wp:term":[{"taxonomy":"product_brand","embeddable":true,"href":"https:\/\/varietieseym.com.uy\/index.php\/wp-json\/wp\/v2\/product_brand?post=6173"},{"taxonomy":"product_cat","embeddable":true,"href":"https:\/\/varietieseym.com.uy\/index.php\/wp-json\/wp\/v2\/product_cat?post=6173"},{"taxonomy":"product_tag","embeddable":true,"href":"https:\/\/varietieseym.com.uy\/index.php\/wp-json\/wp\/v2\/product_tag?post=6173"}],"curies":[{"name":"wp","href":"https:\/\/api.w.org\/{rel}","templated":true}]}}