{"id":6178,"date":"2024-07-25T14:50:59","date_gmt":"2024-07-25T17:50:59","guid":{"rendered":"https:\/\/varietieseym.com.uy\/?post_type=product&#038;p=6178"},"modified":"2024-12-23T12:44:02","modified_gmt":"2024-12-23T15:44:02","slug":"lampara-uv-led-sun-x8-doble","status":"publish","type":"product","link":"https:\/\/varietieseym.com.uy\/index.php\/producto\/lampara-uv-led-sun-x8-doble\/","title":{"rendered":"Lampara Uv\/led Sun X8 Doble"},"content":{"rendered":"<ul class=\"a-unordered-list a-vertical a-spacing-mini\">\n<li>150W<\/li>\n<li class=\"a-spacing-mini\"><span class=\"a-list-item\">Secado de todo tipo de geles de u\u00f1as incluyendo geles LED de u\u00f1as, geles duros de u\u00f1as, gel constructor, gel de escultura de u\u00f1as, gel y gel de u\u00f1as LED.<\/span><\/li>\n<li class=\"a-spacing-mini\"><span class=\"a-list-item\">Amplio espacio para secar las 5 u\u00f1as a la vez.<\/span><\/li>\n<li class=\"a-spacing-mini\"><span class=\"a-list-item\">Ahorra dinero, port\u00e1til y f\u00e1cil de usa, . La l\u00e1mpara de u\u00f1as de gel UV tambi\u00e9n es un regalo perfecto para tus amigos y familiares<\/span><\/li>\n<li class=\"a-spacing-mini\"><span class=\"a-list-item\">Dise\u00f1o f\u00e1cil de usar: ligero, potente, ahorro de tiempo, dise\u00f1o compacto, f\u00e1cil de usar y limpiar.<\/span><\/li>\n<\/ul>\n","protected":false},"excerpt":{"rendered":"<p>57 luces<\/p>\n<p>150W<\/p>\n<p>Lampara Doble<\/p>\n","protected":false},"featured_media":6181,"template":"","meta":{"_uag_custom_page_level_css":"","site-sidebar-layout":"default","site-content-layout":"","ast-site-content-layout":"default","site-content-style":"default","site-sidebar-style":"default","ast-global-header-display":"","ast-banner-title-visibility":"","ast-main-header-display":"","ast-hfb-above-header-display":"","ast-hfb-below-header-display":"","ast-hfb-mobile-header-display":"","site-post-title":"","ast-breadcrumbs-content":"","ast-featured-img":"","footer-sml-layout":"","theme-transparent-header-meta":"default","adv-header-id-meta":"","stick-header-meta":"","header-above-stick-meta":"","header-main-stick-meta":"","header-below-stick-meta":"","astra-migrate-meta-layouts":"set","_joinchat":[]},"product_brand":[],"product_cat":[131,141],"product_tag":[],"class_list":{"0":"post-6178","1":"product","2":"type-product","3":"status-publish","4":"has-post-thumbnail","6":"product_cat-unas","7":"product_cat-lamparas","8":"desktop-align-center","9":"tablet-align-left","10":"mobile-align-left","12":"first","13":"instock","14":"sale","15":"shipping-taxable","16":"purchasable","17":"product-type-simple"},"uagb_featured_image_src":{"full":["https:\/\/varietieseym.com.uy\/wp-content\/uploads\/2024\/07\/sun-x8.2.jpg",656,596,false],"thumbnail":["https:\/\/varietieseym.com.uy\/wp-content\/uploads\/2024\/07\/sun-x8.2-150x150.jpg",150,150,true],"medium":["https:\/\/varietieseym.com.uy\/wp-content\/uploads\/2024\/07\/sun-x8.2-300x273.jpg",300,273,true],"medium_large":["https:\/\/varietieseym.com.uy\/wp-content\/uploads\/2024\/07\/sun-x8.2.jpg",656,596,false],"large":["https:\/\/varietieseym.com.uy\/wp-content\/uploads\/2024\/07\/sun-x8.2.jpg",656,596,false],"1536x1536":["https:\/\/varietieseym.com.uy\/wp-content\/uploads\/2024\/07\/sun-x8.2.jpg",656,596,false],"2048x2048":["https:\/\/varietieseym.com.uy\/wp-content\/uploads\/2024\/07\/sun-x8.2.jpg",656,596,false],"woocommerce_thumbnail":["https:\/\/varietieseym.com.uy\/wp-content\/uploads\/2024\/07\/sun-x8.2-300x300.jpg",300,300,true],"woocommerce_single":["https:\/\/varietieseym.com.uy\/wp-content\/uploads\/2024\/07\/sun-x8.2-600x545.jpg",600,545,true],"woocommerce_gallery_thumbnail":["https:\/\/varietieseym.com.uy\/wp-content\/uploads\/2024\/07\/sun-x8.2-100x100.jpg",100,100,true]},"uagb_author_info":{"display_name":"Varietieseym","author_link":"https:\/\/varietieseym.com.uy\/index.php\/author\/"},"uagb_comment_info":0,"uagb_excerpt":"57 luces 150W Lampara Doble","_links":{"self":[{"href":"https:\/\/varietieseym.com.uy\/index.php\/wp-json\/wp\/v2\/product\/6178","targetHints":{"allow":["GET"]}}],"collection":[{"href":"https:\/\/varietieseym.com.uy\/index.php\/wp-json\/wp\/v2\/product"}],"about":[{"href":"https:\/\/varietieseym.com.uy\/index.php\/wp-json\/wp\/v2\/types\/product"}],"wp:featuredmedia":[{"embeddable":true,"href":"https:\/\/varietieseym.com.uy\/index.php\/wp-json\/wp\/v2\/media\/6181"}],"wp:attachment":[{"href":"https:\/\/varietieseym.com.uy\/index.php\/wp-json\/wp\/v2\/media?parent=6178"}],"wp:term":[{"taxonomy":"product_brand","embeddable":true,"href":"https:\/\/varietieseym.com.uy\/index.php\/wp-json\/wp\/v2\/product_brand?post=6178"},{"taxonomy":"product_cat","embeddable":true,"href":"https:\/\/varietieseym.com.uy\/index.php\/wp-json\/wp\/v2\/product_cat?post=6178"},{"taxonomy":"product_tag","embeddable":true,"href":"https:\/\/varietieseym.com.uy\/index.php\/wp-json\/wp\/v2\/product_tag?post=6178"}],"curies":[{"name":"wp","href":"https:\/\/api.w.org\/{rel}","templated":true}]}}