{"id":6182,"date":"2024-07-25T15:45:07","date_gmt":"2024-07-25T18:45:07","guid":{"rendered":"https:\/\/varietieseym.com.uy\/?post_type=product&#038;p=6182"},"modified":"2026-04-05T22:54:55","modified_gmt":"2026-04-06T01:54:55","slug":"lampara-sun-x6-220-w","status":"publish","type":"product","link":"https:\/\/varietieseym.com.uy\/index.php\/producto\/lampara-sun-x6-220-w\/","title":{"rendered":"Lampara Sun X6 220 W"},"content":{"rendered":"<ul class=\"a-unordered-list a-vertical a-spacing-mini\">\n<li class=\"a-spacing-mini\"><span class=\"a-list-item\">Potencia Superior para Profesionales Con 220w de energ\u00eda LED\/UV, la l\u00e1mpara <\/span><span class=\"a-list-item\">Sun X6 ofrece un secado eficiente y r\u00e1pido, indispensable para expertos en manicura.<\/span><\/li>\n<li class=\"a-spacing-mini\"><span class=\"a-list-item\">Tecnolog\u00eda Avanzada: Equipada con una tecnolog\u00eda de curado dual, esta l\u00e1mpara garantiza un acabado perfecto y duradero en todo tipo de u\u00f1as,<\/span><\/li>\n<li class=\"a-spacing-mini\"><span class=\"a-list-item\">Funcionalidad Inteligente y Segura: Con sensores autom\u00e1ticos y temporizadores ajustables, la l\u00e1mpara Sun X6 asegura un curado seguro y personalizado para cada estilo de manicura, desde un kit de u\u00f1as b\u00e1sico hasta las aplicaciones m\u00e1s complejas.<\/span><\/li>\n<\/ul>\n","protected":false},"excerpt":{"rendered":"<p>220W<\/p>\n<p>66 luces<\/p>\n<p>sin puntos frios<\/p>\n","protected":false},"featured_media":6184,"template":"","meta":{"_uag_custom_page_level_css":"","site-sidebar-layout":"default","site-content-layout":"","ast-site-content-layout":"default","site-content-style":"default","site-sidebar-style":"default","ast-global-header-display":"","ast-banner-title-visibility":"","ast-main-header-display":"","ast-hfb-above-header-display":"","ast-hfb-below-header-display":"","ast-hfb-mobile-header-display":"","site-post-title":"","ast-breadcrumbs-content":"","ast-featured-img":"","footer-sml-layout":"","theme-transparent-header-meta":"default","adv-header-id-meta":"","stick-header-meta":"","header-above-stick-meta":"","header-main-stick-meta":"","header-below-stick-meta":"","astra-migrate-meta-layouts":"set","_joinchat":[]},"product_brand":[],"product_cat":[131,141],"product_tag":[],"class_list":{"0":"post-6182","1":"product","2":"type-product","3":"status-publish","4":"has-post-thumbnail","6":"product_cat-unas","7":"product_cat-lamparas","8":"desktop-align-center","9":"tablet-align-left","10":"mobile-align-left","12":"first","13":"outofstock","14":"sale","15":"shipping-taxable","16":"purchasable","17":"product-type-simple"},"uagb_featured_image_src":{"full":["https:\/\/varietieseym.com.uy\/wp-content\/uploads\/2024\/07\/lampara-sun-X6-.jpg",627,627,false],"thumbnail":["https:\/\/varietieseym.com.uy\/wp-content\/uploads\/2024\/07\/lampara-sun-X6--150x150.jpg",150,150,true],"medium":["https:\/\/varietieseym.com.uy\/wp-content\/uploads\/2024\/07\/lampara-sun-X6--300x300.jpg",300,300,true],"medium_large":["https:\/\/varietieseym.com.uy\/wp-content\/uploads\/2024\/07\/lampara-sun-X6-.jpg",627,627,false],"large":["https:\/\/varietieseym.com.uy\/wp-content\/uploads\/2024\/07\/lampara-sun-X6-.jpg",627,627,false],"1536x1536":["https:\/\/varietieseym.com.uy\/wp-content\/uploads\/2024\/07\/lampara-sun-X6-.jpg",627,627,false],"2048x2048":["https:\/\/varietieseym.com.uy\/wp-content\/uploads\/2024\/07\/lampara-sun-X6-.jpg",627,627,false],"woocommerce_thumbnail":["https:\/\/varietieseym.com.uy\/wp-content\/uploads\/2024\/07\/lampara-sun-X6--300x300.jpg",300,300,true],"woocommerce_single":["https:\/\/varietieseym.com.uy\/wp-content\/uploads\/2024\/07\/lampara-sun-X6--600x600.jpg",600,600,true],"woocommerce_gallery_thumbnail":["https:\/\/varietieseym.com.uy\/wp-content\/uploads\/2024\/07\/lampara-sun-X6--100x100.jpg",100,100,true]},"uagb_author_info":{"display_name":"Varietieseym","author_link":"https:\/\/varietieseym.com.uy\/index.php\/author\/"},"uagb_comment_info":0,"uagb_excerpt":"220W 66 luces sin puntos frios","_links":{"self":[{"href":"https:\/\/varietieseym.com.uy\/index.php\/wp-json\/wp\/v2\/product\/6182","targetHints":{"allow":["GET"]}}],"collection":[{"href":"https:\/\/varietieseym.com.uy\/index.php\/wp-json\/wp\/v2\/product"}],"about":[{"href":"https:\/\/varietieseym.com.uy\/index.php\/wp-json\/wp\/v2\/types\/product"}],"wp:featuredmedia":[{"embeddable":true,"href":"https:\/\/varietieseym.com.uy\/index.php\/wp-json\/wp\/v2\/media\/6184"}],"wp:attachment":[{"href":"https:\/\/varietieseym.com.uy\/index.php\/wp-json\/wp\/v2\/media?parent=6182"}],"wp:term":[{"taxonomy":"product_brand","embeddable":true,"href":"https:\/\/varietieseym.com.uy\/index.php\/wp-json\/wp\/v2\/product_brand?post=6182"},{"taxonomy":"product_cat","embeddable":true,"href":"https:\/\/varietieseym.com.uy\/index.php\/wp-json\/wp\/v2\/product_cat?post=6182"},{"taxonomy":"product_tag","embeddable":true,"href":"https:\/\/varietieseym.com.uy\/index.php\/wp-json\/wp\/v2\/product_tag?post=6182"}],"curies":[{"name":"wp","href":"https:\/\/api.w.org\/{rel}","templated":true}]}}