{"id":6234,"date":"2024-07-27T14:37:27","date_gmt":"2024-07-27T17:37:27","guid":{"rendered":"https:\/\/varietieseym.com.uy\/?post_type=product&#038;p=6234"},"modified":"2026-02-19T17:18:04","modified_gmt":"2026-02-19T20:18:04","slug":"bandejas-metalicas-de-trabajo-ovaladas","status":"publish","type":"product","link":"https:\/\/varietieseym.com.uy\/index.php\/producto\/bandejas-metalicas-de-trabajo-ovaladas\/","title":{"rendered":"Bandejas Metalicas de trabajo Ovaladas"},"content":{"rendered":"<ul>\n<li>L\u00edneas elevadas para mantener los art\u00edculos en su interior<\/li>\n<li><span class=\"a-list-item\">Adecuado tanto para u\u00f1as profesionales como para uso dom\u00e9stico personal.<\/span><\/li>\n<li><span class=\"a-list-item\">Espacios de mostrador m\u00e1s ajustados pero a\u00fan deseando un buen almacenamiento, har\u00e1 que tu mostrador se vea organizado en lugar de tener herramientas por todas partes.<\/span><\/li>\n<li><span class=\"a-list-item\">Hecho de acero inoxidable, uso prolongado.<\/span><\/li>\n<li><span class=\"a-list-item\">Ampliamente utilizado para laboratorio, mesa de comedor, cocina, encimera, salones de belleza, estetica, consultorios odontologicos,\u00a0\u00a0<\/span><\/li>\n<\/ul>\n","protected":false},"excerpt":{"rendered":"<p>L\u00edneas elevadas para mantener los art\u00edculos en su interior Adecuado tanto para u\u00f1as profesionales como para uso dom\u00e9stico personal. Espacios de mostrador m\u00e1s ajustados pero a\u00fan deseando un buen almacenamiento, har\u00e1 que tu mostrador se vea organizado en lugar de tener herramientas por todas partes. Hecho de acero inoxidable, uso prolongado. Ampliamente utilizado para laboratorio, &hellip;<\/p>\n<p class=\"read-more\"> <a class=\"\" href=\"https:\/\/varietieseym.com.uy\/index.php\/producto\/bandejas-metalicas-de-trabajo-ovaladas\/\"> <span class=\"screen-reader-text\">Bandejas Metalicas de trabajo Ovaladas<\/span> Leer m\u00e1s &raquo;<\/a><\/p>\n","protected":false},"featured_media":6241,"template":"","meta":{"_uag_custom_page_level_css":"","site-sidebar-layout":"default","site-content-layout":"","ast-site-content-layout":"default","site-content-style":"default","site-sidebar-style":"default","ast-global-header-display":"","ast-banner-title-visibility":"","ast-main-header-display":"","ast-hfb-above-header-display":"","ast-hfb-below-header-display":"","ast-hfb-mobile-header-display":"","site-post-title":"","ast-breadcrumbs-content":"","ast-featured-img":"","footer-sml-layout":"","theme-transparent-header-meta":"default","adv-header-id-meta":"","stick-header-meta":"","header-above-stick-meta":"","header-main-stick-meta":"","header-below-stick-meta":"","astra-migrate-meta-layouts":"set","_joinchat":[]},"product_brand":[],"product_cat":[151,131,132,146,145,147,144,15],"product_tag":[],"class_list":{"0":"post-6234","1":"product","2":"type-product","3":"status-publish","4":"has-post-thumbnail","6":"product_cat-accesorios","7":"product_cat-unas","8":"product_cat-herramientas","9":"product_cat-cejas","10":"product_cat-labios","11":"product_cat-pestanas","12":"product_cat-skincare","13":"product_cat-sin-categorizar","14":"desktop-align-center","15":"tablet-align-left","16":"mobile-align-left","18":"first","19":"instock","20":"shipping-taxable","21":"purchasable","22":"product-type-variable"},"uagb_featured_image_src":{"full":["https:\/\/varietieseym.com.uy\/wp-content\/uploads\/2024\/07\/bandeja-ovalada-1-.jpg",529,604,false],"thumbnail":["https:\/\/varietieseym.com.uy\/wp-content\/uploads\/2024\/07\/bandeja-ovalada-1--150x150.jpg",150,150,true],"medium":["https:\/\/varietieseym.com.uy\/wp-content\/uploads\/2024\/07\/bandeja-ovalada-1--263x300.jpg",263,300,true],"medium_large":["https:\/\/varietieseym.com.uy\/wp-content\/uploads\/2024\/07\/bandeja-ovalada-1-.jpg",529,604,false],"large":["https:\/\/varietieseym.com.uy\/wp-content\/uploads\/2024\/07\/bandeja-ovalada-1-.jpg",529,604,false],"1536x1536":["https:\/\/varietieseym.com.uy\/wp-content\/uploads\/2024\/07\/bandeja-ovalada-1-.jpg",529,604,false],"2048x2048":["https:\/\/varietieseym.com.uy\/wp-content\/uploads\/2024\/07\/bandeja-ovalada-1-.jpg",529,604,false],"woocommerce_thumbnail":["https:\/\/varietieseym.com.uy\/wp-content\/uploads\/2024\/07\/bandeja-ovalada-1--300x300.jpg",300,300,true],"woocommerce_single":["https:\/\/varietieseym.com.uy\/wp-content\/uploads\/2024\/07\/bandeja-ovalada-1-.jpg",529,604,false],"woocommerce_gallery_thumbnail":["https:\/\/varietieseym.com.uy\/wp-content\/uploads\/2024\/07\/bandeja-ovalada-1--100x100.jpg",100,100,true]},"uagb_author_info":{"display_name":"Varietieseym","author_link":"https:\/\/varietieseym.com.uy\/index.php\/author\/"},"uagb_comment_info":0,"uagb_excerpt":"L\u00edneas elevadas para mantener los art\u00edculos en su interior Adecuado tanto para u\u00f1as profesionales como para uso dom\u00e9stico personal. Espacios de mostrador m\u00e1s ajustados pero a\u00fan deseando un buen almacenamiento, har\u00e1 que tu mostrador se vea organizado en lugar de tener herramientas por todas partes. Hecho de acero inoxidable, uso prolongado. Ampliamente utilizado para laboratorio,&hellip;","_links":{"self":[{"href":"https:\/\/varietieseym.com.uy\/index.php\/wp-json\/wp\/v2\/product\/6234","targetHints":{"allow":["GET"]}}],"collection":[{"href":"https:\/\/varietieseym.com.uy\/index.php\/wp-json\/wp\/v2\/product"}],"about":[{"href":"https:\/\/varietieseym.com.uy\/index.php\/wp-json\/wp\/v2\/types\/product"}],"wp:featuredmedia":[{"embeddable":true,"href":"https:\/\/varietieseym.com.uy\/index.php\/wp-json\/wp\/v2\/media\/6241"}],"wp:attachment":[{"href":"https:\/\/varietieseym.com.uy\/index.php\/wp-json\/wp\/v2\/media?parent=6234"}],"wp:term":[{"taxonomy":"product_brand","embeddable":true,"href":"https:\/\/varietieseym.com.uy\/index.php\/wp-json\/wp\/v2\/product_brand?post=6234"},{"taxonomy":"product_cat","embeddable":true,"href":"https:\/\/varietieseym.com.uy\/index.php\/wp-json\/wp\/v2\/product_cat?post=6234"},{"taxonomy":"product_tag","embeddable":true,"href":"https:\/\/varietieseym.com.uy\/index.php\/wp-json\/wp\/v2\/product_tag?post=6234"}],"curies":[{"name":"wp","href":"https:\/\/api.w.org\/{rel}","templated":true}]}}