{"id":6326,"date":"2024-07-31T17:19:20","date_gmt":"2024-07-31T20:19:20","guid":{"rendered":"https:\/\/varietieseym.com.uy\/?post_type=product&#038;p=6326"},"modified":"2024-12-23T18:40:24","modified_gmt":"2024-12-23T21:40:24","slug":"kit-de-herramientas-para-manicura-o-pedicura-16-piezas","status":"publish","type":"product","link":"https:\/\/varietieseym.com.uy\/index.php\/producto\/kit-de-herramientas-para-manicura-o-pedicura-16-piezas\/","title":{"rendered":"Kit De Herramientas Para Manicura O Pedicura 16 Piezas"},"content":{"rendered":"<p>1. El juego de u\u00f1as es afilado, duradero, antideslizante y resistente a da\u00f1os. , y todas las herramientas est\u00e1n hechas de acero inoxidable con resistencia y dureza. Incluso las u\u00f1as gruesas se pueden cortar f\u00e1cilmente.<\/p>\n<p>2. Estuche de simil cuero port\u00e1til empaquetado, f\u00e1cil de transportar y esencial para viajar.<\/p>\n<p>3. La mayor\u00eda de los kits de u\u00f1as se centran en recortar las u\u00f1as, mientras que nuestros kits de u\u00f1as tienen m\u00faltiples funciones. Nuestro juego de manicura satisface sus necesidades diarias, incluido el cuidado de las manos, el cuidado facial y el cuidado de los pies.<\/p>\n<p>4. Estuche de simil cuero para transporte de viaje: dise\u00f1ado para un tama\u00f1o port\u00e1til. Este estuche liviano se puede guardar en un bolso para proteger, almacenar y evitar que se pierdan sus herramientas. Perfecto para viajar o regresar a casa<\/p>\n<p>5. Estuche dise\u00f1ado para tama\u00f1o port\u00e1til se puede guardar en un bolso o bandolera para proteger, almacenar y evitar que se pierdan sus herramientas. Perfecto para viajar o volver a casa.<\/p>\n<p>&nbsp;<\/p>\n<p>&nbsp;<\/p>\n","protected":false},"excerpt":{"rendered":"<p>1. El juego de u\u00f1as es afilado, duradero, antideslizante y resistente a da\u00f1os. , y todas las herramientas est\u00e1n hechas de acero inoxidable con resistencia y dureza. Incluso las u\u00f1as gruesas se pueden cortar f\u00e1cilmente. 2. Estuche de simil cuero port\u00e1til empaquetado, f\u00e1cil de transportar y esencial para viajar. 3. La mayor\u00eda de los kits &hellip;<\/p>\n<p class=\"read-more\"> <a class=\"\" href=\"https:\/\/varietieseym.com.uy\/index.php\/producto\/kit-de-herramientas-para-manicura-o-pedicura-16-piezas\/\"> <span class=\"screen-reader-text\">Kit De Herramientas Para Manicura O Pedicura 16 Piezas<\/span> Leer m\u00e1s &raquo;<\/a><\/p>\n","protected":false},"featured_media":6328,"template":"","meta":{"_uag_custom_page_level_css":"","site-sidebar-layout":"default","site-content-layout":"","ast-site-content-layout":"default","site-content-style":"default","site-sidebar-style":"default","ast-global-header-display":"","ast-banner-title-visibility":"","ast-main-header-display":"","ast-hfb-above-header-display":"","ast-hfb-below-header-display":"","ast-hfb-mobile-header-display":"","site-post-title":"","ast-breadcrumbs-content":"","ast-featured-img":"","footer-sml-layout":"","theme-transparent-header-meta":"default","adv-header-id-meta":"","stick-header-meta":"","header-above-stick-meta":"","header-main-stick-meta":"","header-below-stick-meta":"","astra-migrate-meta-layouts":"set","_joinchat":[]},"product_brand":[],"product_cat":[151,131,132],"product_tag":[],"class_list":{"0":"post-6326","1":"product","2":"type-product","3":"status-publish","4":"has-post-thumbnail","6":"product_cat-accesorios","7":"product_cat-unas","8":"product_cat-herramientas","9":"desktop-align-center","10":"tablet-align-left","11":"mobile-align-left","13":"first","14":"instock","15":"sale","16":"shipping-taxable","17":"purchasable","18":"product-type-simple"},"uagb_featured_image_src":{"full":["https:\/\/varietieseym.com.uy\/wp-content\/uploads\/2024\/07\/kit-manicura-1.jpg",625,634,false],"thumbnail":["https:\/\/varietieseym.com.uy\/wp-content\/uploads\/2024\/07\/kit-manicura-1-150x150.jpg",150,150,true],"medium":["https:\/\/varietieseym.com.uy\/wp-content\/uploads\/2024\/07\/kit-manicura-1-296x300.jpg",296,300,true],"medium_large":["https:\/\/varietieseym.com.uy\/wp-content\/uploads\/2024\/07\/kit-manicura-1.jpg",625,634,false],"large":["https:\/\/varietieseym.com.uy\/wp-content\/uploads\/2024\/07\/kit-manicura-1.jpg",625,634,false],"1536x1536":["https:\/\/varietieseym.com.uy\/wp-content\/uploads\/2024\/07\/kit-manicura-1.jpg",625,634,false],"2048x2048":["https:\/\/varietieseym.com.uy\/wp-content\/uploads\/2024\/07\/kit-manicura-1.jpg",625,634,false],"woocommerce_thumbnail":["https:\/\/varietieseym.com.uy\/wp-content\/uploads\/2024\/07\/kit-manicura-1-300x300.jpg",300,300,true],"woocommerce_single":["https:\/\/varietieseym.com.uy\/wp-content\/uploads\/2024\/07\/kit-manicura-1-600x609.jpg",600,609,true],"woocommerce_gallery_thumbnail":["https:\/\/varietieseym.com.uy\/wp-content\/uploads\/2024\/07\/kit-manicura-1-100x100.jpg",100,100,true]},"uagb_author_info":{"display_name":"Varietieseym","author_link":"https:\/\/varietieseym.com.uy\/index.php\/author\/"},"uagb_comment_info":0,"uagb_excerpt":"1. El juego de u\u00f1as es afilado, duradero, antideslizante y resistente a da\u00f1os. , y todas las herramientas est\u00e1n hechas de acero inoxidable con resistencia y dureza. Incluso las u\u00f1as gruesas se pueden cortar f\u00e1cilmente. 2. Estuche de simil cuero port\u00e1til empaquetado, f\u00e1cil de transportar y esencial para viajar. 3. La mayor\u00eda de los kits&hellip;","_links":{"self":[{"href":"https:\/\/varietieseym.com.uy\/index.php\/wp-json\/wp\/v2\/product\/6326","targetHints":{"allow":["GET"]}}],"collection":[{"href":"https:\/\/varietieseym.com.uy\/index.php\/wp-json\/wp\/v2\/product"}],"about":[{"href":"https:\/\/varietieseym.com.uy\/index.php\/wp-json\/wp\/v2\/types\/product"}],"wp:featuredmedia":[{"embeddable":true,"href":"https:\/\/varietieseym.com.uy\/index.php\/wp-json\/wp\/v2\/media\/6328"}],"wp:attachment":[{"href":"https:\/\/varietieseym.com.uy\/index.php\/wp-json\/wp\/v2\/media?parent=6326"}],"wp:term":[{"taxonomy":"product_brand","embeddable":true,"href":"https:\/\/varietieseym.com.uy\/index.php\/wp-json\/wp\/v2\/product_brand?post=6326"},{"taxonomy":"product_cat","embeddable":true,"href":"https:\/\/varietieseym.com.uy\/index.php\/wp-json\/wp\/v2\/product_cat?post=6326"},{"taxonomy":"product_tag","embeddable":true,"href":"https:\/\/varietieseym.com.uy\/index.php\/wp-json\/wp\/v2\/product_tag?post=6326"}],"curies":[{"name":"wp","href":"https:\/\/api.w.org\/{rel}","templated":true}]}}