{"id":6330,"date":"2024-07-31T22:38:56","date_gmt":"2024-08-01T01:38:56","guid":{"rendered":"https:\/\/varietieseym.com.uy\/?post_type=product&#038;p=6330"},"modified":"2025-05-15T22:24:08","modified_gmt":"2025-05-16T01:24:08","slug":"set-de-10-piezas-kit-para-aseo-higiene-y-cuidado-para-bebe","status":"publish","type":"product","link":"https:\/\/varietieseym.com.uy\/index.php\/producto\/set-de-10-piezas-kit-para-aseo-higiene-y-cuidado-para-bebe\/","title":{"rendered":"Set De 10 Piezas Kit Para Aseo Higiene Y Cuidado Para Bebe"},"content":{"rendered":"<ul class=\"a-unordered-list a-vertical a-spacing-mini\">\n<li class=\"a-spacing-mini\"><span class=\"a-list-item\">EL PAQUETE INCLUYE: Este kit de cuidado para beb\u00e9s de diez piezas incluye todas las herramientas de cuidado necesarias para garantizar que los beb\u00e9s est\u00e9n bien cuidados, incluidos: 1 corta\u00fa\u00f1as, 1 peine, 1 tijera, 1 formador de u\u00f1as, 1 cepillo para el cabello, 1 gotero, 1 cepillo para los dedos, 1 palillo para las orejas, 1 pinza y 1 aspirador nasal. Estas herramientas son esenciales para ayudar a los beb\u00e9s a lucir lo mejor posible.<\/span><\/li>\n<li class=\"a-spacing-mini\"><span class=\"a-list-item\">DISE\u00d1OS \u00daNICOS: Ahora hay un completo kit de cuidado para beb\u00e9s dise\u00f1ado espec\u00edficamente para ellos y disponible para ayudar a los padres a mantener a sus peque\u00f1os limpios y ordenados. Este kit facilita a los padres el cuidado de sus beb\u00e9s y garantiza que luzcan lo mejor posible.<\/span><\/li>\n<li class=\"a-spacing-mini\"><span class=\"a-list-item\">GARANT\u00cdA DE SATISFACCI\u00d3N: El kit de cuidado personal para beb\u00e9s brinda una sensaci\u00f3n de satisfacci\u00f3n al saber que tiene todo lo que necesita para cuidar de las necesidades de cuidado personal de su beb\u00e9. Comun\u00edquese con nosotros para obtener cualquier ayuda adicional que pueda necesitar. Nuestro equipo le brindar\u00e1 asistencia.<\/span><\/li>\n<\/ul>\n","protected":false},"excerpt":{"rendered":"<p>EL PAQUETE INCLUYE: Este kit de cuidado para beb\u00e9s de diez piezas incluye todas las herramientas de cuidado necesarias para garantizar que los beb\u00e9s est\u00e9n bien cuidados, incluidos: 1 corta\u00fa\u00f1as, 1 peine, 1 tijera, 1 formador de u\u00f1as, 1 cepillo para el cabello, 1 gotero, 1 cepillo para los dedos, 1 palillo para las orejas, &hellip;<\/p>\n<p class=\"read-more\"> <a class=\"\" href=\"https:\/\/varietieseym.com.uy\/index.php\/producto\/set-de-10-piezas-kit-para-aseo-higiene-y-cuidado-para-bebe\/\"> <span class=\"screen-reader-text\">Set De 10 Piezas Kit Para Aseo Higiene Y Cuidado Para Bebe<\/span> Leer m\u00e1s &raquo;<\/a><\/p>\n","protected":false},"featured_media":6334,"template":"","meta":{"_uag_custom_page_level_css":"","site-sidebar-layout":"default","site-content-layout":"","ast-site-content-layout":"default","site-content-style":"default","site-sidebar-style":"default","ast-global-header-display":"","ast-banner-title-visibility":"","ast-main-header-display":"","ast-hfb-above-header-display":"","ast-hfb-below-header-display":"","ast-hfb-mobile-header-display":"","site-post-title":"","ast-breadcrumbs-content":"","ast-featured-img":"","footer-sml-layout":"","theme-transparent-header-meta":"default","adv-header-id-meta":"","stick-header-meta":"","header-above-stick-meta":"","header-main-stick-meta":"","header-below-stick-meta":"","astra-migrate-meta-layouts":"set","_joinchat":[]},"product_brand":[],"product_cat":[292,131],"product_tag":[],"class_list":{"0":"post-6330","1":"product","2":"type-product","3":"status-publish","4":"has-post-thumbnail","6":"product_cat-kids","7":"product_cat-unas","8":"desktop-align-center","9":"tablet-align-left","10":"mobile-align-left","12":"first","13":"instock","14":"sale","15":"shipping-taxable","16":"purchasable","17":"product-type-variable"},"uagb_featured_image_src":{"full":["https:\/\/varietieseym.com.uy\/wp-content\/uploads\/2024\/07\/kit-bebe4.jpg",629,606,false],"thumbnail":["https:\/\/varietieseym.com.uy\/wp-content\/uploads\/2024\/07\/kit-bebe4-150x150.jpg",150,150,true],"medium":["https:\/\/varietieseym.com.uy\/wp-content\/uploads\/2024\/07\/kit-bebe4-300x289.jpg",300,289,true],"medium_large":["https:\/\/varietieseym.com.uy\/wp-content\/uploads\/2024\/07\/kit-bebe4.jpg",629,606,false],"large":["https:\/\/varietieseym.com.uy\/wp-content\/uploads\/2024\/07\/kit-bebe4.jpg",629,606,false],"1536x1536":["https:\/\/varietieseym.com.uy\/wp-content\/uploads\/2024\/07\/kit-bebe4.jpg",629,606,false],"2048x2048":["https:\/\/varietieseym.com.uy\/wp-content\/uploads\/2024\/07\/kit-bebe4.jpg",629,606,false],"woocommerce_thumbnail":["https:\/\/varietieseym.com.uy\/wp-content\/uploads\/2024\/07\/kit-bebe4-300x300.jpg",300,300,true],"woocommerce_single":["https:\/\/varietieseym.com.uy\/wp-content\/uploads\/2024\/07\/kit-bebe4-600x578.jpg",600,578,true],"woocommerce_gallery_thumbnail":["https:\/\/varietieseym.com.uy\/wp-content\/uploads\/2024\/07\/kit-bebe4-100x100.jpg",100,100,true]},"uagb_author_info":{"display_name":"Varietieseym","author_link":"https:\/\/varietieseym.com.uy\/index.php\/author\/"},"uagb_comment_info":0,"uagb_excerpt":"EL PAQUETE INCLUYE: Este kit de cuidado para beb\u00e9s de diez piezas incluye todas las herramientas de cuidado necesarias para garantizar que los beb\u00e9s est\u00e9n bien cuidados, incluidos: 1 corta\u00fa\u00f1as, 1 peine, 1 tijera, 1 formador de u\u00f1as, 1 cepillo para el cabello, 1 gotero, 1 cepillo para los dedos, 1 palillo para las orejas,&hellip;","_links":{"self":[{"href":"https:\/\/varietieseym.com.uy\/index.php\/wp-json\/wp\/v2\/product\/6330","targetHints":{"allow":["GET"]}}],"collection":[{"href":"https:\/\/varietieseym.com.uy\/index.php\/wp-json\/wp\/v2\/product"}],"about":[{"href":"https:\/\/varietieseym.com.uy\/index.php\/wp-json\/wp\/v2\/types\/product"}],"wp:featuredmedia":[{"embeddable":true,"href":"https:\/\/varietieseym.com.uy\/index.php\/wp-json\/wp\/v2\/media\/6334"}],"wp:attachment":[{"href":"https:\/\/varietieseym.com.uy\/index.php\/wp-json\/wp\/v2\/media?parent=6330"}],"wp:term":[{"taxonomy":"product_brand","embeddable":true,"href":"https:\/\/varietieseym.com.uy\/index.php\/wp-json\/wp\/v2\/product_brand?post=6330"},{"taxonomy":"product_cat","embeddable":true,"href":"https:\/\/varietieseym.com.uy\/index.php\/wp-json\/wp\/v2\/product_cat?post=6330"},{"taxonomy":"product_tag","embeddable":true,"href":"https:\/\/varietieseym.com.uy\/index.php\/wp-json\/wp\/v2\/product_tag?post=6330"}],"curies":[{"name":"wp","href":"https:\/\/api.w.org\/{rel}","templated":true}]}}