{"id":6374,"date":"2024-08-01T22:49:18","date_gmt":"2024-08-02T01:49:18","guid":{"rendered":"https:\/\/varietieseym.com.uy\/?post_type=product&#038;p=6374"},"modified":"2026-05-01T00:06:00","modified_gmt":"2026-05-01T03:06:00","slug":"lampara-sun-5-48w","status":"publish","type":"product","link":"https:\/\/varietieseym.com.uy\/index.php\/producto\/lampara-sun-5-48w\/","title":{"rendered":"Lampara Sun 5 48W"},"content":{"rendered":"<ul class=\"a-unordered-list a-vertical a-spacing-mini\">\n<li class=\"a-spacing-mini\"><span class=\"a-list-item\">Cura todo tipo de geles de u\u00f1as funciona con todos los esmaltes de u\u00f1as de gel UV y LED, p. ej. Geles duros, constructor, gel de escultura, pegamentos.<\/span><\/li>\n<li class=\"a-spacing-mini\"><span class=\"a-list-item\">R\u00c1PIDO Y F\u00c1CIL DE USAR Es de secado r\u00e1pido que puede acortar el tiempo de curado en un 50%,<\/span><\/li>\n<li class=\"a-spacing-mini\"><span class=\"a-list-item\">Esta lampara de u\u00f1as inteligente tiene un sensor de mano. Mano adentro, luz encendida; entrega, luz apagada. No es necesario presionar el bot\u00f3n de encendido\/apagado. 4 ajustes de temporizador: 10s\/30s\/60s\/99s para su selecci\u00f3n de acuerdo a las necesidades de bricolaje.<\/span><\/li>\n<li class=\"a-spacing-mini\"><span class=\"a-list-item\">Ideal para uso dom\u00e9stico y sal\u00f3n: secador de u\u00f1as SUN X5 con 36 piezas de cuentas LED duraderas de 50000 horas de vida \u00fatil. Aspecto moderno y zona ancha hacen que sea m\u00e1s f\u00e1cil curar 5 u\u00f1as de las manos o pies al mismo tiempo.<\/span><\/li>\n<li>Conector USB puede ser usada con powerband, laptop, conector de telefono.<\/li>\n<\/ul>\n","protected":false},"excerpt":{"rendered":"<p>Cura todo tipo de geles de u\u00f1as funciona con todos los esmaltes de u\u00f1as de gel UV y LED, p. ej. Geles duros, constructor, gel de escultura, pegamentos. R\u00c1PIDO Y F\u00c1CIL DE USAR Es de secado r\u00e1pido que puede acortar el tiempo de curado en un 50%, Esta lampara de u\u00f1as inteligente tiene un sensor &hellip;<\/p>\n<p class=\"read-more\"> <a class=\"\" href=\"https:\/\/varietieseym.com.uy\/index.php\/producto\/lampara-sun-5-48w\/\"> <span class=\"screen-reader-text\">Lampara Sun 5 48W<\/span> Leer m\u00e1s &raquo;<\/a><\/p>\n","protected":false},"featured_media":6377,"template":"","meta":{"_uag_custom_page_level_css":"","site-sidebar-layout":"default","site-content-layout":"","ast-site-content-layout":"default","site-content-style":"default","site-sidebar-style":"default","ast-global-header-display":"","ast-banner-title-visibility":"","ast-main-header-display":"","ast-hfb-above-header-display":"","ast-hfb-below-header-display":"","ast-hfb-mobile-header-display":"","site-post-title":"","ast-breadcrumbs-content":"","ast-featured-img":"","footer-sml-layout":"","theme-transparent-header-meta":"default","adv-header-id-meta":"","stick-header-meta":"","header-above-stick-meta":"","header-main-stick-meta":"","header-below-stick-meta":"","astra-migrate-meta-layouts":"set","_joinchat":[]},"product_brand":[],"product_cat":[131,141],"product_tag":[],"class_list":{"0":"post-6374","1":"product","2":"type-product","3":"status-publish","4":"has-post-thumbnail","6":"product_cat-unas","7":"product_cat-lamparas","8":"desktop-align-center","9":"tablet-align-left","10":"mobile-align-left","12":"first","13":"instock","14":"shipping-taxable","15":"purchasable","16":"product-type-simple"},"uagb_featured_image_src":{"full":["https:\/\/varietieseym.com.uy\/wp-content\/uploads\/2024\/08\/lampara-48w-3.jpg",627,564,false],"thumbnail":["https:\/\/varietieseym.com.uy\/wp-content\/uploads\/2024\/08\/lampara-48w-3-150x150.jpg",150,150,true],"medium":["https:\/\/varietieseym.com.uy\/wp-content\/uploads\/2024\/08\/lampara-48w-3-300x270.jpg",300,270,true],"medium_large":["https:\/\/varietieseym.com.uy\/wp-content\/uploads\/2024\/08\/lampara-48w-3.jpg",627,564,false],"large":["https:\/\/varietieseym.com.uy\/wp-content\/uploads\/2024\/08\/lampara-48w-3.jpg",627,564,false],"1536x1536":["https:\/\/varietieseym.com.uy\/wp-content\/uploads\/2024\/08\/lampara-48w-3.jpg",627,564,false],"2048x2048":["https:\/\/varietieseym.com.uy\/wp-content\/uploads\/2024\/08\/lampara-48w-3.jpg",627,564,false],"woocommerce_thumbnail":["https:\/\/varietieseym.com.uy\/wp-content\/uploads\/2024\/08\/lampara-48w-3-300x300.jpg",300,300,true],"woocommerce_single":["https:\/\/varietieseym.com.uy\/wp-content\/uploads\/2024\/08\/lampara-48w-3-600x540.jpg",600,540,true],"woocommerce_gallery_thumbnail":["https:\/\/varietieseym.com.uy\/wp-content\/uploads\/2024\/08\/lampara-48w-3-100x100.jpg",100,100,true]},"uagb_author_info":{"display_name":"Varietieseym","author_link":"https:\/\/varietieseym.com.uy\/index.php\/author\/"},"uagb_comment_info":0,"uagb_excerpt":"Cura todo tipo de geles de u\u00f1as funciona con todos los esmaltes de u\u00f1as de gel UV y LED, p. ej. Geles duros, constructor, gel de escultura, pegamentos. R\u00c1PIDO Y F\u00c1CIL DE USAR Es de secado r\u00e1pido que puede acortar el tiempo de curado en un 50%, Esta lampara de u\u00f1as inteligente tiene un sensor&hellip;","_links":{"self":[{"href":"https:\/\/varietieseym.com.uy\/index.php\/wp-json\/wp\/v2\/product\/6374","targetHints":{"allow":["GET"]}}],"collection":[{"href":"https:\/\/varietieseym.com.uy\/index.php\/wp-json\/wp\/v2\/product"}],"about":[{"href":"https:\/\/varietieseym.com.uy\/index.php\/wp-json\/wp\/v2\/types\/product"}],"wp:featuredmedia":[{"embeddable":true,"href":"https:\/\/varietieseym.com.uy\/index.php\/wp-json\/wp\/v2\/media\/6377"}],"wp:attachment":[{"href":"https:\/\/varietieseym.com.uy\/index.php\/wp-json\/wp\/v2\/media?parent=6374"}],"wp:term":[{"taxonomy":"product_brand","embeddable":true,"href":"https:\/\/varietieseym.com.uy\/index.php\/wp-json\/wp\/v2\/product_brand?post=6374"},{"taxonomy":"product_cat","embeddable":true,"href":"https:\/\/varietieseym.com.uy\/index.php\/wp-json\/wp\/v2\/product_cat?post=6374"},{"taxonomy":"product_tag","embeddable":true,"href":"https:\/\/varietieseym.com.uy\/index.php\/wp-json\/wp\/v2\/product_tag?post=6374"}],"curies":[{"name":"wp","href":"https:\/\/api.w.org\/{rel}","templated":true}]}}