{"id":6379,"date":"2024-08-02T00:11:36","date_gmt":"2024-08-02T03:11:36","guid":{"rendered":"https:\/\/varietieseym.com.uy\/?post_type=product&#038;p=6379"},"modified":"2025-08-11T17:12:37","modified_gmt":"2025-08-11T20:12:37","slug":"organizador-de-viaje-valija-set-6-kit-estuche-ropa-neceser","status":"publish","type":"product","link":"https:\/\/varietieseym.com.uy\/index.php\/producto\/organizador-de-viaje-valija-set-6-kit-estuche-ropa-neceser\/","title":{"rendered":"Organizador De Viaje Valija Set 6 Kit Estuche Ropa Neceser"},"content":{"rendered":"<p>Bolsas de almacenamiento de ropa, organizador ordenado<br \/>\nLigero, resistente al agua, port\u00e1til, plegable y f\u00e1cil de almacenar.<br \/>\nPerfecto para viajes, mochileros, campamentos, gimnasio, playa o yoga.<br \/>\nAhorre tiempo y espacio y aseg\u00farese de que todas sus pertenencias personales est\u00e9n en un lugar conveniente.<br \/>\nLos cubos de embalaje port\u00e1tiles te permiten viajar o almacenar ropa, accesorios y mucho m\u00e1s.<br \/>\nLa bolsa maleta para guardar equipaje tiene un dise\u00f1o perforado que permite una buena ventilaci\u00f3n y mantiene la ropa con un olor limpio y fresco.<br \/>\nEste conjunto vers\u00e1til incluye seis piezas de diferentes tama\u00f1os para satisfacer sus necesidades.<br \/>\n6 tama\u00f1os diferentes de bolsas para ropa, zapatos, cepillos de dientes y maquillaje.<\/p>\n<p>&nbsp;<\/p>\n<p>&nbsp;<\/p>\n","protected":false},"excerpt":{"rendered":"<p>Bolsas de almacenamiento de ropa, organizador ordenado Ligero, resistente al agua, port\u00e1til, plegable y f\u00e1cil de almacenar. Perfecto para viajes, mochileros, campamentos, gimnasio, playa o yoga. Ahorre tiempo y espacio y aseg\u00farese de que todas sus pertenencias personales est\u00e9n en un lugar conveniente. Los cubos de embalaje port\u00e1tiles te permiten viajar o almacenar ropa, accesorios &hellip;<\/p>\n<p class=\"read-more\"> <a class=\"\" href=\"https:\/\/varietieseym.com.uy\/index.php\/producto\/organizador-de-viaje-valija-set-6-kit-estuche-ropa-neceser\/\"> <span class=\"screen-reader-text\">Organizador De Viaje Valija Set 6 Kit Estuche Ropa Neceser<\/span> Leer m\u00e1s &raquo;<\/a><\/p>\n","protected":false},"featured_media":6387,"template":"","meta":{"_uag_custom_page_level_css":"","site-sidebar-layout":"default","site-content-layout":"","ast-site-content-layout":"default","site-content-style":"default","site-sidebar-style":"default","ast-global-header-display":"","ast-banner-title-visibility":"","ast-main-header-display":"","ast-hfb-above-header-display":"","ast-hfb-below-header-display":"","ast-hfb-mobile-header-display":"","site-post-title":"","ast-breadcrumbs-content":"","ast-featured-img":"","footer-sml-layout":"","theme-transparent-header-meta":"default","adv-header-id-meta":"","stick-header-meta":"","header-above-stick-meta":"","header-main-stick-meta":"","header-below-stick-meta":"","astra-migrate-meta-layouts":"set","_joinchat":[]},"product_brand":[],"product_cat":[151,134,137,146,145,147,144,143,15],"product_tag":[],"class_list":{"0":"post-6379","1":"product","2":"type-product","3":"status-publish","4":"has-post-thumbnail","6":"product_cat-accesorios","7":"product_cat-organizadores","8":"product_cat-otros","9":"product_cat-cejas","10":"product_cat-labios","11":"product_cat-pestanas","12":"product_cat-skincare","13":"product_cat-cabello","14":"product_cat-sin-categorizar","15":"desktop-align-center","16":"tablet-align-left","17":"mobile-align-left","19":"first","20":"outofstock","21":"shipping-taxable","22":"purchasable","23":"product-type-simple"},"uagb_featured_image_src":{"full":["https:\/\/varietieseym.com.uy\/wp-content\/uploads\/2024\/08\/kit-bolsos-viaje-.jpg",540,613,false],"thumbnail":["https:\/\/varietieseym.com.uy\/wp-content\/uploads\/2024\/08\/kit-bolsos-viaje--150x150.jpg",150,150,true],"medium":["https:\/\/varietieseym.com.uy\/wp-content\/uploads\/2024\/08\/kit-bolsos-viaje--264x300.jpg",264,300,true],"medium_large":["https:\/\/varietieseym.com.uy\/wp-content\/uploads\/2024\/08\/kit-bolsos-viaje-.jpg",540,613,false],"large":["https:\/\/varietieseym.com.uy\/wp-content\/uploads\/2024\/08\/kit-bolsos-viaje-.jpg",540,613,false],"1536x1536":["https:\/\/varietieseym.com.uy\/wp-content\/uploads\/2024\/08\/kit-bolsos-viaje-.jpg",540,613,false],"2048x2048":["https:\/\/varietieseym.com.uy\/wp-content\/uploads\/2024\/08\/kit-bolsos-viaje-.jpg",540,613,false],"woocommerce_thumbnail":["https:\/\/varietieseym.com.uy\/wp-content\/uploads\/2024\/08\/kit-bolsos-viaje--300x300.jpg",300,300,true],"woocommerce_single":["https:\/\/varietieseym.com.uy\/wp-content\/uploads\/2024\/08\/kit-bolsos-viaje-.jpg",540,613,false],"woocommerce_gallery_thumbnail":["https:\/\/varietieseym.com.uy\/wp-content\/uploads\/2024\/08\/kit-bolsos-viaje--100x100.jpg",100,100,true]},"uagb_author_info":{"display_name":"Varietieseym","author_link":"https:\/\/varietieseym.com.uy\/index.php\/author\/"},"uagb_comment_info":0,"uagb_excerpt":"Bolsas de almacenamiento de ropa, organizador ordenado Ligero, resistente al agua, port\u00e1til, plegable y f\u00e1cil de almacenar. Perfecto para viajes, mochileros, campamentos, gimnasio, playa o yoga. Ahorre tiempo y espacio y aseg\u00farese de que todas sus pertenencias personales est\u00e9n en un lugar conveniente. Los cubos de embalaje port\u00e1tiles te permiten viajar o almacenar ropa, accesorios&hellip;","_links":{"self":[{"href":"https:\/\/varietieseym.com.uy\/index.php\/wp-json\/wp\/v2\/product\/6379","targetHints":{"allow":["GET"]}}],"collection":[{"href":"https:\/\/varietieseym.com.uy\/index.php\/wp-json\/wp\/v2\/product"}],"about":[{"href":"https:\/\/varietieseym.com.uy\/index.php\/wp-json\/wp\/v2\/types\/product"}],"wp:featuredmedia":[{"embeddable":true,"href":"https:\/\/varietieseym.com.uy\/index.php\/wp-json\/wp\/v2\/media\/6387"}],"wp:attachment":[{"href":"https:\/\/varietieseym.com.uy\/index.php\/wp-json\/wp\/v2\/media?parent=6379"}],"wp:term":[{"taxonomy":"product_brand","embeddable":true,"href":"https:\/\/varietieseym.com.uy\/index.php\/wp-json\/wp\/v2\/product_brand?post=6379"},{"taxonomy":"product_cat","embeddable":true,"href":"https:\/\/varietieseym.com.uy\/index.php\/wp-json\/wp\/v2\/product_cat?post=6379"},{"taxonomy":"product_tag","embeddable":true,"href":"https:\/\/varietieseym.com.uy\/index.php\/wp-json\/wp\/v2\/product_tag?post=6379"}],"curies":[{"name":"wp","href":"https:\/\/api.w.org\/{rel}","templated":true}]}}