{"id":6392,"date":"2024-08-02T00:39:21","date_gmt":"2024-08-02T03:39:21","guid":{"rendered":"https:\/\/varietieseym.com.uy\/?post_type=product&#038;p=6392"},"modified":"2025-01-02T16:00:53","modified_gmt":"2025-01-02T19:00:53","slug":"papel-nylon-film-para-lifting-de-pestanas-laminado-cejas","status":"publish","type":"product","link":"https:\/\/varietieseym.com.uy\/index.php\/producto\/papel-nylon-film-para-lifting-de-pestanas-laminado-cejas\/","title":{"rendered":"Papel- Nylon Film Para Lifting De Pesta\u00f1as, Laminado Cejas"},"content":{"rendered":"<p>Se puede utilizar para la coloraci\u00f3n de cejas con henna, para microblading y para micropigmentaci\u00f3n. La caja tiene adherido un filamento que ayuda a realizar el corte en el papel sin que se desperdicie producto.<\/p>\n<div class=\"wDYxhc\" lang=\"es-419\" data-md=\"83\">\n<div class=\"di3YZe\">\n<div class=\"RqBzHd\">\n<ul>\n<li>Rollo film\u00a0para\u00a0microblading,\u00a0cejas, pesta\u00f1as.<\/li>\n<li>-Color: Transparente.<\/li>\n<li>-200mtr.<\/li>\n<\/ul>\n<\/div>\n<\/div>\n<\/div>\n","protected":false},"excerpt":{"rendered":"<p>Se puede utilizar para la coloraci\u00f3n de cejas con henna, para microblading y para micropigmentaci\u00f3n. La caja tiene adherido un filamento que ayuda a realizar el corte en el papel sin que se desperdicie producto. Rollo film\u00a0para\u00a0microblading,\u00a0cejas, pesta\u00f1as. -Color: Transparente. -200mtr.<\/p>\n","protected":false},"featured_media":6394,"template":"","meta":{"_uag_custom_page_level_css":"","site-sidebar-layout":"default","site-content-layout":"","ast-site-content-layout":"default","site-content-style":"default","site-sidebar-style":"default","ast-global-header-display":"","ast-banner-title-visibility":"","ast-main-header-display":"","ast-hfb-above-header-display":"","ast-hfb-below-header-display":"","ast-hfb-mobile-header-display":"","site-post-title":"","ast-breadcrumbs-content":"","ast-featured-img":"","footer-sml-layout":"","theme-transparent-header-meta":"default","adv-header-id-meta":"","stick-header-meta":"","header-above-stick-meta":"","header-main-stick-meta":"","header-below-stick-meta":"","astra-migrate-meta-layouts":"set","_joinchat":[]},"product_brand":[],"product_cat":[256,146,145,147],"product_tag":[],"class_list":{"0":"post-6392","1":"product","2":"type-product","3":"status-publish","4":"has-post-thumbnail","6":"product_cat-accesorios-pestanas","7":"product_cat-cejas","8":"product_cat-labios","9":"product_cat-pestanas","10":"desktop-align-center","11":"tablet-align-left","12":"mobile-align-left","14":"first","15":"instock","16":"shipping-taxable","17":"purchasable","18":"product-type-simple"},"uagb_featured_image_src":{"full":["https:\/\/varietieseym.com.uy\/wp-content\/uploads\/2024\/08\/film-laminado-de-cejas-.jpg",633,628,false],"thumbnail":["https:\/\/varietieseym.com.uy\/wp-content\/uploads\/2024\/08\/film-laminado-de-cejas--150x150.jpg",150,150,true],"medium":["https:\/\/varietieseym.com.uy\/wp-content\/uploads\/2024\/08\/film-laminado-de-cejas--300x298.jpg",300,298,true],"medium_large":["https:\/\/varietieseym.com.uy\/wp-content\/uploads\/2024\/08\/film-laminado-de-cejas-.jpg",633,628,false],"large":["https:\/\/varietieseym.com.uy\/wp-content\/uploads\/2024\/08\/film-laminado-de-cejas-.jpg",633,628,false],"1536x1536":["https:\/\/varietieseym.com.uy\/wp-content\/uploads\/2024\/08\/film-laminado-de-cejas-.jpg",633,628,false],"2048x2048":["https:\/\/varietieseym.com.uy\/wp-content\/uploads\/2024\/08\/film-laminado-de-cejas-.jpg",633,628,false],"woocommerce_thumbnail":["https:\/\/varietieseym.com.uy\/wp-content\/uploads\/2024\/08\/film-laminado-de-cejas--300x300.jpg",300,300,true],"woocommerce_single":["https:\/\/varietieseym.com.uy\/wp-content\/uploads\/2024\/08\/film-laminado-de-cejas--600x595.jpg",600,595,true],"woocommerce_gallery_thumbnail":["https:\/\/varietieseym.com.uy\/wp-content\/uploads\/2024\/08\/film-laminado-de-cejas--100x100.jpg",100,100,true]},"uagb_author_info":{"display_name":"Varietieseym","author_link":"https:\/\/varietieseym.com.uy\/index.php\/author\/"},"uagb_comment_info":0,"uagb_excerpt":"Se puede utilizar para la coloraci\u00f3n de cejas con henna, para microblading y para micropigmentaci\u00f3n. La caja tiene adherido un filamento que ayuda a realizar el corte en el papel sin que se desperdicie producto. Rollo film\u00a0para\u00a0microblading,\u00a0cejas, pesta\u00f1as. -Color: Transparente. -200mtr.","_links":{"self":[{"href":"https:\/\/varietieseym.com.uy\/index.php\/wp-json\/wp\/v2\/product\/6392","targetHints":{"allow":["GET"]}}],"collection":[{"href":"https:\/\/varietieseym.com.uy\/index.php\/wp-json\/wp\/v2\/product"}],"about":[{"href":"https:\/\/varietieseym.com.uy\/index.php\/wp-json\/wp\/v2\/types\/product"}],"wp:featuredmedia":[{"embeddable":true,"href":"https:\/\/varietieseym.com.uy\/index.php\/wp-json\/wp\/v2\/media\/6394"}],"wp:attachment":[{"href":"https:\/\/varietieseym.com.uy\/index.php\/wp-json\/wp\/v2\/media?parent=6392"}],"wp:term":[{"taxonomy":"product_brand","embeddable":true,"href":"https:\/\/varietieseym.com.uy\/index.php\/wp-json\/wp\/v2\/product_brand?post=6392"},{"taxonomy":"product_cat","embeddable":true,"href":"https:\/\/varietieseym.com.uy\/index.php\/wp-json\/wp\/v2\/product_cat?post=6392"},{"taxonomy":"product_tag","embeddable":true,"href":"https:\/\/varietieseym.com.uy\/index.php\/wp-json\/wp\/v2\/product_tag?post=6392"}],"curies":[{"name":"wp","href":"https:\/\/api.w.org\/{rel}","templated":true}]}}