{"id":6396,"date":"2024-08-03T20:46:37","date_gmt":"2024-08-03T23:46:37","guid":{"rendered":"https:\/\/varietieseym.com.uy\/?post_type=product&#038;p=6396"},"modified":"2025-06-21T17:01:07","modified_gmt":"2025-06-21T20:01:07","slug":"polvo-frote-aurora-set-6-tonos","status":"publish","type":"product","link":"https:\/\/varietieseym.com.uy\/index.php\/producto\/polvo-frote-aurora-set-6-tonos\/","title":{"rendered":"Polvo frote Aurora set 6 tonos"},"content":{"rendered":"<ul class=\"a-unordered-list a-vertical a-spacing-mini\">\n<li class=\"a-spacing-mini\"><span class=\"a-list-item\">Polvo Aurora este polvo de u\u00f1as est\u00e1 hecho con ingredientes seguros para garantizar suavidad y brillo, no da\u00f1a tus u\u00f1as. Polvo s\u00f3lido, solo necesitas poca cantidad para lograr el efecto.\u00a0<\/span><\/li>\n<li class=\"a-spacing-mini\"><span class=\"a-list-item\">F\u00e1cil de usar en u\u00f1as naturales o artificiales. <\/span><\/li>\n<li class=\"a-spacing-mini\"><span class=\"a-list-item\">Los efectos ser\u00e1n diferentes debido a las diferentes bases de gel que apliques.<\/span><\/li>\n<li class=\"a-spacing-mini\"><span class=\"a-list-item\">Este kit de decoraci\u00f3n de u\u00f1as no solo puede decorar tus u\u00f1as, sino que tambi\u00e9n es perfecto para manualidades, ropa, zapatos, joyer\u00eda, tarjetas de felicitaci\u00f3n, espejos, fundas de tel\u00e9fono, etc.<\/span><\/li>\n<\/ul>\n","protected":false},"excerpt":{"rendered":"<p>Polvo Aurora este polvo de u\u00f1as est\u00e1 hecho con ingredientes seguros para garantizar suavidad y brillo, no da\u00f1a tus u\u00f1as. Polvo s\u00f3lido, solo necesitas poca cantidad para lograr el efecto.\u00a0 F\u00e1cil de usar en u\u00f1as naturales o artificiales. Los efectos ser\u00e1n diferentes debido a las diferentes bases de gel que apliques. Este kit de decoraci\u00f3n &hellip;<\/p>\n<p class=\"read-more\"> <a class=\"\" href=\"https:\/\/varietieseym.com.uy\/index.php\/producto\/polvo-frote-aurora-set-6-tonos\/\"> <span class=\"screen-reader-text\">Polvo frote Aurora set 6 tonos<\/span> Leer m\u00e1s &raquo;<\/a><\/p>\n","protected":false},"featured_media":6400,"template":"","meta":{"_uag_custom_page_level_css":"","site-sidebar-layout":"default","site-content-layout":"","ast-site-content-layout":"default","site-content-style":"default","site-sidebar-style":"default","ast-global-header-display":"","ast-banner-title-visibility":"","ast-main-header-display":"","ast-hfb-above-header-display":"","ast-hfb-below-header-display":"","ast-hfb-mobile-header-display":"","site-post-title":"","ast-breadcrumbs-content":"","ast-featured-img":"","footer-sml-layout":"","theme-transparent-header-meta":"default","adv-header-id-meta":"","stick-header-meta":"","header-above-stick-meta":"","header-main-stick-meta":"","header-below-stick-meta":"","astra-migrate-meta-layouts":"set","_joinchat":[]},"product_brand":[],"product_cat":[131,139],"product_tag":[],"class_list":{"0":"post-6396","1":"product","2":"type-product","3":"status-publish","4":"has-post-thumbnail","6":"product_cat-unas","7":"product_cat-decoracion","8":"desktop-align-center","9":"tablet-align-left","10":"mobile-align-left","12":"first","13":"outofstock","14":"shipping-taxable","15":"purchasable","16":"product-type-simple"},"uagb_featured_image_src":{"full":["https:\/\/varietieseym.com.uy\/wp-content\/uploads\/2024\/08\/paleta-72-7.jpg",619,578,false],"thumbnail":["https:\/\/varietieseym.com.uy\/wp-content\/uploads\/2024\/08\/paleta-72-7-150x150.jpg",150,150,true],"medium":["https:\/\/varietieseym.com.uy\/wp-content\/uploads\/2024\/08\/paleta-72-7-300x280.jpg",300,280,true],"medium_large":["https:\/\/varietieseym.com.uy\/wp-content\/uploads\/2024\/08\/paleta-72-7.jpg",619,578,false],"large":["https:\/\/varietieseym.com.uy\/wp-content\/uploads\/2024\/08\/paleta-72-7.jpg",619,578,false],"1536x1536":["https:\/\/varietieseym.com.uy\/wp-content\/uploads\/2024\/08\/paleta-72-7.jpg",619,578,false],"2048x2048":["https:\/\/varietieseym.com.uy\/wp-content\/uploads\/2024\/08\/paleta-72-7.jpg",619,578,false],"woocommerce_thumbnail":["https:\/\/varietieseym.com.uy\/wp-content\/uploads\/2024\/08\/paleta-72-7-300x300.jpg",300,300,true],"woocommerce_single":["https:\/\/varietieseym.com.uy\/wp-content\/uploads\/2024\/08\/paleta-72-7-600x560.jpg",600,560,true],"woocommerce_gallery_thumbnail":["https:\/\/varietieseym.com.uy\/wp-content\/uploads\/2024\/08\/paleta-72-7-100x100.jpg",100,100,true]},"uagb_author_info":{"display_name":"Varietieseym","author_link":"https:\/\/varietieseym.com.uy\/index.php\/author\/"},"uagb_comment_info":0,"uagb_excerpt":"Polvo Aurora este polvo de u\u00f1as est\u00e1 hecho con ingredientes seguros para garantizar suavidad y brillo, no da\u00f1a tus u\u00f1as. Polvo s\u00f3lido, solo necesitas poca cantidad para lograr el efecto.\u00a0 F\u00e1cil de usar en u\u00f1as naturales o artificiales. Los efectos ser\u00e1n diferentes debido a las diferentes bases de gel que apliques. Este kit de decoraci\u00f3n&hellip;","_links":{"self":[{"href":"https:\/\/varietieseym.com.uy\/index.php\/wp-json\/wp\/v2\/product\/6396","targetHints":{"allow":["GET"]}}],"collection":[{"href":"https:\/\/varietieseym.com.uy\/index.php\/wp-json\/wp\/v2\/product"}],"about":[{"href":"https:\/\/varietieseym.com.uy\/index.php\/wp-json\/wp\/v2\/types\/product"}],"wp:featuredmedia":[{"embeddable":true,"href":"https:\/\/varietieseym.com.uy\/index.php\/wp-json\/wp\/v2\/media\/6400"}],"wp:attachment":[{"href":"https:\/\/varietieseym.com.uy\/index.php\/wp-json\/wp\/v2\/media?parent=6396"}],"wp:term":[{"taxonomy":"product_brand","embeddable":true,"href":"https:\/\/varietieseym.com.uy\/index.php\/wp-json\/wp\/v2\/product_brand?post=6396"},{"taxonomy":"product_cat","embeddable":true,"href":"https:\/\/varietieseym.com.uy\/index.php\/wp-json\/wp\/v2\/product_cat?post=6396"},{"taxonomy":"product_tag","embeddable":true,"href":"https:\/\/varietieseym.com.uy\/index.php\/wp-json\/wp\/v2\/product_tag?post=6396"}],"curies":[{"name":"wp","href":"https:\/\/api.w.org\/{rel}","templated":true}]}}