{"id":6472,"date":"2024-08-06T16:37:08","date_gmt":"2024-08-06T19:37:08","guid":{"rendered":"https:\/\/varietieseym.com.uy\/?post_type=product&#038;p=6472"},"modified":"2026-05-01T20:01:04","modified_gmt":"2026-05-01T23:01:04","slug":"lash-lifting-navina","status":"publish","type":"product","link":"https:\/\/varietieseym.com.uy\/index.php\/producto\/lash-lifting-navina\/","title":{"rendered":"Lash Lifting Navina"},"content":{"rendered":"<p>&nbsp;<\/p>\n<div class=\"descripDetalle\">\n<div id=\"descProd\" class=\"descripcionProducto\">\n<div>\n<h2 dir=\"ltr\" align=\"left\"><span style=\"font-family: Arial; font-size: large;\">KIT PARA PERMANENTE DE PESTA\u00d1AS NAVINA<\/span><\/h2>\n<p dir=\"ltr\" align=\"left\"><span style=\"font-family: Arial; font-size: large;\">Aporta a las pesta\u00f1as un rizado natural, durante un aproximado de 3 meses.\u00a0<\/span><\/p>\n<h3 dir=\"ltr\" align=\"left\"><span style=\"font-family: Arial; font-size: large;\">El kit de permanente para pesta\u00f1as incluye:<\/span><\/h3>\n<p dir=\"ltr\" align=\"left\"><span style=\"font-family: Arial; font-size: large;\">#1 Soluci\u00f3n Rizadora (Perm)<\/span><\/p>\n<p dir=\"ltr\" align=\"left\"><span style=\"font-family: Arial; font-size: large;\">#2 Neutralizador (Fixation)<\/span><\/p>\n<p dir=\"ltr\" align=\"left\"><span style=\"font-family: Arial; font-size: large;\">#3 Acondicionador de col\u00e1geno (Cleanser)<\/span><\/p>\n<p dir=\"ltr\" align=\"left\"><span style=\"font-family: Arial; font-size: large;\"># 4 Removedor de pegamento (Cleanser)<\/span><\/p>\n<p dir=\"ltr\" align=\"left\"><span style=\"font-family: Arial; font-size: large;\">1Pegamento<\/span><\/p>\n<p dir=\"ltr\" align=\"left\"><span style=\"font-family: Arial; font-size: large;\">2 Herramienta de limpieza<\/span><\/p>\n<p dir=\"ltr\" align=\"left\"><span style=\"font-family: Arial; font-size: large;\">3Bigud\u00edes de silicona (S,M,L)<\/span><\/p>\n<p dir=\"ltr\" align=\"left\"><span style=\"font-family: Arial; font-size: large;\">Manual de instrucciones<\/span><\/p>\n<\/div>\n<\/div>\n<\/div>\n","protected":false},"excerpt":{"rendered":"<p>&nbsp; KIT PARA PERMANENTE DE PESTA\u00d1AS NAVINA Aporta a las pesta\u00f1as un rizado natural, durante un aproximado de 3 meses.\u00a0 El kit de permanente para pesta\u00f1as incluye: #1 Soluci\u00f3n Rizadora (Perm) #2 Neutralizador (Fixation) #3 Acondicionador de col\u00e1geno (Cleanser) # 4 Removedor de pegamento (Cleanser) 1Pegamento 2 Herramienta de limpieza 3Bigud\u00edes de silicona (S,M,L) Manual &hellip;<\/p>\n<p class=\"read-more\"> <a class=\"\" href=\"https:\/\/varietieseym.com.uy\/index.php\/producto\/lash-lifting-navina\/\"> <span class=\"screen-reader-text\">Lash Lifting Navina<\/span> Leer m\u00e1s &raquo;<\/a><\/p>\n","protected":false},"featured_media":6473,"template":"","meta":{"_uag_custom_page_level_css":"","site-sidebar-layout":"default","site-content-layout":"","ast-site-content-layout":"default","site-content-style":"default","site-sidebar-style":"default","ast-global-header-display":"","ast-banner-title-visibility":"","ast-main-header-display":"","ast-hfb-above-header-display":"","ast-hfb-below-header-display":"","ast-hfb-mobile-header-display":"","site-post-title":"","ast-breadcrumbs-content":"","ast-featured-img":"","footer-sml-layout":"","theme-transparent-header-meta":"default","adv-header-id-meta":"","stick-header-meta":"","header-above-stick-meta":"","header-main-stick-meta":"","header-below-stick-meta":"","astra-migrate-meta-layouts":"set","_joinchat":[]},"product_brand":[],"product_cat":[15],"product_tag":[],"class_list":{"0":"post-6472","1":"product","2":"type-product","3":"status-publish","4":"has-post-thumbnail","6":"product_cat-sin-categorizar","7":"desktop-align-center","8":"tablet-align-left","9":"mobile-align-left","11":"first","12":"instock","13":"shipping-taxable","14":"purchasable","15":"product-type-simple"},"uagb_featured_image_src":{"full":["https:\/\/varietieseym.com.uy\/wp-content\/uploads\/2024\/08\/lifting-navina.jpg",628,543,false],"thumbnail":["https:\/\/varietieseym.com.uy\/wp-content\/uploads\/2024\/08\/lifting-navina-150x150.jpg",150,150,true],"medium":["https:\/\/varietieseym.com.uy\/wp-content\/uploads\/2024\/08\/lifting-navina-300x259.jpg",300,259,true],"medium_large":["https:\/\/varietieseym.com.uy\/wp-content\/uploads\/2024\/08\/lifting-navina.jpg",628,543,false],"large":["https:\/\/varietieseym.com.uy\/wp-content\/uploads\/2024\/08\/lifting-navina.jpg",628,543,false],"1536x1536":["https:\/\/varietieseym.com.uy\/wp-content\/uploads\/2024\/08\/lifting-navina.jpg",628,543,false],"2048x2048":["https:\/\/varietieseym.com.uy\/wp-content\/uploads\/2024\/08\/lifting-navina.jpg",628,543,false],"woocommerce_thumbnail":["https:\/\/varietieseym.com.uy\/wp-content\/uploads\/2024\/08\/lifting-navina-300x300.jpg",300,300,true],"woocommerce_single":["https:\/\/varietieseym.com.uy\/wp-content\/uploads\/2024\/08\/lifting-navina-600x519.jpg",600,519,true],"woocommerce_gallery_thumbnail":["https:\/\/varietieseym.com.uy\/wp-content\/uploads\/2024\/08\/lifting-navina-100x100.jpg",100,100,true]},"uagb_author_info":{"display_name":"Varietieseym","author_link":"https:\/\/varietieseym.com.uy\/index.php\/author\/"},"uagb_comment_info":0,"uagb_excerpt":"&nbsp; KIT PARA PERMANENTE DE PESTA\u00d1AS NAVINA Aporta a las pesta\u00f1as un rizado natural, durante un aproximado de 3 meses.\u00a0 El kit de permanente para pesta\u00f1as incluye: #1 Soluci\u00f3n Rizadora (Perm) #2 Neutralizador (Fixation) #3 Acondicionador de col\u00e1geno (Cleanser) # 4 Removedor de pegamento (Cleanser) 1Pegamento 2 Herramienta de limpieza 3Bigud\u00edes de silicona (S,M,L) Manual&hellip;","_links":{"self":[{"href":"https:\/\/varietieseym.com.uy\/index.php\/wp-json\/wp\/v2\/product\/6472","targetHints":{"allow":["GET"]}}],"collection":[{"href":"https:\/\/varietieseym.com.uy\/index.php\/wp-json\/wp\/v2\/product"}],"about":[{"href":"https:\/\/varietieseym.com.uy\/index.php\/wp-json\/wp\/v2\/types\/product"}],"wp:featuredmedia":[{"embeddable":true,"href":"https:\/\/varietieseym.com.uy\/index.php\/wp-json\/wp\/v2\/media\/6473"}],"wp:attachment":[{"href":"https:\/\/varietieseym.com.uy\/index.php\/wp-json\/wp\/v2\/media?parent=6472"}],"wp:term":[{"taxonomy":"product_brand","embeddable":true,"href":"https:\/\/varietieseym.com.uy\/index.php\/wp-json\/wp\/v2\/product_brand?post=6472"},{"taxonomy":"product_cat","embeddable":true,"href":"https:\/\/varietieseym.com.uy\/index.php\/wp-json\/wp\/v2\/product_cat?post=6472"},{"taxonomy":"product_tag","embeddable":true,"href":"https:\/\/varietieseym.com.uy\/index.php\/wp-json\/wp\/v2\/product_tag?post=6472"}],"curies":[{"name":"wp","href":"https:\/\/api.w.org\/{rel}","templated":true}]}}