{"id":6530,"date":"2024-08-07T17:48:06","date_gmt":"2024-08-07T20:48:06","guid":{"rendered":"https:\/\/varietieseym.com.uy\/?post_type=product&#038;p=6530"},"modified":"2024-08-07T18:00:15","modified_gmt":"2024-08-07T21:00:15","slug":"6530","status":"publish","type":"product","link":"https:\/\/varietieseym.com.uy\/index.php\/producto\/6530\/","title":{"rendered":"Lampara Aro De Luz Con Lupa Y Agarre"},"content":{"rendered":"<div class=\"xdj266r x11i5rnm xat24cr x1mh8g0r x1vvkbs x126k92a\">\n<div dir=\"auto\">Lampara Aro De Luz Con Lupa Y Agarre Zoom X5<\/div>\n<\/div>\n<div class=\"x11i5rnm xat24cr x1mh8g0r x1vvkbs xtlvy1s x126k92a\">\n<div dir=\"auto\">Lupa con luz y soporte, 3 modos de Color atenuaci\u00f3n continua, brazo oscilante ajustable lupa LED l\u00e1mpara de escritorio Lente de Cristal de Aumento por 5, para trabajos de cerca, reparaci\u00f3n, artesan\u00eda, lectura, costura, manicuristas<\/div>\n<\/div>\n<div class=\"x11i5rnm xat24cr x1mh8g0r x1vvkbs xtlvy1s x126k92a\">\n<div dir=\"auto\">Esta l\u00e1mpara de lupa LED tiene 64 luces de l\u00e1mpara LED de alto brillo, 3 temperaturas de color: luz c\u00e1lida, luz blanca c\u00e1lida y luz blanca. Cada modo de iluminaci\u00f3n tiene 10 niveles de atenuaci\u00f3n de brillo. El color de la luz o el brillo se pueden cambiar f\u00e1cilmente a trav\u00e9s del controlador. Un total de 30 modos de iluminaci\u00f3n pueden cumplir con todos sus requisitos.<\/div>\n<\/div>\n<div class=\"x11i5rnm xat24cr x1mh8g0r x1vvkbs xtlvy1s x126k92a\">\n<div dir=\"auto\">Esta l\u00e1mpara est\u00e1 equipada con una lente de vidrio real de 4,2 pulgadas, una aumento positivo de 5 veces, clara y sin distorsi\u00f3n \u00f3ptica.<\/div>\n<div dir=\"auto\">El uso a largo plazo de lentes de alta calidad no te har\u00e1 sentir mareado o inc\u00f3modo. Muy adecuado para trabajos de vista forzada.<\/div>\n<\/div>\n<div class=\"x11i5rnm xat24cr x1mh8g0r x1vvkbs xtlvy1s x126k92a\">\n<div dir=\"auto\">Ahorro de Energ\u00eda de larga duraci\u00f3n cuando la bombilla est\u00e1 encendida, puede proporcionar una dispersi\u00f3n uniforme de la luz sobre un \u00e1rea grande y la luz es brillante y suave. .<\/div>\n<\/div>\n<div class=\"x11i5rnm xat24cr x1mh8g0r x1vvkbs xtlvy1s x126k92a\">\n<div dir=\"auto\">La fuente de alimentaci\u00f3n con puerto USB te permite enchufar a cualquier enchufe, como un adaptador de pared de tel\u00e9fono m\u00f3vil\/Fuente de alimentaci\u00f3n m\u00f3vil\/enchufe USB para un ordenador port\u00e1til u ordenador.<\/div>\n<\/div>\n","protected":false},"excerpt":{"rendered":"<p>Lampara Aro De Luz Con Lupa Y Agarre Zoom X5 Lupa con luz y soporte, 3 modos de Color atenuaci\u00f3n continua, brazo oscilante ajustable lupa LED l\u00e1mpara de escritorio Lente de Cristal de Aumento por 5, para trabajos de cerca, reparaci\u00f3n, artesan\u00eda, lectura, costura, manicuristas Esta l\u00e1mpara de lupa LED tiene 64 luces de l\u00e1mpara &hellip;<\/p>\n<p class=\"read-more\"> <a class=\"\" href=\"https:\/\/varietieseym.com.uy\/index.php\/producto\/6530\/\"> <span class=\"screen-reader-text\">Lampara Aro De Luz Con Lupa Y Agarre<\/span> Leer m\u00e1s &raquo;<\/a><\/p>\n","protected":false},"featured_media":6534,"template":"","meta":{"_uag_custom_page_level_css":"","site-sidebar-layout":"default","site-content-layout":"","ast-site-content-layout":"default","site-content-style":"default","site-sidebar-style":"default","ast-global-header-display":"","ast-banner-title-visibility":"","ast-main-header-display":"","ast-hfb-above-header-display":"","ast-hfb-below-header-display":"","ast-hfb-mobile-header-display":"","site-post-title":"","ast-breadcrumbs-content":"","ast-featured-img":"","footer-sml-layout":"","theme-transparent-header-meta":"default","adv-header-id-meta":"","stick-header-meta":"","header-above-stick-meta":"","header-main-stick-meta":"","header-below-stick-meta":"","astra-migrate-meta-layouts":"set","_joinchat":[]},"product_brand":[],"product_cat":[151,131,141,146,145,147,144,143],"product_tag":[],"class_list":{"0":"post-6530","1":"product","2":"type-product","3":"status-publish","4":"has-post-thumbnail","6":"product_cat-accesorios","7":"product_cat-unas","8":"product_cat-lamparas","9":"product_cat-cejas","10":"product_cat-labios","11":"product_cat-pestanas","12":"product_cat-skincare","13":"product_cat-cabello","14":"desktop-align-center","15":"tablet-align-left","16":"mobile-align-left","18":"first","19":"instock","20":"shipping-taxable","21":"purchasable","22":"product-type-simple"},"uagb_featured_image_src":{"full":["https:\/\/varietieseym.com.uy\/wp-content\/uploads\/2024\/08\/lamp-mesa-81.jpg",640,644,false],"thumbnail":["https:\/\/varietieseym.com.uy\/wp-content\/uploads\/2024\/08\/lamp-mesa-81-150x150.jpg",150,150,true],"medium":["https:\/\/varietieseym.com.uy\/wp-content\/uploads\/2024\/08\/lamp-mesa-81-298x300.jpg",298,300,true],"medium_large":["https:\/\/varietieseym.com.uy\/wp-content\/uploads\/2024\/08\/lamp-mesa-81.jpg",640,644,false],"large":["https:\/\/varietieseym.com.uy\/wp-content\/uploads\/2024\/08\/lamp-mesa-81.jpg",640,644,false],"1536x1536":["https:\/\/varietieseym.com.uy\/wp-content\/uploads\/2024\/08\/lamp-mesa-81.jpg",640,644,false],"2048x2048":["https:\/\/varietieseym.com.uy\/wp-content\/uploads\/2024\/08\/lamp-mesa-81.jpg",640,644,false],"woocommerce_thumbnail":["https:\/\/varietieseym.com.uy\/wp-content\/uploads\/2024\/08\/lamp-mesa-81-300x300.jpg",300,300,true],"woocommerce_single":["https:\/\/varietieseym.com.uy\/wp-content\/uploads\/2024\/08\/lamp-mesa-81-600x604.jpg",600,604,true],"woocommerce_gallery_thumbnail":["https:\/\/varietieseym.com.uy\/wp-content\/uploads\/2024\/08\/lamp-mesa-81-100x100.jpg",100,100,true]},"uagb_author_info":{"display_name":"Varietieseym","author_link":"https:\/\/varietieseym.com.uy\/index.php\/author\/"},"uagb_comment_info":0,"uagb_excerpt":"Lampara Aro De Luz Con Lupa Y Agarre Zoom X5 Lupa con luz y soporte, 3 modos de Color atenuaci\u00f3n continua, brazo oscilante ajustable lupa LED l\u00e1mpara de escritorio Lente de Cristal de Aumento por 5, para trabajos de cerca, reparaci\u00f3n, artesan\u00eda, lectura, costura, manicuristas Esta l\u00e1mpara de lupa LED tiene 64 luces de l\u00e1mpara&hellip;","_links":{"self":[{"href":"https:\/\/varietieseym.com.uy\/index.php\/wp-json\/wp\/v2\/product\/6530","targetHints":{"allow":["GET"]}}],"collection":[{"href":"https:\/\/varietieseym.com.uy\/index.php\/wp-json\/wp\/v2\/product"}],"about":[{"href":"https:\/\/varietieseym.com.uy\/index.php\/wp-json\/wp\/v2\/types\/product"}],"wp:featuredmedia":[{"embeddable":true,"href":"https:\/\/varietieseym.com.uy\/index.php\/wp-json\/wp\/v2\/media\/6534"}],"wp:attachment":[{"href":"https:\/\/varietieseym.com.uy\/index.php\/wp-json\/wp\/v2\/media?parent=6530"}],"wp:term":[{"taxonomy":"product_brand","embeddable":true,"href":"https:\/\/varietieseym.com.uy\/index.php\/wp-json\/wp\/v2\/product_brand?post=6530"},{"taxonomy":"product_cat","embeddable":true,"href":"https:\/\/varietieseym.com.uy\/index.php\/wp-json\/wp\/v2\/product_cat?post=6530"},{"taxonomy":"product_tag","embeddable":true,"href":"https:\/\/varietieseym.com.uy\/index.php\/wp-json\/wp\/v2\/product_tag?post=6530"}],"curies":[{"name":"wp","href":"https:\/\/api.w.org\/{rel}","templated":true}]}}