{"id":6582,"date":"2024-08-26T16:54:06","date_gmt":"2024-08-26T19:54:06","guid":{"rendered":"https:\/\/varietieseym.com.uy\/?post_type=product&#038;p=6582"},"modified":"2026-03-08T12:33:39","modified_gmt":"2026-03-08T15:33:39","slug":"ablandador-removedor-de-cuticula-repos-11-litro","status":"publish","type":"product","link":"https:\/\/varietieseym.com.uy\/index.php\/producto\/ablandador-removedor-de-cuticula-repos-11-litro\/","title":{"rendered":"Ablandador\/Removedor de Cut\u00edcula Repos 1,1 litro"},"content":{"rendered":"<ul class=\"a-unordered-list a-vertical a-spacing-mini\">\n<li class=\"a-spacing-mini\"><span class=\"a-list-item\">Repos Callos, Callos y Suavizante de Cut\u00edculas es un producto de cosm\u00e9tica profesional muy utilizado por manicuristas y pod\u00f3logos para facilitar el tratamiento de cut\u00edculas y callosidades. Su formulaci\u00f3n espec\u00edfica permite un trabajo m\u00e1s r\u00e1pido y eficiente, eliminando el uso de agua y dejando manos y pies suaves y preparados para los siguientes procedimientos.<\/span><\/li>\n<li class=\"a-spacing-mini\"><span class=\"a-list-item\">Sin necesidad de agua: Aporta practicidad e higiene, eliminando la necesidad de remojar las manos o los pies.<\/span><\/li>\n<li class=\"a-spacing-mini\"><span class=\"a-list-item\">Acci\u00f3n R\u00e1pida: Suaviza las cut\u00edculas en unos 20 segundos y los callos en hasta 3 minutos, acelerando el proceso.<\/span><\/li>\n<li class=\"a-spacing-mini\"><span class=\"a-list-item\">Ideal para Profesionales: Es un producto imprescindible para salones de belleza y cl\u00ednicas de est\u00e9tica, optimizando el tiempo y el trabajo de los profesionales.<\/span><\/li>\n<li class=\"a-spacing-mini\"><span class=\"a-list-item\">Vers\u00e1til: Se puede utilizar en diferentes tipos de piel y en diferentes zonas del cuerpo, donde existen callos como manos, pies y codos.<\/span><\/li>\n<\/ul>\n","protected":false},"excerpt":{"rendered":"<p>Repos Callos, Callos y Suavizante de Cut\u00edculas es un producto de cosm\u00e9tica profesional muy utilizado por manicuristas y pod\u00f3logos para facilitar el tratamiento de cut\u00edculas y callosidades. Su formulaci\u00f3n espec\u00edfica permite un trabajo m\u00e1s r\u00e1pido y eficiente, eliminando el uso de agua y dejando manos y pies suaves y preparados para los siguientes procedimientos. Sin &hellip;<\/p>\n<p class=\"read-more\"> <a class=\"\" href=\"https:\/\/varietieseym.com.uy\/index.php\/producto\/ablandador-removedor-de-cuticula-repos-11-litro\/\"> <span class=\"screen-reader-text\">Ablandador\/Removedor de Cut\u00edcula Repos 1,1 litro<\/span> Leer m\u00e1s &raquo;<\/a><\/p>\n","protected":false},"featured_media":6583,"template":"","meta":{"_uag_custom_page_level_css":"","site-sidebar-layout":"default","site-content-layout":"","ast-site-content-layout":"default","site-content-style":"default","site-sidebar-style":"default","ast-global-header-display":"","ast-banner-title-visibility":"","ast-main-header-display":"","ast-hfb-above-header-display":"","ast-hfb-below-header-display":"","ast-hfb-mobile-header-display":"","site-post-title":"","ast-breadcrumbs-content":"","ast-featured-img":"","footer-sml-layout":"","theme-transparent-header-meta":"default","adv-header-id-meta":"","stick-header-meta":"","header-above-stick-meta":"","header-main-stick-meta":"","header-below-stick-meta":"","astra-migrate-meta-layouts":"set","_joinchat":[]},"product_brand":[],"product_cat":[131,137],"product_tag":[],"class_list":{"0":"post-6582","1":"product","2":"type-product","3":"status-publish","4":"has-post-thumbnail","6":"product_cat-unas","7":"product_cat-otros","8":"desktop-align-center","9":"tablet-align-left","10":"mobile-align-left","12":"first","13":"instock","14":"shipping-taxable","15":"purchasable","16":"product-type-simple"},"uagb_featured_image_src":{"full":["https:\/\/varietieseym.com.uy\/wp-content\/uploads\/2024\/08\/repos-litro-1.jpg",517,627,false],"thumbnail":["https:\/\/varietieseym.com.uy\/wp-content\/uploads\/2024\/08\/repos-litro-1-150x150.jpg",150,150,true],"medium":["https:\/\/varietieseym.com.uy\/wp-content\/uploads\/2024\/08\/repos-litro-1-247x300.jpg",247,300,true],"medium_large":["https:\/\/varietieseym.com.uy\/wp-content\/uploads\/2024\/08\/repos-litro-1.jpg",517,627,false],"large":["https:\/\/varietieseym.com.uy\/wp-content\/uploads\/2024\/08\/repos-litro-1.jpg",517,627,false],"1536x1536":["https:\/\/varietieseym.com.uy\/wp-content\/uploads\/2024\/08\/repos-litro-1.jpg",517,627,false],"2048x2048":["https:\/\/varietieseym.com.uy\/wp-content\/uploads\/2024\/08\/repos-litro-1.jpg",517,627,false],"woocommerce_thumbnail":["https:\/\/varietieseym.com.uy\/wp-content\/uploads\/2024\/08\/repos-litro-1-300x300.jpg",300,300,true],"woocommerce_single":["https:\/\/varietieseym.com.uy\/wp-content\/uploads\/2024\/08\/repos-litro-1.jpg",517,627,false],"woocommerce_gallery_thumbnail":["https:\/\/varietieseym.com.uy\/wp-content\/uploads\/2024\/08\/repos-litro-1-100x100.jpg",100,100,true]},"uagb_author_info":{"display_name":"Varietieseym","author_link":"https:\/\/varietieseym.com.uy\/index.php\/author\/"},"uagb_comment_info":0,"uagb_excerpt":"Repos Callos, Callos y Suavizante de Cut\u00edculas es un producto de cosm\u00e9tica profesional muy utilizado por manicuristas y pod\u00f3logos para facilitar el tratamiento de cut\u00edculas y callosidades. Su formulaci\u00f3n espec\u00edfica permite un trabajo m\u00e1s r\u00e1pido y eficiente, eliminando el uso de agua y dejando manos y pies suaves y preparados para los siguientes procedimientos. Sin&hellip;","_links":{"self":[{"href":"https:\/\/varietieseym.com.uy\/index.php\/wp-json\/wp\/v2\/product\/6582","targetHints":{"allow":["GET"]}}],"collection":[{"href":"https:\/\/varietieseym.com.uy\/index.php\/wp-json\/wp\/v2\/product"}],"about":[{"href":"https:\/\/varietieseym.com.uy\/index.php\/wp-json\/wp\/v2\/types\/product"}],"wp:featuredmedia":[{"embeddable":true,"href":"https:\/\/varietieseym.com.uy\/index.php\/wp-json\/wp\/v2\/media\/6583"}],"wp:attachment":[{"href":"https:\/\/varietieseym.com.uy\/index.php\/wp-json\/wp\/v2\/media?parent=6582"}],"wp:term":[{"taxonomy":"product_brand","embeddable":true,"href":"https:\/\/varietieseym.com.uy\/index.php\/wp-json\/wp\/v2\/product_brand?post=6582"},{"taxonomy":"product_cat","embeddable":true,"href":"https:\/\/varietieseym.com.uy\/index.php\/wp-json\/wp\/v2\/product_cat?post=6582"},{"taxonomy":"product_tag","embeddable":true,"href":"https:\/\/varietieseym.com.uy\/index.php\/wp-json\/wp\/v2\/product_tag?post=6582"}],"curies":[{"name":"wp","href":"https:\/\/api.w.org\/{rel}","templated":true}]}}