{"id":6586,"date":"2024-08-26T17:03:46","date_gmt":"2024-08-26T20:03:46","guid":{"rendered":"https:\/\/varietieseym.com.uy\/?post_type=product&#038;p=6586"},"modified":"2026-04-07T22:38:46","modified_gmt":"2026-04-08T01:38:46","slug":"ablandador-removedor-de-cuticula-repos-150-ml","status":"publish","type":"product","link":"https:\/\/varietieseym.com.uy\/index.php\/producto\/ablandador-removedor-de-cuticula-repos-150-ml\/","title":{"rendered":"Ablandador\/Removedor de Cut\u00edcula Repos 150 Ml"},"content":{"rendered":"<p>&nbsp;<\/p>\n<ul>\n<li><span class=\"a-list-item\">R\u00e1pida eliminaci\u00f3n: El removedor suaviza cut\u00edculas y callosidades en minutos, acelerando el proceso de manicura y pedicura, optimizando el tiempo del profesional y del cliente.<\/span><\/li>\n<li><span class=\"a-list-item\">Menos tiempo de espera: Elimina la necesidad de largos periodos de inmersi\u00f3n en agua, haciendo el servicio m\u00e1s pr\u00e1ctico y eficiente.<\/span><\/li>\n<li><span class=\"a-list-item\">Eliminaci\u00f3n completa: Repos Suavizante elimina cut\u00edculas y callos de forma completa y precisa, proporcionando un acabado impecable y profesional.<\/span><\/li>\n<li><span class=\"a-list-item\">Potente f\u00f3rmula: Act\u00faa incluso sobre cut\u00edculas secas y callos persistentes, asegurando resultados satisfactorios en todo tipo de piel.<\/span><\/li>\n<li><span class=\"a-list-item\">Las cut\u00edculas previenen el agrietamiento: La eliminaci\u00f3n adecuada de las cut\u00edculas evita la acumulaci\u00f3n de suciedad y bacterias, previniendo grietas e infecciones.<\/span><\/li>\n<li><span class=\"a-list-item\">Pies sanos: Elimina los callos, que pueden causar molestias y pies agrietados, favoreciendo la salud de los pies.<\/span><\/li>\n<\/ul>\n","protected":false},"excerpt":{"rendered":"<p>&nbsp; R\u00e1pida eliminaci\u00f3n: El removedor suaviza cut\u00edculas y callosidades en minutos, acelerando el proceso de manicura y pedicura, optimizando el tiempo del profesional y del cliente. Menos tiempo de espera: Elimina la necesidad de largos periodos de inmersi\u00f3n en agua, haciendo el servicio m\u00e1s pr\u00e1ctico y eficiente. Eliminaci\u00f3n completa: Repos Suavizante elimina cut\u00edculas y callos &hellip;<\/p>\n<p class=\"read-more\"> <a class=\"\" href=\"https:\/\/varietieseym.com.uy\/index.php\/producto\/ablandador-removedor-de-cuticula-repos-150-ml\/\"> <span class=\"screen-reader-text\">Ablandador\/Removedor de Cut\u00edcula Repos 150 Ml<\/span> Leer m\u00e1s &raquo;<\/a><\/p>\n","protected":false},"featured_media":6587,"template":"","meta":{"_uag_custom_page_level_css":"","site-sidebar-layout":"default","site-content-layout":"","ast-site-content-layout":"default","site-content-style":"default","site-sidebar-style":"default","ast-global-header-display":"","ast-banner-title-visibility":"","ast-main-header-display":"","ast-hfb-above-header-display":"","ast-hfb-below-header-display":"","ast-hfb-mobile-header-display":"","site-post-title":"","ast-breadcrumbs-content":"","ast-featured-img":"","footer-sml-layout":"","theme-transparent-header-meta":"default","adv-header-id-meta":"","stick-header-meta":"","header-above-stick-meta":"","header-main-stick-meta":"","header-below-stick-meta":"","astra-migrate-meta-layouts":"set","_joinchat":[]},"product_brand":[],"product_cat":[131,137],"product_tag":[],"class_list":{"0":"post-6586","1":"product","2":"type-product","3":"status-publish","4":"has-post-thumbnail","6":"product_cat-unas","7":"product_cat-otros","8":"desktop-align-center","9":"tablet-align-left","10":"mobile-align-left","12":"first","13":"instock","14":"shipping-taxable","15":"purchasable","16":"product-type-simple"},"uagb_featured_image_src":{"full":["https:\/\/varietieseym.com.uy\/wp-content\/uploads\/2024\/08\/repos-chico-.jpg",615,625,false],"thumbnail":["https:\/\/varietieseym.com.uy\/wp-content\/uploads\/2024\/08\/repos-chico--150x150.jpg",150,150,true],"medium":["https:\/\/varietieseym.com.uy\/wp-content\/uploads\/2024\/08\/repos-chico--295x300.jpg",295,300,true],"medium_large":["https:\/\/varietieseym.com.uy\/wp-content\/uploads\/2024\/08\/repos-chico-.jpg",615,625,false],"large":["https:\/\/varietieseym.com.uy\/wp-content\/uploads\/2024\/08\/repos-chico-.jpg",615,625,false],"1536x1536":["https:\/\/varietieseym.com.uy\/wp-content\/uploads\/2024\/08\/repos-chico-.jpg",615,625,false],"2048x2048":["https:\/\/varietieseym.com.uy\/wp-content\/uploads\/2024\/08\/repos-chico-.jpg",615,625,false],"woocommerce_thumbnail":["https:\/\/varietieseym.com.uy\/wp-content\/uploads\/2024\/08\/repos-chico--300x300.jpg",300,300,true],"woocommerce_single":["https:\/\/varietieseym.com.uy\/wp-content\/uploads\/2024\/08\/repos-chico--600x610.jpg",600,610,true],"woocommerce_gallery_thumbnail":["https:\/\/varietieseym.com.uy\/wp-content\/uploads\/2024\/08\/repos-chico--100x100.jpg",100,100,true]},"uagb_author_info":{"display_name":"Varietieseym","author_link":"https:\/\/varietieseym.com.uy\/index.php\/author\/"},"uagb_comment_info":0,"uagb_excerpt":"&nbsp; R\u00e1pida eliminaci\u00f3n: El removedor suaviza cut\u00edculas y callosidades en minutos, acelerando el proceso de manicura y pedicura, optimizando el tiempo del profesional y del cliente. Menos tiempo de espera: Elimina la necesidad de largos periodos de inmersi\u00f3n en agua, haciendo el servicio m\u00e1s pr\u00e1ctico y eficiente. Eliminaci\u00f3n completa: Repos Suavizante elimina cut\u00edculas y callos&hellip;","_links":{"self":[{"href":"https:\/\/varietieseym.com.uy\/index.php\/wp-json\/wp\/v2\/product\/6586","targetHints":{"allow":["GET"]}}],"collection":[{"href":"https:\/\/varietieseym.com.uy\/index.php\/wp-json\/wp\/v2\/product"}],"about":[{"href":"https:\/\/varietieseym.com.uy\/index.php\/wp-json\/wp\/v2\/types\/product"}],"wp:featuredmedia":[{"embeddable":true,"href":"https:\/\/varietieseym.com.uy\/index.php\/wp-json\/wp\/v2\/media\/6587"}],"wp:attachment":[{"href":"https:\/\/varietieseym.com.uy\/index.php\/wp-json\/wp\/v2\/media?parent=6586"}],"wp:term":[{"taxonomy":"product_brand","embeddable":true,"href":"https:\/\/varietieseym.com.uy\/index.php\/wp-json\/wp\/v2\/product_brand?post=6586"},{"taxonomy":"product_cat","embeddable":true,"href":"https:\/\/varietieseym.com.uy\/index.php\/wp-json\/wp\/v2\/product_cat?post=6586"},{"taxonomy":"product_tag","embeddable":true,"href":"https:\/\/varietieseym.com.uy\/index.php\/wp-json\/wp\/v2\/product_tag?post=6586"}],"curies":[{"name":"wp","href":"https:\/\/api.w.org\/{rel}","templated":true}]}}