{"id":6588,"date":"2024-08-26T17:13:05","date_gmt":"2024-08-26T20:13:05","guid":{"rendered":"https:\/\/varietieseym.com.uy\/?post_type=product&#038;p=6588"},"modified":"2026-03-07T15:54:03","modified_gmt":"2026-03-07T18:54:03","slug":"ablandador-removedor-de-cuticula-repos-150-ml-2","status":"publish","type":"product","link":"https:\/\/varietieseym.com.uy\/index.php\/producto\/ablandador-removedor-de-cuticula-repos-150-ml-2\/","title":{"rendered":"Ablandador\/Removedor de Cut\u00edcula Repos 150 Ml"},"content":{"rendered":"<p><strong>DESCRIPCI\u00d3N DEL PRODUCTO:<\/strong><br \/>\nSuavizante de Cut\u00edculas con Copa\u00edba Rep\u00f3s tiene la funci\u00f3n de suavizar los callos, facilitando as\u00ed su completa eliminaci\u00f3n. Este producto fue desarrollado especialmente para pies que presentan grietas debido a la sequedad.<\/p>\n<p><strong>C\u00d3MO UTILIZAR<\/strong><br \/>\nAplicar directamente sobre la parte afectada y esperar hasta 3 minutos, dependiendo de la sensibilidad. Al finalizar el procedimiento, retirar todo exceso de producto con agua. Al aplicar, USE GUANTES.<\/p>\n","protected":false},"excerpt":{"rendered":"<p>DESCRIPCI\u00d3N DEL PRODUCTO: Suavizante de Cut\u00edculas con Copa\u00edba Rep\u00f3s tiene la funci\u00f3n de suavizar los callos, facilitando as\u00ed su completa eliminaci\u00f3n. Este producto fue desarrollado especialmente para pies que presentan grietas debido a la sequedad. C\u00d3MO UTILIZAR Aplicar directamente sobre la parte afectada y esperar hasta 3 minutos, dependiendo de la sensibilidad. Al finalizar el &hellip;<\/p>\n<p class=\"read-more\"> <a class=\"\" href=\"https:\/\/varietieseym.com.uy\/index.php\/producto\/ablandador-removedor-de-cuticula-repos-150-ml-2\/\"> <span class=\"screen-reader-text\">Ablandador\/Removedor de Cut\u00edcula Repos 150 Ml<\/span> Leer m\u00e1s &raquo;<\/a><\/p>\n","protected":false},"featured_media":6590,"template":"","meta":{"_uag_custom_page_level_css":"","site-sidebar-layout":"default","site-content-layout":"","ast-site-content-layout":"default","site-content-style":"default","site-sidebar-style":"default","ast-global-header-display":"","ast-banner-title-visibility":"","ast-main-header-display":"","ast-hfb-above-header-display":"","ast-hfb-below-header-display":"","ast-hfb-mobile-header-display":"","site-post-title":"","ast-breadcrumbs-content":"","ast-featured-img":"","footer-sml-layout":"","theme-transparent-header-meta":"default","adv-header-id-meta":"","stick-header-meta":"","header-above-stick-meta":"","header-main-stick-meta":"","header-below-stick-meta":"","astra-migrate-meta-layouts":"set","_joinchat":[]},"product_brand":[],"product_cat":[131,137],"product_tag":[],"class_list":{"0":"post-6588","1":"product","2":"type-product","3":"status-publish","4":"has-post-thumbnail","6":"product_cat-unas","7":"product_cat-otros","8":"desktop-align-center","9":"tablet-align-left","10":"mobile-align-left","12":"first","13":"instock","14":"shipping-taxable","15":"purchasable","16":"product-type-simple"},"uagb_featured_image_src":{"full":["https:\/\/varietieseym.com.uy\/wp-content\/uploads\/2024\/08\/repos-chico-naranja.jpg",624,612,false],"thumbnail":["https:\/\/varietieseym.com.uy\/wp-content\/uploads\/2024\/08\/repos-chico-naranja-150x150.jpg",150,150,true],"medium":["https:\/\/varietieseym.com.uy\/wp-content\/uploads\/2024\/08\/repos-chico-naranja-300x294.jpg",300,294,true],"medium_large":["https:\/\/varietieseym.com.uy\/wp-content\/uploads\/2024\/08\/repos-chico-naranja.jpg",624,612,false],"large":["https:\/\/varietieseym.com.uy\/wp-content\/uploads\/2024\/08\/repos-chico-naranja.jpg",624,612,false],"1536x1536":["https:\/\/varietieseym.com.uy\/wp-content\/uploads\/2024\/08\/repos-chico-naranja.jpg",624,612,false],"2048x2048":["https:\/\/varietieseym.com.uy\/wp-content\/uploads\/2024\/08\/repos-chico-naranja.jpg",624,612,false],"woocommerce_thumbnail":["https:\/\/varietieseym.com.uy\/wp-content\/uploads\/2024\/08\/repos-chico-naranja-300x300.jpg",300,300,true],"woocommerce_single":["https:\/\/varietieseym.com.uy\/wp-content\/uploads\/2024\/08\/repos-chico-naranja-600x588.jpg",600,588,true],"woocommerce_gallery_thumbnail":["https:\/\/varietieseym.com.uy\/wp-content\/uploads\/2024\/08\/repos-chico-naranja-100x100.jpg",100,100,true]},"uagb_author_info":{"display_name":"Varietieseym","author_link":"https:\/\/varietieseym.com.uy\/index.php\/author\/"},"uagb_comment_info":0,"uagb_excerpt":"DESCRIPCI\u00d3N DEL PRODUCTO: Suavizante de Cut\u00edculas con Copa\u00edba Rep\u00f3s tiene la funci\u00f3n de suavizar los callos, facilitando as\u00ed su completa eliminaci\u00f3n. Este producto fue desarrollado especialmente para pies que presentan grietas debido a la sequedad. C\u00d3MO UTILIZAR Aplicar directamente sobre la parte afectada y esperar hasta 3 minutos, dependiendo de la sensibilidad. Al finalizar el&hellip;","_links":{"self":[{"href":"https:\/\/varietieseym.com.uy\/index.php\/wp-json\/wp\/v2\/product\/6588","targetHints":{"allow":["GET"]}}],"collection":[{"href":"https:\/\/varietieseym.com.uy\/index.php\/wp-json\/wp\/v2\/product"}],"about":[{"href":"https:\/\/varietieseym.com.uy\/index.php\/wp-json\/wp\/v2\/types\/product"}],"wp:featuredmedia":[{"embeddable":true,"href":"https:\/\/varietieseym.com.uy\/index.php\/wp-json\/wp\/v2\/media\/6590"}],"wp:attachment":[{"href":"https:\/\/varietieseym.com.uy\/index.php\/wp-json\/wp\/v2\/media?parent=6588"}],"wp:term":[{"taxonomy":"product_brand","embeddable":true,"href":"https:\/\/varietieseym.com.uy\/index.php\/wp-json\/wp\/v2\/product_brand?post=6588"},{"taxonomy":"product_cat","embeddable":true,"href":"https:\/\/varietieseym.com.uy\/index.php\/wp-json\/wp\/v2\/product_cat?post=6588"},{"taxonomy":"product_tag","embeddable":true,"href":"https:\/\/varietieseym.com.uy\/index.php\/wp-json\/wp\/v2\/product_tag?post=6588"}],"curies":[{"name":"wp","href":"https:\/\/api.w.org\/{rel}","templated":true}]}}