{"id":6591,"date":"2024-08-26T17:32:50","date_gmt":"2024-08-26T20:32:50","guid":{"rendered":"https:\/\/varietieseym.com.uy\/?post_type=product&#038;p=6591"},"modified":"2024-08-26T18:01:54","modified_gmt":"2024-08-26T21:01:54","slug":"roll-on-cera-depilatoria-corporal-repos-miel","status":"publish","type":"product","link":"https:\/\/varietieseym.com.uy\/index.php\/producto\/roll-on-cera-depilatoria-corporal-repos-miel\/","title":{"rendered":"Roll On Cera depilatoria corporal Repos Miel"},"content":{"rendered":"<p><span>La Cera Depilatoria Roll-on Miel de Repos es c\u00f3moda, pr\u00e1ctica e higi\u00e9nica. El sistema de depilaci\u00f3n roll-on deja una fina capa de cera que enfr\u00eda inmediatamente la piel y se retira f\u00e1cilmente con un pa\u00f1uelo depilatorio.\u00a0Modo de uso: Calentar el recambio durante 20 minutos dentro del aplicador o calentador. Retira el precinto del roll-on con la recarga calentada. Pruebe deslizando la recarga sobre el pa\u00f1uelo de afeitar. Limpiar la zona a depilar. Aplicar la cera sobre la piel en la direcci\u00f3n del crecimiento del vello, desliz\u00e1ndola de una sola vez. Cuanto m\u00e1s r\u00e1pido deslices el roll-on, m\u00e1s fina ser\u00e1 la capa de cera. Coloque el pa\u00f1uelo depilador sobre la cera y presi\u00f3nelo para que se adhiera a la cera. Con una mano estira la piel y con la otra retira el pa\u00f1uelo, tirando r\u00e1pidamente y en sentido contrario al crecimiento del vello. No vuelvas a aplicar la cera m\u00e1s de dos veces en la misma zona. Si no logras eliminar completamente el vello, utiliza la cera que queda en el pa\u00f1uelo para hacer retoques. Nunca intentes afeitar toda el \u00e1rea a la vez.<\/span><\/p>\n","protected":false},"excerpt":{"rendered":"<p>La Cera Depilatoria Roll-on Miel de Repos es c\u00f3moda, pr\u00e1ctica e higi\u00e9nica. El sistema de depilaci\u00f3n roll-on deja una fina capa de cera que enfr\u00eda inmediatamente la piel y se retira f\u00e1cilmente con un pa\u00f1uelo depilatorio.\u00a0Modo de uso: Calentar el recambio durante 20 minutos dentro del aplicador o calentador. Retira el precinto del roll-on con &hellip;<\/p>\n<p class=\"read-more\"> <a class=\"\" href=\"https:\/\/varietieseym.com.uy\/index.php\/producto\/roll-on-cera-depilatoria-corporal-repos-miel\/\"> <span class=\"screen-reader-text\">Roll On Cera depilatoria corporal Repos Miel<\/span> Leer m\u00e1s &raquo;<\/a><\/p>\n","protected":false},"featured_media":6592,"template":"","meta":{"_uag_custom_page_level_css":"","site-sidebar-layout":"default","site-content-layout":"","ast-site-content-layout":"default","site-content-style":"default","site-sidebar-style":"default","ast-global-header-display":"","ast-banner-title-visibility":"","ast-main-header-display":"","ast-hfb-above-header-display":"","ast-hfb-below-header-display":"","ast-hfb-mobile-header-display":"","site-post-title":"","ast-breadcrumbs-content":"","ast-featured-img":"","footer-sml-layout":"","theme-transparent-header-meta":"default","adv-header-id-meta":"","stick-header-meta":"","header-above-stick-meta":"","header-main-stick-meta":"","header-below-stick-meta":"","astra-migrate-meta-layouts":"set","_joinchat":[]},"product_brand":[],"product_cat":[251,137],"product_tag":[],"class_list":{"0":"post-6591","1":"product","2":"type-product","3":"status-publish","4":"has-post-thumbnail","6":"product_cat-otros-skincare","7":"product_cat-otros","8":"desktop-align-center","9":"tablet-align-left","10":"mobile-align-left","12":"first","13":"instock","14":"shipping-taxable","15":"purchasable","16":"product-type-simple"},"uagb_featured_image_src":{"full":["https:\/\/varietieseym.com.uy\/wp-content\/uploads\/2024\/08\/cera-roll-on-miel-.jpg",471,472,false],"thumbnail":["https:\/\/varietieseym.com.uy\/wp-content\/uploads\/2024\/08\/cera-roll-on-miel--150x150.jpg",150,150,true],"medium":["https:\/\/varietieseym.com.uy\/wp-content\/uploads\/2024\/08\/cera-roll-on-miel--300x300.jpg",300,300,true],"medium_large":["https:\/\/varietieseym.com.uy\/wp-content\/uploads\/2024\/08\/cera-roll-on-miel-.jpg",471,472,false],"large":["https:\/\/varietieseym.com.uy\/wp-content\/uploads\/2024\/08\/cera-roll-on-miel-.jpg",471,472,false],"1536x1536":["https:\/\/varietieseym.com.uy\/wp-content\/uploads\/2024\/08\/cera-roll-on-miel-.jpg",471,472,false],"2048x2048":["https:\/\/varietieseym.com.uy\/wp-content\/uploads\/2024\/08\/cera-roll-on-miel-.jpg",471,472,false],"woocommerce_thumbnail":["https:\/\/varietieseym.com.uy\/wp-content\/uploads\/2024\/08\/cera-roll-on-miel--300x300.jpg",300,300,true],"woocommerce_single":["https:\/\/varietieseym.com.uy\/wp-content\/uploads\/2024\/08\/cera-roll-on-miel-.jpg",471,472,false],"woocommerce_gallery_thumbnail":["https:\/\/varietieseym.com.uy\/wp-content\/uploads\/2024\/08\/cera-roll-on-miel--100x100.jpg",100,100,true]},"uagb_author_info":{"display_name":"Varietieseym","author_link":"https:\/\/varietieseym.com.uy\/index.php\/author\/"},"uagb_comment_info":0,"uagb_excerpt":"La Cera Depilatoria Roll-on Miel de Repos es c\u00f3moda, pr\u00e1ctica e higi\u00e9nica. El sistema de depilaci\u00f3n roll-on deja una fina capa de cera que enfr\u00eda inmediatamente la piel y se retira f\u00e1cilmente con un pa\u00f1uelo depilatorio.\u00a0Modo de uso: Calentar el recambio durante 20 minutos dentro del aplicador o calentador. Retira el precinto del roll-on con&hellip;","_links":{"self":[{"href":"https:\/\/varietieseym.com.uy\/index.php\/wp-json\/wp\/v2\/product\/6591","targetHints":{"allow":["GET"]}}],"collection":[{"href":"https:\/\/varietieseym.com.uy\/index.php\/wp-json\/wp\/v2\/product"}],"about":[{"href":"https:\/\/varietieseym.com.uy\/index.php\/wp-json\/wp\/v2\/types\/product"}],"wp:featuredmedia":[{"embeddable":true,"href":"https:\/\/varietieseym.com.uy\/index.php\/wp-json\/wp\/v2\/media\/6592"}],"wp:attachment":[{"href":"https:\/\/varietieseym.com.uy\/index.php\/wp-json\/wp\/v2\/media?parent=6591"}],"wp:term":[{"taxonomy":"product_brand","embeddable":true,"href":"https:\/\/varietieseym.com.uy\/index.php\/wp-json\/wp\/v2\/product_brand?post=6591"},{"taxonomy":"product_cat","embeddable":true,"href":"https:\/\/varietieseym.com.uy\/index.php\/wp-json\/wp\/v2\/product_cat?post=6591"},{"taxonomy":"product_tag","embeddable":true,"href":"https:\/\/varietieseym.com.uy\/index.php\/wp-json\/wp\/v2\/product_tag?post=6591"}],"curies":[{"name":"wp","href":"https:\/\/api.w.org\/{rel}","templated":true}]}}