{"id":6595,"date":"2024-08-26T18:00:59","date_gmt":"2024-08-26T21:00:59","guid":{"rendered":"https:\/\/varietieseym.com.uy\/?post_type=product&#038;p=6595"},"modified":"2026-03-31T13:34:17","modified_gmt":"2026-03-31T16:34:17","slug":"pinzas-volumen-pestana","status":"publish","type":"product","link":"https:\/\/varietieseym.com.uy\/index.php\/producto\/pinzas-volumen-pestana\/","title":{"rendered":"Pinzas volumen Ruso pesta\u00f1a, pinza L"},"content":{"rendered":"<p>El dise\u00f1o L permite aplicar accesorios para manicura y pesta\u00f1as con precisi\u00f3n precisa.<br \/>\nFunciona tambi\u00e9n para la eliminaci\u00f3n de astillas, depilaci\u00f3n, cejas y pesta\u00f1as postizas.<br \/>\nDuradero y f\u00e1cil de limpiar. Hecho de acero inoxidable para usarlo durante mucho tiempo.<\/p>\n","protected":false},"excerpt":{"rendered":"<p>El dise\u00f1o L permite aplicar accesorios para manicura y pesta\u00f1as con precisi\u00f3n precisa. Funciona tambi\u00e9n para la eliminaci\u00f3n de astillas, depilaci\u00f3n, cejas y pesta\u00f1as postizas. Duradero y f\u00e1cil de limpiar. Hecho de acero inoxidable para usarlo durante mucho tiempo.<\/p>\n","protected":false},"featured_media":10831,"template":"","meta":{"_uag_custom_page_level_css":"","site-sidebar-layout":"default","site-content-layout":"","ast-site-content-layout":"default","site-content-style":"default","site-sidebar-style":"default","ast-global-header-display":"","ast-banner-title-visibility":"","ast-main-header-display":"","ast-hfb-above-header-display":"","ast-hfb-below-header-display":"","ast-hfb-mobile-header-display":"","site-post-title":"","ast-breadcrumbs-content":"","ast-featured-img":"","footer-sml-layout":"","theme-transparent-header-meta":"default","adv-header-id-meta":"","stick-header-meta":"","header-above-stick-meta":"","header-main-stick-meta":"","header-below-stick-meta":"","astra-migrate-meta-layouts":"set","_joinchat":[]},"product_brand":[],"product_cat":[256,257,255,147],"product_tag":[],"class_list":{"0":"post-6595","1":"product","2":"type-product","3":"status-publish","4":"has-post-thumbnail","6":"product_cat-accesorios-pestanas","7":"product_cat-herramientas-pestanas","8":"product_cat-pelo-a-pelo","9":"product_cat-pestanas","10":"desktop-align-center","11":"tablet-align-left","12":"mobile-align-left","14":"first","15":"instock","16":"shipping-taxable","17":"purchasable","18":"product-type-simple"},"uagb_featured_image_src":{"full":["https:\/\/varietieseym.com.uy\/wp-content\/uploads\/2024\/08\/pinza-L-1.jpg",616,624,false],"thumbnail":["https:\/\/varietieseym.com.uy\/wp-content\/uploads\/2024\/08\/pinza-L-1-150x150.jpg",150,150,true],"medium":["https:\/\/varietieseym.com.uy\/wp-content\/uploads\/2024\/08\/pinza-L-1-296x300.jpg",296,300,true],"medium_large":["https:\/\/varietieseym.com.uy\/wp-content\/uploads\/2024\/08\/pinza-L-1.jpg",616,624,false],"large":["https:\/\/varietieseym.com.uy\/wp-content\/uploads\/2024\/08\/pinza-L-1.jpg",616,624,false],"1536x1536":["https:\/\/varietieseym.com.uy\/wp-content\/uploads\/2024\/08\/pinza-L-1.jpg",616,624,false],"2048x2048":["https:\/\/varietieseym.com.uy\/wp-content\/uploads\/2024\/08\/pinza-L-1.jpg",616,624,false],"woocommerce_thumbnail":["https:\/\/varietieseym.com.uy\/wp-content\/uploads\/2024\/08\/pinza-L-1-300x300.jpg",300,300,true],"woocommerce_single":["https:\/\/varietieseym.com.uy\/wp-content\/uploads\/2024\/08\/pinza-L-1-600x608.jpg",600,608,true],"woocommerce_gallery_thumbnail":["https:\/\/varietieseym.com.uy\/wp-content\/uploads\/2024\/08\/pinza-L-1-100x100.jpg",100,100,true]},"uagb_author_info":{"display_name":"Varietieseym","author_link":"https:\/\/varietieseym.com.uy\/index.php\/author\/"},"uagb_comment_info":0,"uagb_excerpt":"El dise\u00f1o L permite aplicar accesorios para manicura y pesta\u00f1as con precisi\u00f3n precisa. Funciona tambi\u00e9n para la eliminaci\u00f3n de astillas, depilaci\u00f3n, cejas y pesta\u00f1as postizas. Duradero y f\u00e1cil de limpiar. Hecho de acero inoxidable para usarlo durante mucho tiempo.","_links":{"self":[{"href":"https:\/\/varietieseym.com.uy\/index.php\/wp-json\/wp\/v2\/product\/6595","targetHints":{"allow":["GET"]}}],"collection":[{"href":"https:\/\/varietieseym.com.uy\/index.php\/wp-json\/wp\/v2\/product"}],"about":[{"href":"https:\/\/varietieseym.com.uy\/index.php\/wp-json\/wp\/v2\/types\/product"}],"wp:featuredmedia":[{"embeddable":true,"href":"https:\/\/varietieseym.com.uy\/index.php\/wp-json\/wp\/v2\/media\/10831"}],"wp:attachment":[{"href":"https:\/\/varietieseym.com.uy\/index.php\/wp-json\/wp\/v2\/media?parent=6595"}],"wp:term":[{"taxonomy":"product_brand","embeddable":true,"href":"https:\/\/varietieseym.com.uy\/index.php\/wp-json\/wp\/v2\/product_brand?post=6595"},{"taxonomy":"product_cat","embeddable":true,"href":"https:\/\/varietieseym.com.uy\/index.php\/wp-json\/wp\/v2\/product_cat?post=6595"},{"taxonomy":"product_tag","embeddable":true,"href":"https:\/\/varietieseym.com.uy\/index.php\/wp-json\/wp\/v2\/product_tag?post=6595"}],"curies":[{"name":"wp","href":"https:\/\/api.w.org\/{rel}","templated":true}]}}