{"id":6672,"date":"2024-09-17T15:30:14","date_gmt":"2024-09-17T18:30:14","guid":{"rendered":"https:\/\/varietieseym.com.uy\/?post_type=product&#038;p=6672"},"modified":"2026-04-19T12:39:50","modified_gmt":"2026-04-19T15:39:50","slug":"tips-soft-gel-dz-500-piezas","status":"publish","type":"product","link":"https:\/\/varietieseym.com.uy\/index.php\/producto\/tips-soft-gel-dz-500-piezas\/","title":{"rendered":"Tips Soft Gel D&#038;Z 500 piezas"},"content":{"rendered":"<p>Producto de alta calidad que transformar\u00e1 tu experiencia de belleza.<\/p>\n<p>Con un total de 500 unidades por paquete, este kit ofrece una soluci\u00f3n completa para quienes buscan u\u00f1as postizas \u00a0duraderas y de aspecto natural .\u00a0Las u\u00f1as postizas D&amp;Z est\u00e1n hechas de gel suave, un material conocido por su durabilidad y comodidad.<\/p>\n<p><strong>Es importante destacar que este producto no incluye adhesivo, permiti\u00e9ndote elegir el m\u00e9todo de aplicaci\u00f3n que m\u00e1s te convenga.<\/strong><\/p>\n<p>El m\u00e9todo de estiramiento m\u00e1s novedoso que ha revolucionado el mundo de los dise\u00f1adores de u\u00f1as y para quienes ya no pueden vivir sin ese estiramiento.<\/p>\n<p>U\u00d1AS DE GEL SUAVE TIPS ULTRA NATURALES COBERTURA COMPLETA<\/p>\n<h2>Descubra 5 razones recomendadas para comprar:<\/h2>\n<h3>1. Aspecto natural<\/h3>\n<h3>2. Durabilidad<\/h3>\n<h3>3. Versatilidad<\/h3>\n<h3>4. F\u00e1cil aplicaci\u00f3n<\/h3>\n<h3>5. Costo-Beneficio<\/h3>\n<h2><\/h2>\n","protected":false},"excerpt":{"rendered":"<p>Producto de alta calidad que transformar\u00e1 tu experiencia de belleza. Con un total de 500 unidades por paquete, este kit ofrece una soluci\u00f3n completa para quienes buscan u\u00f1as postizas \u00a0duraderas y de aspecto natural .\u00a0Las u\u00f1as postizas D&amp;Z est\u00e1n hechas de gel suave, un material conocido por su durabilidad y comodidad. Es importante destacar que &hellip;<\/p>\n<p class=\"read-more\"> <a class=\"\" href=\"https:\/\/varietieseym.com.uy\/index.php\/producto\/tips-soft-gel-dz-500-piezas\/\"> <span class=\"screen-reader-text\">Tips Soft Gel D&#038;Z 500 piezas<\/span> Leer m\u00e1s &raquo;<\/a><\/p>\n","protected":false},"featured_media":6682,"template":"","meta":{"_uag_custom_page_level_css":"","site-sidebar-layout":"default","site-content-layout":"","ast-site-content-layout":"default","site-content-style":"default","site-sidebar-style":"default","ast-global-header-display":"","ast-banner-title-visibility":"","ast-main-header-display":"","ast-hfb-above-header-display":"","ast-hfb-below-header-display":"","ast-hfb-mobile-header-display":"","site-post-title":"","ast-breadcrumbs-content":"","ast-featured-img":"","footer-sml-layout":"","theme-transparent-header-meta":"default","adv-header-id-meta":"","stick-header-meta":"","header-above-stick-meta":"","header-main-stick-meta":"","header-below-stick-meta":"","astra-migrate-meta-layouts":"set","_joinchat":[]},"product_brand":[],"product_cat":[283,131],"product_tag":[],"class_list":{"0":"post-6672","1":"product","2":"type-product","3":"status-publish","4":"has-post-thumbnail","6":"product_cat-tips","7":"product_cat-unas","8":"desktop-align-center","9":"tablet-align-left","10":"mobile-align-left","12":"first","13":"instock","14":"shipping-taxable","15":"purchasable","16":"product-type-variable"},"uagb_featured_image_src":{"full":["https:\/\/varietieseym.com.uy\/wp-content\/uploads\/2024\/09\/portada-tip.jpg",453,493,false],"thumbnail":["https:\/\/varietieseym.com.uy\/wp-content\/uploads\/2024\/09\/portada-tip-150x150.jpg",150,150,true],"medium":["https:\/\/varietieseym.com.uy\/wp-content\/uploads\/2024\/09\/portada-tip-276x300.jpg",276,300,true],"medium_large":["https:\/\/varietieseym.com.uy\/wp-content\/uploads\/2024\/09\/portada-tip.jpg",453,493,false],"large":["https:\/\/varietieseym.com.uy\/wp-content\/uploads\/2024\/09\/portada-tip.jpg",453,493,false],"1536x1536":["https:\/\/varietieseym.com.uy\/wp-content\/uploads\/2024\/09\/portada-tip.jpg",453,493,false],"2048x2048":["https:\/\/varietieseym.com.uy\/wp-content\/uploads\/2024\/09\/portada-tip.jpg",453,493,false],"woocommerce_thumbnail":["https:\/\/varietieseym.com.uy\/wp-content\/uploads\/2024\/09\/portada-tip-300x300.jpg",300,300,true],"woocommerce_single":["https:\/\/varietieseym.com.uy\/wp-content\/uploads\/2024\/09\/portada-tip.jpg",453,493,false],"woocommerce_gallery_thumbnail":["https:\/\/varietieseym.com.uy\/wp-content\/uploads\/2024\/09\/portada-tip-100x100.jpg",100,100,true]},"uagb_author_info":{"display_name":"Varietieseym","author_link":"https:\/\/varietieseym.com.uy\/index.php\/author\/"},"uagb_comment_info":0,"uagb_excerpt":"Producto de alta calidad que transformar\u00e1 tu experiencia de belleza. Con un total de 500 unidades por paquete, este kit ofrece una soluci\u00f3n completa para quienes buscan u\u00f1as postizas \u00a0duraderas y de aspecto natural .\u00a0Las u\u00f1as postizas D&amp;Z est\u00e1n hechas de gel suave, un material conocido por su durabilidad y comodidad. Es importante destacar que&hellip;","_links":{"self":[{"href":"https:\/\/varietieseym.com.uy\/index.php\/wp-json\/wp\/v2\/product\/6672","targetHints":{"allow":["GET"]}}],"collection":[{"href":"https:\/\/varietieseym.com.uy\/index.php\/wp-json\/wp\/v2\/product"}],"about":[{"href":"https:\/\/varietieseym.com.uy\/index.php\/wp-json\/wp\/v2\/types\/product"}],"wp:featuredmedia":[{"embeddable":true,"href":"https:\/\/varietieseym.com.uy\/index.php\/wp-json\/wp\/v2\/media\/6682"}],"wp:attachment":[{"href":"https:\/\/varietieseym.com.uy\/index.php\/wp-json\/wp\/v2\/media?parent=6672"}],"wp:term":[{"taxonomy":"product_brand","embeddable":true,"href":"https:\/\/varietieseym.com.uy\/index.php\/wp-json\/wp\/v2\/product_brand?post=6672"},{"taxonomy":"product_cat","embeddable":true,"href":"https:\/\/varietieseym.com.uy\/index.php\/wp-json\/wp\/v2\/product_cat?post=6672"},{"taxonomy":"product_tag","embeddable":true,"href":"https:\/\/varietieseym.com.uy\/index.php\/wp-json\/wp\/v2\/product_tag?post=6672"}],"curies":[{"name":"wp","href":"https:\/\/api.w.org\/{rel}","templated":true}]}}