{"id":6691,"date":"2024-09-19T16:45:40","date_gmt":"2024-09-19T19:45:40","guid":{"rendered":"https:\/\/varietieseym.com.uy\/?post_type=product&#038;p=6691"},"modified":"2025-10-29T19:01:03","modified_gmt":"2025-10-29T22:01:03","slug":"kit-depilacion-calentador-de-cera-repuesto-roll-on","status":"publish","type":"product","link":"https:\/\/varietieseym.com.uy\/index.php\/producto\/kit-depilacion-calentador-de-cera-repuesto-roll-on\/","title":{"rendered":"Kit Depilaci\u00f3n Calentador De Cera + Repuesto Roll On"},"content":{"rendered":"<p>CARACTER\u00cdSTICAS:<br \/>\n*Es peque\u00f1o y muy manejable, f\u00e1cil de transportar.<br \/>\n*Calentador autom\u00e1tico.<br \/>\n*Para uso profesional o personal.<br \/>\n*Tiene una tapa o cubierta para evitar polvo mientras no se le da uso.<br \/>\n*F\u00e1cil de usar, no necesita el uso de pincel o esp\u00e1tula.<br \/>\n*No hay filamentos de residuos dejados sobre la piel<br \/>\n*La cera es estable en cualquier \u00e9poca del a\u00f1o<br \/>\n*Usado por profesionales en el cuidado de belleza..<br \/>\n*Perfecto tanto para uso profesional o uso personal.<br \/>\n* Indicador LED (calienta mas r\u00e1pidamente)<br \/>\n*Adecuado para 100 g cartucho de cera<br \/>\n*Derretir tiempo : 15-18 minutos<br \/>\n*Tipo de cera: Cartucho de cera<\/p>\n<p>MODO USO:<br \/>\n1. Aseg\u00farese de que la piel este absoluta limpia antes de su uso.<br \/>\n2. Inserte el cartucho de cera en el calentador.<br \/>\n3. Colocar la m\u00e1quina de cera en la base de carga, conectarla a la corriente.<br \/>\n4. Caliente la cera durante unos 20-30 minutos, a continuaci\u00f3n, empezar a usar.<br \/>\n5. Pase el producto sobre la piel en la direcci\u00f3n que el pelo crece en peque\u00f1as \u00e1reas que Usted desea depilar., Y cubrir el \u00e1rea de 15 ~ 18 cent\u00edmetros cuadrados. (Aseg\u00farese de que este a una temperatura adecuada, Si la temperatura es muy alta, Esperar por un momento a continuaci\u00f3n, para ser utilizada)<br \/>\n6. Colocar el papel sobre el \u00e1rea encerada. Utilice la mano para presionar hacia abajo donde el pelo Crece.<br \/>\n7. Retire el papel hacia la direcci\u00f3n inversa que el vello crece.<br \/>\n8. Despu\u00e9s de la depilaci\u00f3n, usar una crema, aceite o alg\u00fan limpiador para limpiar los residuos de la cera puede haber Dejado.<br \/>\n9. A dem\u00e1s debe de preferencia utilizar un tratamiento post depilatorio para evitar rojeces.<\/p>\n","protected":false},"excerpt":{"rendered":"<p>CARACTER\u00cdSTICAS: *Es peque\u00f1o y muy manejable, f\u00e1cil de transportar. *Calentador autom\u00e1tico. *Para uso profesional o personal. *Tiene una tapa o cubierta para evitar polvo mientras no se le da uso. *F\u00e1cil de usar, no necesita el uso de pincel o esp\u00e1tula. *No hay filamentos de residuos dejados sobre la piel *La cera es estable en &hellip;<\/p>\n<p class=\"read-more\"> <a class=\"\" href=\"https:\/\/varietieseym.com.uy\/index.php\/producto\/kit-depilacion-calentador-de-cera-repuesto-roll-on\/\"> <span class=\"screen-reader-text\">Kit Depilaci\u00f3n Calentador De Cera + Repuesto Roll On<\/span> Leer m\u00e1s &raquo;<\/a><\/p>\n","protected":false},"featured_media":6692,"template":"","meta":{"_uag_custom_page_level_css":"","site-sidebar-layout":"default","site-content-layout":"","ast-site-content-layout":"default","site-content-style":"default","site-sidebar-style":"default","ast-global-header-display":"","ast-banner-title-visibility":"","ast-main-header-display":"","ast-hfb-above-header-display":"","ast-hfb-below-header-display":"","ast-hfb-mobile-header-display":"","site-post-title":"","ast-breadcrumbs-content":"","ast-featured-img":"","footer-sml-layout":"","theme-transparent-header-meta":"default","adv-header-id-meta":"","stick-header-meta":"","header-above-stick-meta":"","header-main-stick-meta":"","header-below-stick-meta":"","astra-migrate-meta-layouts":"set","_joinchat":[]},"product_brand":[],"product_cat":[15],"product_tag":[],"class_list":{"0":"post-6691","1":"product","2":"type-product","3":"status-publish","4":"has-post-thumbnail","6":"product_cat-sin-categorizar","7":"desktop-align-center","8":"tablet-align-left","9":"mobile-align-left","11":"first","12":"instock","13":"shipping-taxable","14":"purchasable","15":"product-type-simple"},"uagb_featured_image_src":{"full":["https:\/\/varietieseym.com.uy\/wp-content\/uploads\/2024\/09\/kit-maquina-cera-.jpg",566,548,false],"thumbnail":["https:\/\/varietieseym.com.uy\/wp-content\/uploads\/2024\/09\/kit-maquina-cera--150x150.jpg",150,150,true],"medium":["https:\/\/varietieseym.com.uy\/wp-content\/uploads\/2024\/09\/kit-maquina-cera--300x290.jpg",300,290,true],"medium_large":["https:\/\/varietieseym.com.uy\/wp-content\/uploads\/2024\/09\/kit-maquina-cera-.jpg",566,548,false],"large":["https:\/\/varietieseym.com.uy\/wp-content\/uploads\/2024\/09\/kit-maquina-cera-.jpg",566,548,false],"1536x1536":["https:\/\/varietieseym.com.uy\/wp-content\/uploads\/2024\/09\/kit-maquina-cera-.jpg",566,548,false],"2048x2048":["https:\/\/varietieseym.com.uy\/wp-content\/uploads\/2024\/09\/kit-maquina-cera-.jpg",566,548,false],"woocommerce_thumbnail":["https:\/\/varietieseym.com.uy\/wp-content\/uploads\/2024\/09\/kit-maquina-cera--300x300.jpg",300,300,true],"woocommerce_single":["https:\/\/varietieseym.com.uy\/wp-content\/uploads\/2024\/09\/kit-maquina-cera-.jpg",566,548,false],"woocommerce_gallery_thumbnail":["https:\/\/varietieseym.com.uy\/wp-content\/uploads\/2024\/09\/kit-maquina-cera--100x100.jpg",100,100,true]},"uagb_author_info":{"display_name":"Varietieseym","author_link":"https:\/\/varietieseym.com.uy\/index.php\/author\/"},"uagb_comment_info":0,"uagb_excerpt":"CARACTER\u00cdSTICAS: *Es peque\u00f1o y muy manejable, f\u00e1cil de transportar. *Calentador autom\u00e1tico. *Para uso profesional o personal. *Tiene una tapa o cubierta para evitar polvo mientras no se le da uso. *F\u00e1cil de usar, no necesita el uso de pincel o esp\u00e1tula. *No hay filamentos de residuos dejados sobre la piel *La cera es estable en&hellip;","_links":{"self":[{"href":"https:\/\/varietieseym.com.uy\/index.php\/wp-json\/wp\/v2\/product\/6691","targetHints":{"allow":["GET"]}}],"collection":[{"href":"https:\/\/varietieseym.com.uy\/index.php\/wp-json\/wp\/v2\/product"}],"about":[{"href":"https:\/\/varietieseym.com.uy\/index.php\/wp-json\/wp\/v2\/types\/product"}],"wp:featuredmedia":[{"embeddable":true,"href":"https:\/\/varietieseym.com.uy\/index.php\/wp-json\/wp\/v2\/media\/6692"}],"wp:attachment":[{"href":"https:\/\/varietieseym.com.uy\/index.php\/wp-json\/wp\/v2\/media?parent=6691"}],"wp:term":[{"taxonomy":"product_brand","embeddable":true,"href":"https:\/\/varietieseym.com.uy\/index.php\/wp-json\/wp\/v2\/product_brand?post=6691"},{"taxonomy":"product_cat","embeddable":true,"href":"https:\/\/varietieseym.com.uy\/index.php\/wp-json\/wp\/v2\/product_cat?post=6691"},{"taxonomy":"product_tag","embeddable":true,"href":"https:\/\/varietieseym.com.uy\/index.php\/wp-json\/wp\/v2\/product_tag?post=6691"}],"curies":[{"name":"wp","href":"https:\/\/api.w.org\/{rel}","templated":true}]}}