{"id":6710,"date":"2024-09-30T17:14:47","date_gmt":"2024-09-30T20:14:47","guid":{"rendered":"https:\/\/varietieseym.com.uy\/?post_type=product&#038;p=6710"},"modified":"2026-02-27T16:58:19","modified_gmt":"2026-02-27T19:58:19","slug":"stickers-gel-nails","status":"publish","type":"product","link":"https:\/\/varietieseym.com.uy\/index.php\/producto\/stickers-gel-nails\/","title":{"rendered":"Stickers Gel Nails"},"content":{"rendered":"<ul class=\"a-unordered-list a-vertical a-spacing-mini\">\n<li class=\"a-spacing-mini\"><span class=\"a-list-item\">Tiras de gel semicuradas, dise\u00f1o elegante, <\/span><span class=\"a-list-item\">Nuestras pegatinas de u\u00f1as de gel est\u00e1n hechas de material de calidad, seguro e inodoro, no da\u00f1an las u\u00f1as, adem\u00e1s las tiras de gel semicurado son duraderas, no se burbujean f\u00e1cilmente.<\/span><\/li>\n<li class=\"a-spacing-mini\"><span class=\"a-list-item\">Est\u00e1n hechas con gel l\u00edquido real y se adaptan a todo tipo de tama\u00f1os y formas de u\u00f1as. Ya sea que tengas u\u00f1as redondas o cuadradas, nuestras u\u00f1as de gel semicuradas lucir\u00e1n fabulosas.<\/span><\/li>\n<\/ul>\n","protected":false},"excerpt":{"rendered":"<p>Tiras de gel semicuradas, dise\u00f1o elegante, Nuestras pegatinas de u\u00f1as de gel est\u00e1n hechas de material de calidad, seguro e inodoro, no da\u00f1an las u\u00f1as, adem\u00e1s las tiras de gel semicurado son duraderas, no se burbujean f\u00e1cilmente. Est\u00e1n hechas con gel l\u00edquido real y se adaptan a todo tipo de tama\u00f1os y formas de u\u00f1as. &hellip;<\/p>\n<p class=\"read-more\"> <a class=\"\" href=\"https:\/\/varietieseym.com.uy\/index.php\/producto\/stickers-gel-nails\/\"> <span class=\"screen-reader-text\">Stickers Gel Nails<\/span> Leer m\u00e1s &raquo;<\/a><\/p>\n","protected":false},"featured_media":6723,"template":"","meta":{"_uag_custom_page_level_css":"","site-sidebar-layout":"default","site-content-layout":"","ast-site-content-layout":"default","site-content-style":"default","site-sidebar-style":"default","ast-global-header-display":"","ast-banner-title-visibility":"","ast-main-header-display":"","ast-hfb-above-header-display":"","ast-hfb-below-header-display":"","ast-hfb-mobile-header-display":"","site-post-title":"","ast-breadcrumbs-content":"","ast-featured-img":"","footer-sml-layout":"","theme-transparent-header-meta":"default","adv-header-id-meta":"","stick-header-meta":"","header-above-stick-meta":"","header-main-stick-meta":"","header-below-stick-meta":"","astra-migrate-meta-layouts":"set","_joinchat":[]},"product_brand":[],"product_cat":[198,185,131],"product_tag":[],"class_list":{"0":"post-6710","1":"product","2":"type-product","3":"status-publish","4":"has-post-thumbnail","6":"product_cat-esmaltes-semipermanentes","7":"product_cat-gel-unas","8":"product_cat-unas","9":"desktop-align-center","10":"tablet-align-left","11":"mobile-align-left","13":"first","14":"instock","15":"shipping-taxable","16":"purchasable","17":"product-type-variable"},"uagb_featured_image_src":{"full":["https:\/\/varietieseym.com.uy\/wp-content\/uploads\/2024\/09\/sticker-gel.jpg",1600,1600,false],"thumbnail":["https:\/\/varietieseym.com.uy\/wp-content\/uploads\/2024\/09\/sticker-gel-150x150.jpg",150,150,true],"medium":["https:\/\/varietieseym.com.uy\/wp-content\/uploads\/2024\/09\/sticker-gel-300x300.jpg",300,300,true],"medium_large":["https:\/\/varietieseym.com.uy\/wp-content\/uploads\/2024\/09\/sticker-gel-768x768.jpg",768,768,true],"large":["https:\/\/varietieseym.com.uy\/wp-content\/uploads\/2024\/09\/sticker-gel-1024x1024.jpg",1024,1024,true],"1536x1536":["https:\/\/varietieseym.com.uy\/wp-content\/uploads\/2024\/09\/sticker-gel-1536x1536.jpg",1536,1536,true],"2048x2048":["https:\/\/varietieseym.com.uy\/wp-content\/uploads\/2024\/09\/sticker-gel.jpg",1600,1600,false],"woocommerce_thumbnail":["https:\/\/varietieseym.com.uy\/wp-content\/uploads\/2024\/09\/sticker-gel-300x300.jpg",300,300,true],"woocommerce_single":["https:\/\/varietieseym.com.uy\/wp-content\/uploads\/2024\/09\/sticker-gel-600x600.jpg",600,600,true],"woocommerce_gallery_thumbnail":["https:\/\/varietieseym.com.uy\/wp-content\/uploads\/2024\/09\/sticker-gel-100x100.jpg",100,100,true]},"uagb_author_info":{"display_name":"Varietieseym","author_link":"https:\/\/varietieseym.com.uy\/index.php\/author\/"},"uagb_comment_info":0,"uagb_excerpt":"Tiras de gel semicuradas, dise\u00f1o elegante, Nuestras pegatinas de u\u00f1as de gel est\u00e1n hechas de material de calidad, seguro e inodoro, no da\u00f1an las u\u00f1as, adem\u00e1s las tiras de gel semicurado son duraderas, no se burbujean f\u00e1cilmente. Est\u00e1n hechas con gel l\u00edquido real y se adaptan a todo tipo de tama\u00f1os y formas de u\u00f1as.&hellip;","_links":{"self":[{"href":"https:\/\/varietieseym.com.uy\/index.php\/wp-json\/wp\/v2\/product\/6710","targetHints":{"allow":["GET"]}}],"collection":[{"href":"https:\/\/varietieseym.com.uy\/index.php\/wp-json\/wp\/v2\/product"}],"about":[{"href":"https:\/\/varietieseym.com.uy\/index.php\/wp-json\/wp\/v2\/types\/product"}],"wp:featuredmedia":[{"embeddable":true,"href":"https:\/\/varietieseym.com.uy\/index.php\/wp-json\/wp\/v2\/media\/6723"}],"wp:attachment":[{"href":"https:\/\/varietieseym.com.uy\/index.php\/wp-json\/wp\/v2\/media?parent=6710"}],"wp:term":[{"taxonomy":"product_brand","embeddable":true,"href":"https:\/\/varietieseym.com.uy\/index.php\/wp-json\/wp\/v2\/product_brand?post=6710"},{"taxonomy":"product_cat","embeddable":true,"href":"https:\/\/varietieseym.com.uy\/index.php\/wp-json\/wp\/v2\/product_cat?post=6710"},{"taxonomy":"product_tag","embeddable":true,"href":"https:\/\/varietieseym.com.uy\/index.php\/wp-json\/wp\/v2\/product_tag?post=6710"}],"curies":[{"name":"wp","href":"https:\/\/api.w.org\/{rel}","templated":true}]}}