{"id":7094,"date":"2024-10-23T18:12:26","date_gmt":"2024-10-23T21:12:26","guid":{"rendered":"https:\/\/varietieseym.com.uy\/?post_type=product&#038;p=7094"},"modified":"2026-05-01T17:18:12","modified_gmt":"2026-05-01T20:18:12","slug":"base-rubber-vinimay-15ml-kapping","status":"publish","type":"product","link":"https:\/\/varietieseym.com.uy\/index.php\/producto\/base-rubber-vinimay-15ml-kapping\/","title":{"rendered":"Gel construcci\u00f3n formato esmalte  Vinimay 15ml, Kapping"},"content":{"rendered":"<p><strong>Bae rubber\/kapping <\/strong>\u00a0de alto rendimiento para lograr una nivelacion, fuerza y resistencia deseada en tus u\u00f1as de forma r\u00e1pida y eficaz. Con su f\u00f3rmula superior, esta colecci\u00f3n de geles te permite lucir u\u00f1as fuertes y duraderas hasta por 3 semanas<\/p>\n","protected":false},"excerpt":{"rendered":"<p>Bae rubber\/kapping \u00a0de alto rendimiento para lograr una nivelacion, fuerza y resistencia deseada en tus u\u00f1as de forma r\u00e1pida y eficaz. Con su f\u00f3rmula superior, esta colecci\u00f3n de geles te permite lucir u\u00f1as fuertes y duraderas hasta por 3 semanas<\/p>\n","protected":false},"featured_media":7098,"template":"","meta":{"_uag_custom_page_level_css":"","site-sidebar-layout":"default","site-content-layout":"","ast-site-content-layout":"default","site-content-style":"default","site-sidebar-style":"default","ast-global-header-display":"","ast-banner-title-visibility":"","ast-main-header-display":"","ast-hfb-above-header-display":"","ast-hfb-below-header-display":"","ast-hfb-mobile-header-display":"","site-post-title":"","ast-breadcrumbs-content":"","ast-featured-img":"","footer-sml-layout":"","theme-transparent-header-meta":"default","adv-header-id-meta":"","stick-header-meta":"","header-above-stick-meta":"","header-main-stick-meta":"","header-below-stick-meta":"","astra-migrate-meta-layouts":"set","_joinchat":[]},"product_brand":[],"product_cat":[198,185,131],"product_tag":[],"class_list":{"0":"post-7094","1":"product","2":"type-product","3":"status-publish","4":"has-post-thumbnail","6":"product_cat-esmaltes-semipermanentes","7":"product_cat-gel-unas","8":"product_cat-unas","9":"desktop-align-center","10":"tablet-align-left","11":"mobile-align-left","13":"first","14":"instock","15":"shipping-taxable","16":"purchasable","17":"product-type-variable"},"uagb_featured_image_src":{"full":["https:\/\/varietieseym.com.uy\/wp-content\/uploads\/2024\/10\/builder-gel-2.jpg",566,539,false],"thumbnail":["https:\/\/varietieseym.com.uy\/wp-content\/uploads\/2024\/10\/builder-gel-2-150x150.jpg",150,150,true],"medium":["https:\/\/varietieseym.com.uy\/wp-content\/uploads\/2024\/10\/builder-gel-2-300x286.jpg",300,286,true],"medium_large":["https:\/\/varietieseym.com.uy\/wp-content\/uploads\/2024\/10\/builder-gel-2.jpg",566,539,false],"large":["https:\/\/varietieseym.com.uy\/wp-content\/uploads\/2024\/10\/builder-gel-2.jpg",566,539,false],"1536x1536":["https:\/\/varietieseym.com.uy\/wp-content\/uploads\/2024\/10\/builder-gel-2.jpg",566,539,false],"2048x2048":["https:\/\/varietieseym.com.uy\/wp-content\/uploads\/2024\/10\/builder-gel-2.jpg",566,539,false],"woocommerce_thumbnail":["https:\/\/varietieseym.com.uy\/wp-content\/uploads\/2024\/10\/builder-gel-2-300x300.jpg",300,300,true],"woocommerce_single":["https:\/\/varietieseym.com.uy\/wp-content\/uploads\/2024\/10\/builder-gel-2.jpg",566,539,false],"woocommerce_gallery_thumbnail":["https:\/\/varietieseym.com.uy\/wp-content\/uploads\/2024\/10\/builder-gel-2-100x100.jpg",100,100,true]},"uagb_author_info":{"display_name":"Varietieseym","author_link":"https:\/\/varietieseym.com.uy\/index.php\/author\/"},"uagb_comment_info":0,"uagb_excerpt":"Bae rubber\/kapping \u00a0de alto rendimiento para lograr una nivelacion, fuerza y resistencia deseada en tus u\u00f1as de forma r\u00e1pida y eficaz. Con su f\u00f3rmula superior, esta colecci\u00f3n de geles te permite lucir u\u00f1as fuertes y duraderas hasta por 3 semanas","_links":{"self":[{"href":"https:\/\/varietieseym.com.uy\/index.php\/wp-json\/wp\/v2\/product\/7094","targetHints":{"allow":["GET"]}}],"collection":[{"href":"https:\/\/varietieseym.com.uy\/index.php\/wp-json\/wp\/v2\/product"}],"about":[{"href":"https:\/\/varietieseym.com.uy\/index.php\/wp-json\/wp\/v2\/types\/product"}],"wp:featuredmedia":[{"embeddable":true,"href":"https:\/\/varietieseym.com.uy\/index.php\/wp-json\/wp\/v2\/media\/7098"}],"wp:attachment":[{"href":"https:\/\/varietieseym.com.uy\/index.php\/wp-json\/wp\/v2\/media?parent=7094"}],"wp:term":[{"taxonomy":"product_brand","embeddable":true,"href":"https:\/\/varietieseym.com.uy\/index.php\/wp-json\/wp\/v2\/product_brand?post=7094"},{"taxonomy":"product_cat","embeddable":true,"href":"https:\/\/varietieseym.com.uy\/index.php\/wp-json\/wp\/v2\/product_cat?post=7094"},{"taxonomy":"product_tag","embeddable":true,"href":"https:\/\/varietieseym.com.uy\/index.php\/wp-json\/wp\/v2\/product_tag?post=7094"}],"curies":[{"name":"wp","href":"https:\/\/api.w.org\/{rel}","templated":true}]}}