{"id":7169,"date":"2024-10-28T13:46:27","date_gmt":"2024-10-28T16:46:27","guid":{"rendered":"https:\/\/varietieseym.com.uy\/?post_type=product&#038;p=7169"},"modified":"2024-11-05T14:08:12","modified_gmt":"2024-11-05T17:08:12","slug":"pigmentos-acrilicos","status":"publish","type":"product","link":"https:\/\/varietieseym.com.uy\/index.php\/producto\/pigmentos-acrilicos\/","title":{"rendered":"Pigmentos Acrilicos"},"content":{"rendered":"<p>Polvos acr\u00edlicos color brillante, no t\u00f3xico, seguro para u\u00f1as y piel. Puedes utilizar el polvo de u\u00f1as acr\u00edlico de colores para hacer diferentes combinaciones de colores y crear una decoraci\u00f3n de u\u00f1as m\u00e1s imaginativa.<\/p>\n<p>Se puede utilizar para pigmentar gel, acr\u00edlico y esmaltes semipermanentes..<\/p>\n<p>&nbsp;<\/p>\n","protected":false},"excerpt":{"rendered":"<p>Polvos acr\u00edlicos color brillante, no t\u00f3xico, seguro para u\u00f1as y piel. Puedes utilizar el polvo de u\u00f1as acr\u00edlico de colores para hacer diferentes combinaciones de colores y crear una decoraci\u00f3n de u\u00f1as m\u00e1s imaginativa. Se puede utilizar para pigmentar gel, acr\u00edlico y esmaltes semipermanentes.. &nbsp;<\/p>\n","protected":false},"featured_media":7196,"template":"","meta":{"_uag_custom_page_level_css":"","site-sidebar-layout":"default","site-content-layout":"","ast-site-content-layout":"default","site-content-style":"default","site-sidebar-style":"default","ast-global-header-display":"","ast-banner-title-visibility":"","ast-main-header-display":"","ast-hfb-above-header-display":"","ast-hfb-below-header-display":"","ast-hfb-mobile-header-display":"","site-post-title":"","ast-breadcrumbs-content":"","ast-featured-img":"","footer-sml-layout":"","theme-transparent-header-meta":"default","adv-header-id-meta":"","stick-header-meta":"","header-above-stick-meta":"","header-main-stick-meta":"","header-below-stick-meta":"","astra-migrate-meta-layouts":"set","_joinchat":[]},"product_brand":[],"product_cat":[219,198,185,131],"product_tag":[],"class_list":{"0":"post-7169","1":"product","2":"type-product","3":"status-publish","4":"has-post-thumbnail","6":"product_cat-construccion-unas","7":"product_cat-esmaltes-semipermanentes","8":"product_cat-gel-unas","9":"product_cat-unas","10":"desktop-align-center","11":"tablet-align-left","12":"mobile-align-left","14":"first","15":"instock","16":"shipping-taxable","17":"purchasable","18":"product-type-variable"},"uagb_featured_image_src":{"full":["https:\/\/varietieseym.com.uy\/wp-content\/uploads\/2024\/10\/pigmento-acrilicos-2.jpg",627,620,false],"thumbnail":["https:\/\/varietieseym.com.uy\/wp-content\/uploads\/2024\/10\/pigmento-acrilicos-2-150x150.jpg",150,150,true],"medium":["https:\/\/varietieseym.com.uy\/wp-content\/uploads\/2024\/10\/pigmento-acrilicos-2-300x297.jpg",300,297,true],"medium_large":["https:\/\/varietieseym.com.uy\/wp-content\/uploads\/2024\/10\/pigmento-acrilicos-2.jpg",627,620,false],"large":["https:\/\/varietieseym.com.uy\/wp-content\/uploads\/2024\/10\/pigmento-acrilicos-2.jpg",627,620,false],"1536x1536":["https:\/\/varietieseym.com.uy\/wp-content\/uploads\/2024\/10\/pigmento-acrilicos-2.jpg",627,620,false],"2048x2048":["https:\/\/varietieseym.com.uy\/wp-content\/uploads\/2024\/10\/pigmento-acrilicos-2.jpg",627,620,false],"woocommerce_thumbnail":["https:\/\/varietieseym.com.uy\/wp-content\/uploads\/2024\/10\/pigmento-acrilicos-2-300x300.jpg",300,300,true],"woocommerce_single":["https:\/\/varietieseym.com.uy\/wp-content\/uploads\/2024\/10\/pigmento-acrilicos-2-600x593.jpg",600,593,true],"woocommerce_gallery_thumbnail":["https:\/\/varietieseym.com.uy\/wp-content\/uploads\/2024\/10\/pigmento-acrilicos-2-100x100.jpg",100,100,true]},"uagb_author_info":{"display_name":"Varietieseym","author_link":"https:\/\/varietieseym.com.uy\/index.php\/author\/"},"uagb_comment_info":0,"uagb_excerpt":"Polvos acr\u00edlicos color brillante, no t\u00f3xico, seguro para u\u00f1as y piel. Puedes utilizar el polvo de u\u00f1as acr\u00edlico de colores para hacer diferentes combinaciones de colores y crear una decoraci\u00f3n de u\u00f1as m\u00e1s imaginativa. Se puede utilizar para pigmentar gel, acr\u00edlico y esmaltes semipermanentes.. &nbsp;","_links":{"self":[{"href":"https:\/\/varietieseym.com.uy\/index.php\/wp-json\/wp\/v2\/product\/7169","targetHints":{"allow":["GET"]}}],"collection":[{"href":"https:\/\/varietieseym.com.uy\/index.php\/wp-json\/wp\/v2\/product"}],"about":[{"href":"https:\/\/varietieseym.com.uy\/index.php\/wp-json\/wp\/v2\/types\/product"}],"wp:featuredmedia":[{"embeddable":true,"href":"https:\/\/varietieseym.com.uy\/index.php\/wp-json\/wp\/v2\/media\/7196"}],"wp:attachment":[{"href":"https:\/\/varietieseym.com.uy\/index.php\/wp-json\/wp\/v2\/media?parent=7169"}],"wp:term":[{"taxonomy":"product_brand","embeddable":true,"href":"https:\/\/varietieseym.com.uy\/index.php\/wp-json\/wp\/v2\/product_brand?post=7169"},{"taxonomy":"product_cat","embeddable":true,"href":"https:\/\/varietieseym.com.uy\/index.php\/wp-json\/wp\/v2\/product_cat?post=7169"},{"taxonomy":"product_tag","embeddable":true,"href":"https:\/\/varietieseym.com.uy\/index.php\/wp-json\/wp\/v2\/product_tag?post=7169"}],"curies":[{"name":"wp","href":"https:\/\/api.w.org\/{rel}","templated":true}]}}