{"id":7253,"date":"2024-10-30T18:09:14","date_gmt":"2024-10-30T21:09:14","guid":{"rendered":"https:\/\/varietieseym.com.uy\/?post_type=product&#038;p=7253"},"modified":"2025-01-05T13:42:36","modified_gmt":"2025-01-05T16:42:36","slug":"aerografo-inalambrico-portatil-usb-recargable","status":"publish","type":"product","link":"https:\/\/varietieseym.com.uy\/index.php\/producto\/aerografo-inalambrico-portatil-usb-recargable\/","title":{"rendered":"Aer\u00f3grafo Inal\u00e1mbrico Port\u00e1til Usb Recargable"},"content":{"rendered":"<ul class=\"a-unordered-list a-vertical a-spacing-mini\">\n<li class=\"a-spacing-mini\"><span class=\"a-list-item\">Aer\u00f3grafo de u\u00f1as se puede utilizar para spa facial, maquillaje, arte de u\u00f1as, tatuajes, decoraci\u00f3n de pasteles, pintura art\u00edstica, manualidades, modelos para colorear, etc. Satisface tus diversas necesidades de muchas maneras.<\/span><\/li>\n<li class=\"a-spacing-mini\"><span class=\"a-list-item\">Extra\u00edble y f\u00e1cil de limpiar.<\/span><\/li>\n<li class=\"a-spacing-mini\"><span class=\"a-list-item\">Carga USB mejorada.\u00a0<\/span><\/li>\n<\/ul>\n","protected":false},"excerpt":{"rendered":"<p>Aer\u00f3grafo de u\u00f1as se puede utilizar para spa facial, maquillaje, arte de u\u00f1as, tatuajes, decoraci\u00f3n de pasteles, pintura art\u00edstica, manualidades, modelos para colorear, etc. Satisface tus diversas necesidades de muchas maneras. Extra\u00edble y f\u00e1cil de limpiar. Carga USB mejorada.\u00a0<\/p>\n","protected":false},"featured_media":7258,"template":"","meta":{"_uag_custom_page_level_css":"","site-sidebar-layout":"default","site-content-layout":"","ast-site-content-layout":"default","site-content-style":"default","site-sidebar-style":"default","ast-global-header-display":"","ast-banner-title-visibility":"","ast-main-header-display":"","ast-hfb-above-header-display":"","ast-hfb-below-header-display":"","ast-hfb-mobile-header-display":"","site-post-title":"","ast-breadcrumbs-content":"","ast-featured-img":"","footer-sml-layout":"","theme-transparent-header-meta":"default","adv-header-id-meta":"","stick-header-meta":"","header-above-stick-meta":"","header-main-stick-meta":"","header-below-stick-meta":"","astra-migrate-meta-layouts":"set","_joinchat":[]},"product_brand":[],"product_cat":[151,131,139],"product_tag":[],"class_list":{"0":"post-7253","1":"product","2":"type-product","3":"status-publish","4":"has-post-thumbnail","6":"product_cat-accesorios","7":"product_cat-unas","8":"product_cat-decoracion","9":"desktop-align-center","10":"tablet-align-left","11":"mobile-align-left","13":"first","14":"outofstock","15":"shipping-taxable","16":"purchasable","17":"product-type-variable"},"uagb_featured_image_src":{"full":["https:\/\/varietieseym.com.uy\/wp-content\/uploads\/2024\/10\/aerografo-4.jpg",625,621,false],"thumbnail":["https:\/\/varietieseym.com.uy\/wp-content\/uploads\/2024\/10\/aerografo-4-150x150.jpg",150,150,true],"medium":["https:\/\/varietieseym.com.uy\/wp-content\/uploads\/2024\/10\/aerografo-4-300x298.jpg",300,298,true],"medium_large":["https:\/\/varietieseym.com.uy\/wp-content\/uploads\/2024\/10\/aerografo-4.jpg",625,621,false],"large":["https:\/\/varietieseym.com.uy\/wp-content\/uploads\/2024\/10\/aerografo-4.jpg",625,621,false],"1536x1536":["https:\/\/varietieseym.com.uy\/wp-content\/uploads\/2024\/10\/aerografo-4.jpg",625,621,false],"2048x2048":["https:\/\/varietieseym.com.uy\/wp-content\/uploads\/2024\/10\/aerografo-4.jpg",625,621,false],"woocommerce_thumbnail":["https:\/\/varietieseym.com.uy\/wp-content\/uploads\/2024\/10\/aerografo-4-300x300.jpg",300,300,true],"woocommerce_single":["https:\/\/varietieseym.com.uy\/wp-content\/uploads\/2024\/10\/aerografo-4-600x596.jpg",600,596,true],"woocommerce_gallery_thumbnail":["https:\/\/varietieseym.com.uy\/wp-content\/uploads\/2024\/10\/aerografo-4-100x100.jpg",100,100,true]},"uagb_author_info":{"display_name":"Varietieseym","author_link":"https:\/\/varietieseym.com.uy\/index.php\/author\/"},"uagb_comment_info":0,"uagb_excerpt":"Aer\u00f3grafo de u\u00f1as se puede utilizar para spa facial, maquillaje, arte de u\u00f1as, tatuajes, decoraci\u00f3n de pasteles, pintura art\u00edstica, manualidades, modelos para colorear, etc. Satisface tus diversas necesidades de muchas maneras. Extra\u00edble y f\u00e1cil de limpiar. Carga USB mejorada.\u00a0","_links":{"self":[{"href":"https:\/\/varietieseym.com.uy\/index.php\/wp-json\/wp\/v2\/product\/7253","targetHints":{"allow":["GET"]}}],"collection":[{"href":"https:\/\/varietieseym.com.uy\/index.php\/wp-json\/wp\/v2\/product"}],"about":[{"href":"https:\/\/varietieseym.com.uy\/index.php\/wp-json\/wp\/v2\/types\/product"}],"wp:featuredmedia":[{"embeddable":true,"href":"https:\/\/varietieseym.com.uy\/index.php\/wp-json\/wp\/v2\/media\/7258"}],"wp:attachment":[{"href":"https:\/\/varietieseym.com.uy\/index.php\/wp-json\/wp\/v2\/media?parent=7253"}],"wp:term":[{"taxonomy":"product_brand","embeddable":true,"href":"https:\/\/varietieseym.com.uy\/index.php\/wp-json\/wp\/v2\/product_brand?post=7253"},{"taxonomy":"product_cat","embeddable":true,"href":"https:\/\/varietieseym.com.uy\/index.php\/wp-json\/wp\/v2\/product_cat?post=7253"},{"taxonomy":"product_tag","embeddable":true,"href":"https:\/\/varietieseym.com.uy\/index.php\/wp-json\/wp\/v2\/product_tag?post=7253"}],"curies":[{"name":"wp","href":"https:\/\/api.w.org\/{rel}","templated":true}]}}