{"id":7284,"date":"2024-11-07T18:10:56","date_gmt":"2024-11-07T21:10:56","guid":{"rendered":"https:\/\/varietieseym.com.uy\/?post_type=product&#038;p=7284"},"modified":"2025-06-12T18:22:04","modified_gmt":"2025-06-12T21:22:04","slug":"esmalte-semipermanente-efecto-ojo-de-gato-dafu","status":"publish","type":"product","link":"https:\/\/varietieseym.com.uy\/index.php\/producto\/esmalte-semipermanente-efecto-ojo-de-gato-dafu\/","title":{"rendered":"Esmalte semipermanente efecto ojo de gato- Dafu"},"content":{"rendered":"<ul class=\"a-unordered-list a-vertical a-spacing-mini\">\n<li class=\"a-spacing-mini\"><span class=\"a-list-item\">Esmalte de u\u00f1as en gel contiene part\u00edculas magn\u00e9ticas que reaccionan con iman magn\u00e9tico para crear diferentes efectos en las u\u00f1as. Puede elegir entre varios colores y dise\u00f1os que se adapten su estado de \u00e1nimo y estilo.<\/span><\/li>\n<li class=\"a-spacing-mini\"><span class=\"a-list-item\">Esmalte de u\u00f1as en gel Cat Eye puede crear un efecto reflectante deslumbrante que brilla desde diferentes \u00e1ngulos bajo una luz brillante. Cuanto m\u00e1s brillante sea la luz, m\u00e1s brillantes lucir\u00e1n tus u\u00f1as.<\/span><\/li>\n<\/ul>\n","protected":false},"excerpt":{"rendered":"<p>Esmalte de u\u00f1as en gel contiene part\u00edculas magn\u00e9ticas que reaccionan con iman magn\u00e9tico para crear diferentes efectos en las u\u00f1as. Puede elegir entre varios colores y dise\u00f1os que se adapten su estado de \u00e1nimo y estilo. Esmalte de u\u00f1as en gel Cat Eye puede crear un efecto reflectante deslumbrante que brilla desde diferentes \u00e1ngulos bajo &hellip;<\/p>\n<p class=\"read-more\"> <a class=\"\" href=\"https:\/\/varietieseym.com.uy\/index.php\/producto\/esmalte-semipermanente-efecto-ojo-de-gato-dafu\/\"> <span class=\"screen-reader-text\">Esmalte semipermanente efecto ojo de gato- Dafu<\/span> Leer m\u00e1s &raquo;<\/a><\/p>\n","protected":false},"featured_media":7285,"template":"","meta":{"_uag_custom_page_level_css":"","site-sidebar-layout":"default","site-content-layout":"","ast-site-content-layout":"default","site-content-style":"default","site-sidebar-style":"default","ast-global-header-display":"","ast-banner-title-visibility":"","ast-main-header-display":"","ast-hfb-above-header-display":"","ast-hfb-below-header-display":"","ast-hfb-mobile-header-display":"","site-post-title":"","ast-breadcrumbs-content":"","ast-featured-img":"","footer-sml-layout":"","theme-transparent-header-meta":"default","adv-header-id-meta":"","stick-header-meta":"","header-above-stick-meta":"","header-main-stick-meta":"","header-below-stick-meta":"","astra-migrate-meta-layouts":"set","_joinchat":[]},"product_brand":[],"product_cat":[198,185,131],"product_tag":[],"class_list":{"0":"post-7284","1":"product","2":"type-product","3":"status-publish","4":"has-post-thumbnail","6":"product_cat-esmaltes-semipermanentes","7":"product_cat-gel-unas","8":"product_cat-unas","9":"desktop-align-center","10":"tablet-align-left","11":"mobile-align-left","13":"first","14":"outofstock","15":"shipping-taxable","16":"purchasable","17":"product-type-variable"},"uagb_featured_image_src":{"full":["https:\/\/varietieseym.com.uy\/wp-content\/uploads\/2024\/11\/dafu-magnetico.jpg",627,621,false],"thumbnail":["https:\/\/varietieseym.com.uy\/wp-content\/uploads\/2024\/11\/dafu-magnetico-150x150.jpg",150,150,true],"medium":["https:\/\/varietieseym.com.uy\/wp-content\/uploads\/2024\/11\/dafu-magnetico-300x297.jpg",300,297,true],"medium_large":["https:\/\/varietieseym.com.uy\/wp-content\/uploads\/2024\/11\/dafu-magnetico.jpg",627,621,false],"large":["https:\/\/varietieseym.com.uy\/wp-content\/uploads\/2024\/11\/dafu-magnetico.jpg",627,621,false],"1536x1536":["https:\/\/varietieseym.com.uy\/wp-content\/uploads\/2024\/11\/dafu-magnetico.jpg",627,621,false],"2048x2048":["https:\/\/varietieseym.com.uy\/wp-content\/uploads\/2024\/11\/dafu-magnetico.jpg",627,621,false],"woocommerce_thumbnail":["https:\/\/varietieseym.com.uy\/wp-content\/uploads\/2024\/11\/dafu-magnetico-300x300.jpg",300,300,true],"woocommerce_single":["https:\/\/varietieseym.com.uy\/wp-content\/uploads\/2024\/11\/dafu-magnetico-600x594.jpg",600,594,true],"woocommerce_gallery_thumbnail":["https:\/\/varietieseym.com.uy\/wp-content\/uploads\/2024\/11\/dafu-magnetico-100x100.jpg",100,100,true]},"uagb_author_info":{"display_name":"Varietieseym","author_link":"https:\/\/varietieseym.com.uy\/index.php\/author\/"},"uagb_comment_info":0,"uagb_excerpt":"Esmalte de u\u00f1as en gel contiene part\u00edculas magn\u00e9ticas que reaccionan con iman magn\u00e9tico para crear diferentes efectos en las u\u00f1as. Puede elegir entre varios colores y dise\u00f1os que se adapten su estado de \u00e1nimo y estilo. Esmalte de u\u00f1as en gel Cat Eye puede crear un efecto reflectante deslumbrante que brilla desde diferentes \u00e1ngulos bajo&hellip;","_links":{"self":[{"href":"https:\/\/varietieseym.com.uy\/index.php\/wp-json\/wp\/v2\/product\/7284","targetHints":{"allow":["GET"]}}],"collection":[{"href":"https:\/\/varietieseym.com.uy\/index.php\/wp-json\/wp\/v2\/product"}],"about":[{"href":"https:\/\/varietieseym.com.uy\/index.php\/wp-json\/wp\/v2\/types\/product"}],"wp:featuredmedia":[{"embeddable":true,"href":"https:\/\/varietieseym.com.uy\/index.php\/wp-json\/wp\/v2\/media\/7285"}],"wp:attachment":[{"href":"https:\/\/varietieseym.com.uy\/index.php\/wp-json\/wp\/v2\/media?parent=7284"}],"wp:term":[{"taxonomy":"product_brand","embeddable":true,"href":"https:\/\/varietieseym.com.uy\/index.php\/wp-json\/wp\/v2\/product_brand?post=7284"},{"taxonomy":"product_cat","embeddable":true,"href":"https:\/\/varietieseym.com.uy\/index.php\/wp-json\/wp\/v2\/product_cat?post=7284"},{"taxonomy":"product_tag","embeddable":true,"href":"https:\/\/varietieseym.com.uy\/index.php\/wp-json\/wp\/v2\/product_tag?post=7284"}],"curies":[{"name":"wp","href":"https:\/\/api.w.org\/{rel}","templated":true}]}}