{"id":7371,"date":"2024-11-23T14:13:27","date_gmt":"2024-11-23T17:13:27","guid":{"rendered":"https:\/\/varietieseym.com.uy\/?post_type=product&#038;p=7371"},"modified":"2025-11-13T19:02:43","modified_gmt":"2025-11-13T22:02:43","slug":"aplicadores-descartables-multiusos","status":"publish","type":"product","link":"https:\/\/varietieseym.com.uy\/index.php\/producto\/aplicadores-descartables-multiusos\/","title":{"rendered":"Aplicadores Descartables Multiusos"},"content":{"rendered":"<ul class=\"a-unordered-list a-vertical a-spacing-mini\">\n<li class=\"a-spacing-mini\"><span class=\"a-list-item\">Perfecto para aplicar brillo de labios, l\u00e1piz labial, corrector, sombra de ojos, quitar delineador de ojos o r\u00edmel o cualquier otro residuo cosm\u00e9tico.<\/span><\/li>\n<li class=\"a-spacing-mini\"><span class=\"a-list-item\">Estos aplicadores de maquillaje son una necesidad, perfectos para salones de belleza profesionales o para uso personal en el hogar.<\/span><\/li>\n<\/ul>\n","protected":false},"excerpt":{"rendered":"<blockquote><p>50 piezas<\/p><\/blockquote>\n","protected":false},"featured_media":7375,"template":"","meta":{"_uag_custom_page_level_css":"","site-sidebar-layout":"default","site-content-layout":"","ast-site-content-layout":"default","site-content-style":"default","site-sidebar-style":"default","ast-global-header-display":"","ast-banner-title-visibility":"","ast-main-header-display":"","ast-hfb-above-header-display":"","ast-hfb-below-header-display":"","ast-hfb-mobile-header-display":"","site-post-title":"","ast-breadcrumbs-content":"","ast-featured-img":"","footer-sml-layout":"","theme-transparent-header-meta":"default","adv-header-id-meta":"","stick-header-meta":"","header-above-stick-meta":"","header-main-stick-meta":"","header-below-stick-meta":"","astra-migrate-meta-layouts":"set","_joinchat":[]},"product_brand":[],"product_cat":[131,137,146,145,147],"product_tag":[],"class_list":{"0":"post-7371","1":"product","2":"type-product","3":"status-publish","4":"has-post-thumbnail","6":"product_cat-unas","7":"product_cat-otros","8":"product_cat-cejas","9":"product_cat-labios","10":"product_cat-pestanas","11":"desktop-align-center","12":"tablet-align-left","13":"mobile-align-left","15":"first","16":"instock","17":"shipping-taxable","18":"purchasable","19":"product-type-simple"},"uagb_featured_image_src":{"full":["https:\/\/varietieseym.com.uy\/wp-content\/uploads\/2024\/11\/aplicadores-labios-6.jpg",621,616,false],"thumbnail":["https:\/\/varietieseym.com.uy\/wp-content\/uploads\/2024\/11\/aplicadores-labios-6-150x150.jpg",150,150,true],"medium":["https:\/\/varietieseym.com.uy\/wp-content\/uploads\/2024\/11\/aplicadores-labios-6-300x298.jpg",300,298,true],"medium_large":["https:\/\/varietieseym.com.uy\/wp-content\/uploads\/2024\/11\/aplicadores-labios-6.jpg",621,616,false],"large":["https:\/\/varietieseym.com.uy\/wp-content\/uploads\/2024\/11\/aplicadores-labios-6.jpg",621,616,false],"1536x1536":["https:\/\/varietieseym.com.uy\/wp-content\/uploads\/2024\/11\/aplicadores-labios-6.jpg",621,616,false],"2048x2048":["https:\/\/varietieseym.com.uy\/wp-content\/uploads\/2024\/11\/aplicadores-labios-6.jpg",621,616,false],"woocommerce_thumbnail":["https:\/\/varietieseym.com.uy\/wp-content\/uploads\/2024\/11\/aplicadores-labios-6-300x300.jpg",300,300,true],"woocommerce_single":["https:\/\/varietieseym.com.uy\/wp-content\/uploads\/2024\/11\/aplicadores-labios-6-600x595.jpg",600,595,true],"woocommerce_gallery_thumbnail":["https:\/\/varietieseym.com.uy\/wp-content\/uploads\/2024\/11\/aplicadores-labios-6-100x100.jpg",100,100,true]},"uagb_author_info":{"display_name":"Varietieseym","author_link":"https:\/\/varietieseym.com.uy\/index.php\/author\/"},"uagb_comment_info":0,"uagb_excerpt":"50 piezas","_links":{"self":[{"href":"https:\/\/varietieseym.com.uy\/index.php\/wp-json\/wp\/v2\/product\/7371","targetHints":{"allow":["GET"]}}],"collection":[{"href":"https:\/\/varietieseym.com.uy\/index.php\/wp-json\/wp\/v2\/product"}],"about":[{"href":"https:\/\/varietieseym.com.uy\/index.php\/wp-json\/wp\/v2\/types\/product"}],"wp:featuredmedia":[{"embeddable":true,"href":"https:\/\/varietieseym.com.uy\/index.php\/wp-json\/wp\/v2\/media\/7375"}],"wp:attachment":[{"href":"https:\/\/varietieseym.com.uy\/index.php\/wp-json\/wp\/v2\/media?parent=7371"}],"wp:term":[{"taxonomy":"product_brand","embeddable":true,"href":"https:\/\/varietieseym.com.uy\/index.php\/wp-json\/wp\/v2\/product_brand?post=7371"},{"taxonomy":"product_cat","embeddable":true,"href":"https:\/\/varietieseym.com.uy\/index.php\/wp-json\/wp\/v2\/product_cat?post=7371"},{"taxonomy":"product_tag","embeddable":true,"href":"https:\/\/varietieseym.com.uy\/index.php\/wp-json\/wp\/v2\/product_tag?post=7371"}],"curies":[{"name":"wp","href":"https:\/\/api.w.org\/{rel}","templated":true}]}}