{"id":7810,"date":"2025-01-30T15:53:03","date_gmt":"2025-01-30T18:53:03","guid":{"rendered":"https:\/\/varietieseym.com.uy\/?post_type=product&#038;p=7810"},"modified":"2026-04-02T22:05:18","modified_gmt":"2026-04-03T01:05:18","slug":"torno-para-unas-electrico-con-pedalera-35000rpm","status":"publish","type":"product","link":"https:\/\/varietieseym.com.uy\/index.php\/producto\/torno-para-unas-electrico-con-pedalera-35000rpm\/","title":{"rendered":"Torno Para U\u00f1as El\u00e9ctrico Con Pedalera 35000RPM"},"content":{"rendered":"<p>Este dispositivo es ideal para cuidar y embellecer tus u\u00f1as de manera f\u00e1cil y r\u00e1pida. Con \u00e9l, podr\u00e1s darles la forma perfecta, preparar tus u\u00f1as para el esmaltado, eliminar cut\u00edculas y hasta hacerte una pedicura sin complicaciones.<\/p>\n<p>Su potente motor evita que se atasque o pierda velocidad, incluso con un uso intenso. Adem\u00e1s, puedes ajustar la velocidad desde 0 hasta 35,000 rpm para mayor comodidad.<\/p>\n<p>Gracias a su sistema de bloqueo giratorio, cambiar las fresas es muy sencillo y no necesitas herramientas adicionales. Es perfecto para todo tipo de u\u00f1as, ya sean naturales o artificiales, y te servir\u00e1 para limar, pulir, dar forma y m\u00e1s.<\/p>\n","protected":false},"excerpt":{"rendered":"<p>Este dispositivo es ideal para cuidar y embellecer tus u\u00f1as de manera f\u00e1cil y r\u00e1pida. Con \u00e9l, podr\u00e1s darles la forma perfecta, preparar tus u\u00f1as para el esmaltado, eliminar cut\u00edculas y hasta hacerte una pedicura sin complicaciones. Su potente motor evita que se atasque o pierda velocidad, incluso con un uso intenso. Adem\u00e1s, puedes ajustar &hellip;<\/p>\n<p class=\"read-more\"> <a class=\"\" href=\"https:\/\/varietieseym.com.uy\/index.php\/producto\/torno-para-unas-electrico-con-pedalera-35000rpm\/\"> <span class=\"screen-reader-text\">Torno Para U\u00f1as El\u00e9ctrico Con Pedalera 35000RPM<\/span> Leer m\u00e1s &raquo;<\/a><\/p>\n","protected":false},"featured_media":7812,"template":"","meta":{"_uag_custom_page_level_css":"","site-sidebar-layout":"default","site-content-layout":"","ast-site-content-layout":"default","site-content-style":"default","site-sidebar-style":"default","ast-global-header-display":"","ast-banner-title-visibility":"","ast-main-header-display":"","ast-hfb-above-header-display":"","ast-hfb-below-header-display":"","ast-hfb-mobile-header-display":"","site-post-title":"","ast-breadcrumbs-content":"","ast-featured-img":"","footer-sml-layout":"","theme-transparent-header-meta":"default","adv-header-id-meta":"","stick-header-meta":"","header-above-stick-meta":"","header-main-stick-meta":"","header-below-stick-meta":"","astra-migrate-meta-layouts":"set","_joinchat":[]},"product_brand":[],"product_cat":[131,138],"product_tag":[],"class_list":{"0":"post-7810","1":"product","2":"type-product","3":"status-publish","4":"has-post-thumbnail","6":"product_cat-unas","7":"product_cat-tornos","8":"desktop-align-center","9":"tablet-align-left","10":"mobile-align-left","12":"first","13":"instock","14":"shipping-taxable","15":"purchasable","16":"product-type-simple"},"uagb_featured_image_src":{"full":["https:\/\/varietieseym.com.uy\/wp-content\/uploads\/2025\/01\/torno-35000-profesional1.jpg",615,621,false],"thumbnail":["https:\/\/varietieseym.com.uy\/wp-content\/uploads\/2025\/01\/torno-35000-profesional1-150x150.jpg",150,150,true],"medium":["https:\/\/varietieseym.com.uy\/wp-content\/uploads\/2025\/01\/torno-35000-profesional1-297x300.jpg",297,300,true],"medium_large":["https:\/\/varietieseym.com.uy\/wp-content\/uploads\/2025\/01\/torno-35000-profesional1.jpg",615,621,false],"large":["https:\/\/varietieseym.com.uy\/wp-content\/uploads\/2025\/01\/torno-35000-profesional1.jpg",615,621,false],"1536x1536":["https:\/\/varietieseym.com.uy\/wp-content\/uploads\/2025\/01\/torno-35000-profesional1.jpg",615,621,false],"2048x2048":["https:\/\/varietieseym.com.uy\/wp-content\/uploads\/2025\/01\/torno-35000-profesional1.jpg",615,621,false],"woocommerce_thumbnail":["https:\/\/varietieseym.com.uy\/wp-content\/uploads\/2025\/01\/torno-35000-profesional1-300x300.jpg",300,300,true],"woocommerce_single":["https:\/\/varietieseym.com.uy\/wp-content\/uploads\/2025\/01\/torno-35000-profesional1-600x606.jpg",600,606,true],"woocommerce_gallery_thumbnail":["https:\/\/varietieseym.com.uy\/wp-content\/uploads\/2025\/01\/torno-35000-profesional1-100x100.jpg",100,100,true]},"uagb_author_info":{"display_name":"Varietieseym","author_link":"https:\/\/varietieseym.com.uy\/index.php\/author\/"},"uagb_comment_info":0,"uagb_excerpt":"Este dispositivo es ideal para cuidar y embellecer tus u\u00f1as de manera f\u00e1cil y r\u00e1pida. Con \u00e9l, podr\u00e1s darles la forma perfecta, preparar tus u\u00f1as para el esmaltado, eliminar cut\u00edculas y hasta hacerte una pedicura sin complicaciones. Su potente motor evita que se atasque o pierda velocidad, incluso con un uso intenso. Adem\u00e1s, puedes ajustar&hellip;","_links":{"self":[{"href":"https:\/\/varietieseym.com.uy\/index.php\/wp-json\/wp\/v2\/product\/7810","targetHints":{"allow":["GET"]}}],"collection":[{"href":"https:\/\/varietieseym.com.uy\/index.php\/wp-json\/wp\/v2\/product"}],"about":[{"href":"https:\/\/varietieseym.com.uy\/index.php\/wp-json\/wp\/v2\/types\/product"}],"wp:featuredmedia":[{"embeddable":true,"href":"https:\/\/varietieseym.com.uy\/index.php\/wp-json\/wp\/v2\/media\/7812"}],"wp:attachment":[{"href":"https:\/\/varietieseym.com.uy\/index.php\/wp-json\/wp\/v2\/media?parent=7810"}],"wp:term":[{"taxonomy":"product_brand","embeddable":true,"href":"https:\/\/varietieseym.com.uy\/index.php\/wp-json\/wp\/v2\/product_brand?post=7810"},{"taxonomy":"product_cat","embeddable":true,"href":"https:\/\/varietieseym.com.uy\/index.php\/wp-json\/wp\/v2\/product_cat?post=7810"},{"taxonomy":"product_tag","embeddable":true,"href":"https:\/\/varietieseym.com.uy\/index.php\/wp-json\/wp\/v2\/product_tag?post=7810"}],"curies":[{"name":"wp","href":"https:\/\/api.w.org\/{rel}","templated":true}]}}