{"id":7850,"date":"2025-02-11T17:54:05","date_gmt":"2025-02-11T20:54:05","guid":{"rendered":"https:\/\/varietieseym.com.uy\/?post_type=product&#038;p=7850"},"modified":"2026-04-29T00:03:01","modified_gmt":"2026-04-29T03:03:01","slug":"jabon-facial-para-piel-grasa-acneica-con-acido-salicilico","status":"publish","type":"product","link":"https:\/\/varietieseym.com.uy\/index.php\/producto\/jabon-facial-para-piel-grasa-acneica-con-acido-salicilico\/","title":{"rendered":"Jab\u00f3n Facial Para Piel Grasa\/acneica Con \u00c1cido Salic\u00edlico"},"content":{"rendered":"<p>Jab\u00f3n de limpieza Dermachem Piel Oleosa con \u00c1cido Salic\u00edlico<br \/>\nEst\u00e1 dise\u00f1ado para proporcionar una piel limpia, controlar la grasa y el acn\u00e9. Poseen tensioactivos suaves que limpian y no da\u00f1an la piel, dejando un tacto suave y sedoso. Como su nombre lo indica, es ideal para pieles mixtas \/ grasas.<\/p>\n<p>El \u00e1cido salic\u00edlico tiene propiedades queratol\u00edticas y eliminaci\u00f3n de comedones. Junto al extracto de salvia (aloe vera) y BIOTIN, controlan la grasa, favoreciendo la luminosidad sin excesivos brillos y sin opacidad de la piel. Y los ION zinc, cobre y azufre complementan esta acci\u00f3n por sus propiedades astringentes.<\/p>\n<p>Dermatol\u00f3gicamente testeado.<\/p>\n","protected":false},"excerpt":{"rendered":"<p>Jab\u00f3n de limpieza Dermachem Piel Oleosa con \u00c1cido Salic\u00edlico Est\u00e1 dise\u00f1ado para proporcionar una piel limpia, controlar la grasa y el acn\u00e9. Poseen tensioactivos suaves que limpian y no da\u00f1an la piel, dejando un tacto suave y sedoso. Como su nombre lo indica, es ideal para pieles mixtas \/ grasas. El \u00e1cido salic\u00edlico tiene propiedades &hellip;<\/p>\n<p class=\"read-more\"> <a class=\"\" href=\"https:\/\/varietieseym.com.uy\/index.php\/producto\/jabon-facial-para-piel-grasa-acneica-con-acido-salicilico\/\"> <span class=\"screen-reader-text\">Jab\u00f3n Facial Para Piel Grasa\/acneica Con \u00c1cido Salic\u00edlico<\/span> Leer m\u00e1s &raquo;<\/a><\/p>\n","protected":false},"featured_media":7851,"template":"","meta":{"_uag_custom_page_level_css":"","site-sidebar-layout":"default","site-content-layout":"","ast-site-content-layout":"default","site-content-style":"default","site-sidebar-style":"default","ast-global-header-display":"","ast-banner-title-visibility":"","ast-main-header-display":"","ast-hfb-above-header-display":"","ast-hfb-below-header-display":"","ast-hfb-mobile-header-display":"","site-post-title":"","ast-breadcrumbs-content":"","ast-featured-img":"","footer-sml-layout":"","theme-transparent-header-meta":"default","adv-header-id-meta":"","stick-header-meta":"","header-above-stick-meta":"","header-main-stick-meta":"","header-below-stick-meta":"","astra-migrate-meta-layouts":"set","_joinchat":[]},"product_brand":[],"product_cat":[251,144],"product_tag":[],"class_list":{"0":"post-7850","1":"product","2":"type-product","3":"status-publish","4":"has-post-thumbnail","6":"product_cat-otros-skincare","7":"product_cat-skincare","8":"desktop-align-center","9":"tablet-align-left","10":"mobile-align-left","12":"first","13":"outofstock","14":"shipping-taxable","15":"purchasable","16":"product-type-simple"},"uagb_featured_image_src":{"full":["https:\/\/varietieseym.com.uy\/wp-content\/uploads\/2025\/02\/Captura-de-pantalla-2023-12-14-151131.jpg",449,447,false],"thumbnail":["https:\/\/varietieseym.com.uy\/wp-content\/uploads\/2025\/02\/Captura-de-pantalla-2023-12-14-151131-150x150.jpg",150,150,true],"medium":["https:\/\/varietieseym.com.uy\/wp-content\/uploads\/2025\/02\/Captura-de-pantalla-2023-12-14-151131-300x300.jpg",300,300,true],"medium_large":["https:\/\/varietieseym.com.uy\/wp-content\/uploads\/2025\/02\/Captura-de-pantalla-2023-12-14-151131.jpg",449,447,false],"large":["https:\/\/varietieseym.com.uy\/wp-content\/uploads\/2025\/02\/Captura-de-pantalla-2023-12-14-151131.jpg",449,447,false],"1536x1536":["https:\/\/varietieseym.com.uy\/wp-content\/uploads\/2025\/02\/Captura-de-pantalla-2023-12-14-151131.jpg",449,447,false],"2048x2048":["https:\/\/varietieseym.com.uy\/wp-content\/uploads\/2025\/02\/Captura-de-pantalla-2023-12-14-151131.jpg",449,447,false],"woocommerce_thumbnail":["https:\/\/varietieseym.com.uy\/wp-content\/uploads\/2025\/02\/Captura-de-pantalla-2023-12-14-151131-300x300.jpg",300,300,true],"woocommerce_single":["https:\/\/varietieseym.com.uy\/wp-content\/uploads\/2025\/02\/Captura-de-pantalla-2023-12-14-151131.jpg",449,447,false],"woocommerce_gallery_thumbnail":["https:\/\/varietieseym.com.uy\/wp-content\/uploads\/2025\/02\/Captura-de-pantalla-2023-12-14-151131-100x100.jpg",100,100,true]},"uagb_author_info":{"display_name":"Varietieseym","author_link":"https:\/\/varietieseym.com.uy\/index.php\/author\/"},"uagb_comment_info":0,"uagb_excerpt":"Jab\u00f3n de limpieza Dermachem Piel Oleosa con \u00c1cido Salic\u00edlico Est\u00e1 dise\u00f1ado para proporcionar una piel limpia, controlar la grasa y el acn\u00e9. Poseen tensioactivos suaves que limpian y no da\u00f1an la piel, dejando un tacto suave y sedoso. Como su nombre lo indica, es ideal para pieles mixtas \/ grasas. El \u00e1cido salic\u00edlico tiene propiedades&hellip;","_links":{"self":[{"href":"https:\/\/varietieseym.com.uy\/index.php\/wp-json\/wp\/v2\/product\/7850","targetHints":{"allow":["GET"]}}],"collection":[{"href":"https:\/\/varietieseym.com.uy\/index.php\/wp-json\/wp\/v2\/product"}],"about":[{"href":"https:\/\/varietieseym.com.uy\/index.php\/wp-json\/wp\/v2\/types\/product"}],"wp:featuredmedia":[{"embeddable":true,"href":"https:\/\/varietieseym.com.uy\/index.php\/wp-json\/wp\/v2\/media\/7851"}],"wp:attachment":[{"href":"https:\/\/varietieseym.com.uy\/index.php\/wp-json\/wp\/v2\/media?parent=7850"}],"wp:term":[{"taxonomy":"product_brand","embeddable":true,"href":"https:\/\/varietieseym.com.uy\/index.php\/wp-json\/wp\/v2\/product_brand?post=7850"},{"taxonomy":"product_cat","embeddable":true,"href":"https:\/\/varietieseym.com.uy\/index.php\/wp-json\/wp\/v2\/product_cat?post=7850"},{"taxonomy":"product_tag","embeddable":true,"href":"https:\/\/varietieseym.com.uy\/index.php\/wp-json\/wp\/v2\/product_tag?post=7850"}],"curies":[{"name":"wp","href":"https:\/\/api.w.org\/{rel}","templated":true}]}}