{"id":7870,"date":"2025-02-16T20:29:28","date_gmt":"2025-02-16T23:29:28","guid":{"rendered":"https:\/\/varietieseym.com.uy\/?post_type=product&#038;p=7870"},"modified":"2025-02-16T20:30:01","modified_gmt":"2025-02-16T23:30:01","slug":"lima-obelisco-para-bordes-cuticulas","status":"publish","type":"product","link":"https:\/\/varietieseym.com.uy\/index.php\/producto\/lima-obelisco-para-bordes-cuticulas\/","title":{"rendered":"Lima Obelisco Para Bordes Cut\u00edculas"},"content":{"rendered":"<p>La lima obelisco est\u00e1 dise\u00f1ada para llegar a los bordes de la u\u00f1a en zona de cut\u00edculas, para una perfecta preparaci\u00f3n de la u\u00f1a antes de cualquier construcci\u00f3n o esmaltado.<\/p>\n","protected":false},"excerpt":{"rendered":"<p>La lima obelisco est\u00e1 dise\u00f1ada para llegar a los bordes de la u\u00f1a en zona de cut\u00edculas, para una perfecta preparaci\u00f3n de la u\u00f1a antes de cualquier construcci\u00f3n o esmaltado.<\/p>\n","protected":false},"featured_media":7872,"template":"","meta":{"_uag_custom_page_level_css":"","site-sidebar-layout":"default","site-content-layout":"","ast-site-content-layout":"default","site-content-style":"default","site-sidebar-style":"default","ast-global-header-display":"","ast-banner-title-visibility":"","ast-main-header-display":"","ast-hfb-above-header-display":"","ast-hfb-below-header-display":"","ast-hfb-mobile-header-display":"","site-post-title":"","ast-breadcrumbs-content":"","ast-featured-img":"","footer-sml-layout":"","theme-transparent-header-meta":"default","adv-header-id-meta":"","stick-header-meta":"","header-above-stick-meta":"","header-main-stick-meta":"","header-below-stick-meta":"","astra-migrate-meta-layouts":"set","_joinchat":[]},"product_brand":[],"product_cat":[131,133],"product_tag":[],"class_list":{"0":"post-7870","1":"product","2":"type-product","3":"status-publish","4":"has-post-thumbnail","6":"product_cat-unas","7":"product_cat-limas","8":"desktop-align-center","9":"tablet-align-left","10":"mobile-align-left","12":"first","13":"instock","14":"shipping-taxable","15":"purchasable","16":"product-type-simple"},"uagb_featured_image_src":{"full":["https:\/\/varietieseym.com.uy\/wp-content\/uploads\/2025\/02\/lima-obelisco1.jpg",685,741,false],"thumbnail":["https:\/\/varietieseym.com.uy\/wp-content\/uploads\/2025\/02\/lima-obelisco1-150x150.jpg",150,150,true],"medium":["https:\/\/varietieseym.com.uy\/wp-content\/uploads\/2025\/02\/lima-obelisco1-277x300.jpg",277,300,true],"medium_large":["https:\/\/varietieseym.com.uy\/wp-content\/uploads\/2025\/02\/lima-obelisco1.jpg",685,741,false],"large":["https:\/\/varietieseym.com.uy\/wp-content\/uploads\/2025\/02\/lima-obelisco1.jpg",685,741,false],"1536x1536":["https:\/\/varietieseym.com.uy\/wp-content\/uploads\/2025\/02\/lima-obelisco1.jpg",685,741,false],"2048x2048":["https:\/\/varietieseym.com.uy\/wp-content\/uploads\/2025\/02\/lima-obelisco1.jpg",685,741,false],"woocommerce_thumbnail":["https:\/\/varietieseym.com.uy\/wp-content\/uploads\/2025\/02\/lima-obelisco1-300x300.jpg",300,300,true],"woocommerce_single":["https:\/\/varietieseym.com.uy\/wp-content\/uploads\/2025\/02\/lima-obelisco1-600x649.jpg",600,649,true],"woocommerce_gallery_thumbnail":["https:\/\/varietieseym.com.uy\/wp-content\/uploads\/2025\/02\/lima-obelisco1-100x100.jpg",100,100,true]},"uagb_author_info":{"display_name":"Varietieseym","author_link":"https:\/\/varietieseym.com.uy\/index.php\/author\/"},"uagb_comment_info":0,"uagb_excerpt":"La lima obelisco est\u00e1 dise\u00f1ada para llegar a los bordes de la u\u00f1a en zona de cut\u00edculas, para una perfecta preparaci\u00f3n de la u\u00f1a antes de cualquier construcci\u00f3n o esmaltado.","_links":{"self":[{"href":"https:\/\/varietieseym.com.uy\/index.php\/wp-json\/wp\/v2\/product\/7870","targetHints":{"allow":["GET"]}}],"collection":[{"href":"https:\/\/varietieseym.com.uy\/index.php\/wp-json\/wp\/v2\/product"}],"about":[{"href":"https:\/\/varietieseym.com.uy\/index.php\/wp-json\/wp\/v2\/types\/product"}],"wp:featuredmedia":[{"embeddable":true,"href":"https:\/\/varietieseym.com.uy\/index.php\/wp-json\/wp\/v2\/media\/7872"}],"wp:attachment":[{"href":"https:\/\/varietieseym.com.uy\/index.php\/wp-json\/wp\/v2\/media?parent=7870"}],"wp:term":[{"taxonomy":"product_brand","embeddable":true,"href":"https:\/\/varietieseym.com.uy\/index.php\/wp-json\/wp\/v2\/product_brand?post=7870"},{"taxonomy":"product_cat","embeddable":true,"href":"https:\/\/varietieseym.com.uy\/index.php\/wp-json\/wp\/v2\/product_cat?post=7870"},{"taxonomy":"product_tag","embeddable":true,"href":"https:\/\/varietieseym.com.uy\/index.php\/wp-json\/wp\/v2\/product_tag?post=7870"}],"curies":[{"name":"wp","href":"https:\/\/api.w.org\/{rel}","templated":true}]}}