{"id":7875,"date":"2025-02-16T21:18:15","date_gmt":"2025-02-17T00:18:15","guid":{"rendered":"https:\/\/varietieseym.com.uy\/?post_type=product&#038;p=7875"},"modified":"2025-02-16T21:18:55","modified_gmt":"2025-02-17T00:18:55","slug":"labial-liquido-efecto-matte-4-en-1","status":"publish","type":"product","link":"https:\/\/varietieseym.com.uy\/index.php\/producto\/labial-liquido-efecto-matte-4-en-1\/","title":{"rendered":"Labial Liquido efecto Matte 4 en 1"},"content":{"rendered":"<p>El l\u00e1piz labial Matte de Vivai ofrece un color intenso y un elegante acabado mate para tus labios. Su f\u00f3rmula cremosa se desliza suavemente, proporcionando una aplicaci\u00f3n precisa y c\u00f3moda.<\/p>\n<p>Tiene unos tonos preciosos que hacen resaltar tu\u00a0\u00a0<a href=\"https:\/\/www.virtualmake.com.br\/maquiagem\/?sort=%2bpreco\">maquillaje\u00a0<\/a>\u00a0y tiene una duraci\u00f3n perfecta, por lo que no necesitas retocarlo durante el d\u00eda.<\/p>\n<p>Cada barra posee 4 tonos diferentes.<\/p>\n","protected":false},"excerpt":{"rendered":"<p>El l\u00e1piz labial Matte de Vivai ofrece un color intenso y un elegante acabado mate para tus labios. Su f\u00f3rmula cremosa se desliza suavemente, proporcionando una aplicaci\u00f3n precisa y c\u00f3moda. Tiene unos tonos preciosos que hacen resaltar tu\u00a0\u00a0maquillaje\u00a0\u00a0y tiene una duraci\u00f3n perfecta, por lo que no necesitas retocarlo durante el d\u00eda. Cada barra posee 4 &hellip;<\/p>\n<p class=\"read-more\"> <a class=\"\" href=\"https:\/\/varietieseym.com.uy\/index.php\/producto\/labial-liquido-efecto-matte-4-en-1\/\"> <span class=\"screen-reader-text\">Labial Liquido efecto Matte 4 en 1<\/span> Leer m\u00e1s &raquo;<\/a><\/p>\n","protected":false},"featured_media":7876,"template":"","meta":{"_uag_custom_page_level_css":"","site-sidebar-layout":"default","site-content-layout":"","ast-site-content-layout":"default","site-content-style":"default","site-sidebar-style":"default","ast-global-header-display":"","ast-banner-title-visibility":"","ast-main-header-display":"","ast-hfb-above-header-display":"","ast-hfb-below-header-display":"","ast-hfb-mobile-header-display":"","site-post-title":"","ast-breadcrumbs-content":"","ast-featured-img":"","footer-sml-layout":"","theme-transparent-header-meta":"default","adv-header-id-meta":"","stick-header-meta":"","header-above-stick-meta":"","header-main-stick-meta":"","header-below-stick-meta":"","astra-migrate-meta-layouts":"set","_joinchat":[]},"product_brand":[],"product_cat":[254,145],"product_tag":[],"class_list":{"0":"post-7875","1":"product","2":"type-product","3":"status-publish","4":"has-post-thumbnail","6":"product_cat-labiales","7":"product_cat-labios","8":"desktop-align-center","9":"tablet-align-left","10":"mobile-align-left","12":"first","13":"instock","14":"shipping-taxable","15":"purchasable","16":"product-type-variable"},"uagb_featured_image_src":{"full":["https:\/\/varietieseym.com.uy\/wp-content\/uploads\/2025\/02\/lip-tower-.jpg",786,784,false],"thumbnail":["https:\/\/varietieseym.com.uy\/wp-content\/uploads\/2025\/02\/lip-tower--150x150.jpg",150,150,true],"medium":["https:\/\/varietieseym.com.uy\/wp-content\/uploads\/2025\/02\/lip-tower--300x300.jpg",300,300,true],"medium_large":["https:\/\/varietieseym.com.uy\/wp-content\/uploads\/2025\/02\/lip-tower--768x766.jpg",768,766,true],"large":["https:\/\/varietieseym.com.uy\/wp-content\/uploads\/2025\/02\/lip-tower-.jpg",786,784,false],"1536x1536":["https:\/\/varietieseym.com.uy\/wp-content\/uploads\/2025\/02\/lip-tower-.jpg",786,784,false],"2048x2048":["https:\/\/varietieseym.com.uy\/wp-content\/uploads\/2025\/02\/lip-tower-.jpg",786,784,false],"woocommerce_thumbnail":["https:\/\/varietieseym.com.uy\/wp-content\/uploads\/2025\/02\/lip-tower--300x300.jpg",300,300,true],"woocommerce_single":["https:\/\/varietieseym.com.uy\/wp-content\/uploads\/2025\/02\/lip-tower--600x598.jpg",600,598,true],"woocommerce_gallery_thumbnail":["https:\/\/varietieseym.com.uy\/wp-content\/uploads\/2025\/02\/lip-tower--100x100.jpg",100,100,true]},"uagb_author_info":{"display_name":"Varietieseym","author_link":"https:\/\/varietieseym.com.uy\/index.php\/author\/"},"uagb_comment_info":0,"uagb_excerpt":"El l\u00e1piz labial Matte de Vivai ofrece un color intenso y un elegante acabado mate para tus labios. Su f\u00f3rmula cremosa se desliza suavemente, proporcionando una aplicaci\u00f3n precisa y c\u00f3moda. Tiene unos tonos preciosos que hacen resaltar tu\u00a0\u00a0maquillaje\u00a0\u00a0y tiene una duraci\u00f3n perfecta, por lo que no necesitas retocarlo durante el d\u00eda. Cada barra posee 4&hellip;","_links":{"self":[{"href":"https:\/\/varietieseym.com.uy\/index.php\/wp-json\/wp\/v2\/product\/7875","targetHints":{"allow":["GET"]}}],"collection":[{"href":"https:\/\/varietieseym.com.uy\/index.php\/wp-json\/wp\/v2\/product"}],"about":[{"href":"https:\/\/varietieseym.com.uy\/index.php\/wp-json\/wp\/v2\/types\/product"}],"wp:featuredmedia":[{"embeddable":true,"href":"https:\/\/varietieseym.com.uy\/index.php\/wp-json\/wp\/v2\/media\/7876"}],"wp:attachment":[{"href":"https:\/\/varietieseym.com.uy\/index.php\/wp-json\/wp\/v2\/media?parent=7875"}],"wp:term":[{"taxonomy":"product_brand","embeddable":true,"href":"https:\/\/varietieseym.com.uy\/index.php\/wp-json\/wp\/v2\/product_brand?post=7875"},{"taxonomy":"product_cat","embeddable":true,"href":"https:\/\/varietieseym.com.uy\/index.php\/wp-json\/wp\/v2\/product_cat?post=7875"},{"taxonomy":"product_tag","embeddable":true,"href":"https:\/\/varietieseym.com.uy\/index.php\/wp-json\/wp\/v2\/product_tag?post=7875"}],"curies":[{"name":"wp","href":"https:\/\/api.w.org\/{rel}","templated":true}]}}