{"id":7982,"date":"2025-03-16T19:18:26","date_gmt":"2025-03-16T22:18:26","guid":{"rendered":"https:\/\/varietieseym.com.uy\/?post_type=product&#038;p=7982"},"modified":"2026-03-28T17:38:14","modified_gmt":"2026-03-28T20:38:14","slug":"henna-labial-makiaj","status":"publish","type":"product","link":"https:\/\/varietieseym.com.uy\/index.php\/producto\/henna-labial-makiaj\/","title":{"rendered":"Henna Labial Makiaj"},"content":{"rendered":"<p>F\u00f3rmula \u00fanica garantiza una pigmentaci\u00f3n duradera, dejando tus labios con un aspecto impecable y resaltado durante horas enriquecido con vitamina E, un poderoso antioxidante, protege contra el da\u00f1o de los radicales libres y previene el envejecimiento prematuro, manteniendo tus labios j\u00f3venes y saludables.<\/p>\n<ul>\n<li>Siente la diferencia en la textura suave y la hidrataci\u00f3n profunda que ofrece.<\/li>\n<li>\u00a0COLOR DE LARGA DURACI\u00d3N CON INTENSIDAD Makiaj Pigmenting Serum ofrece un color vibrante y duradero, manteniendo los labios coloreados de manera uniforme. Es ideal para quienes desean unos labios perfectos sin necesidad de retoques constantes.<\/li>\n<li>HIDRATACI\u00d3N Y BRILLO NATURAL Makiaj Moisturizing Gloss contiene vitamina E y \u00e1cido hialur\u00f3nico, asegurando una hidrataci\u00f3n profunda y prolongada. Tus labios quedar\u00e1n suaves y tendr\u00e1n un brillo natural y radiante que resaltar\u00e1 a\u00fan m\u00e1s el color.<\/li>\n<li>\u00a0REJUVENECIMIENTO DE LABIOS Con Col\u00e1geno y Vitaminas Rejuvenecedoras, el producto revitaliza la piel de los labios, ayudando a suavizar las l\u00edneas finas y dejando una apariencia m\u00e1s firme y saludable.<\/li>\n<li>\u00a0APLICACI\u00d3N SENCILLA Y PRECISA Gracias al dise\u00f1o pr\u00e1ctico del aplicador, el proceso de aplicaci\u00f3n es r\u00e1pido y eficiente. Un consejo es delinear los labios con un contorno ligero para un acabado sim\u00e9trico y profesional.<\/li>\n<li>ACABADO DURADERO Despu\u00e9s de que el s\u00e9rum se haya secado, la aplicaci\u00f3n del brillo proporciona una fijaci\u00f3n adicional (aplicar cada 2 horas para un uso m\u00e1s duradero), as\u00ed como un efecto de brillo duradero, asegurando una apariencia impecable durante horas.<\/li>\n<li>\u00a0F\u00d3RMULA CONFIABLE Y SEGURA Con ingredientes de alta calidad y libre de productos agresivos, la f\u00f3rmula es segura y est\u00e1 dise\u00f1ada para cuidar tus labios, manteni\u00e9ndolos nutridos y protegidos.<\/li>\n<li>DURACION DE LA PIGMENTACION de 3 a 4 dias<\/li>\n<\/ul>\n","protected":false},"excerpt":{"rendered":"<p>F\u00f3rmula \u00fanica garantiza una pigmentaci\u00f3n duradera, dejando tus labios con un aspecto impecable y resaltado durante horas enriquecido con vitamina E, un poderoso antioxidante, protege contra el da\u00f1o de los radicales libres y previene el envejecimiento prematuro, manteniendo tus labios j\u00f3venes y saludables. Siente la diferencia en la textura suave y la hidrataci\u00f3n profunda que &hellip;<\/p>\n<p class=\"read-more\"> <a class=\"\" href=\"https:\/\/varietieseym.com.uy\/index.php\/producto\/henna-labial-makiaj\/\"> <span class=\"screen-reader-text\">Henna Labial Makiaj<\/span> Leer m\u00e1s &raquo;<\/a><\/p>\n","protected":false},"featured_media":7987,"template":"","meta":{"_uag_custom_page_level_css":"","site-sidebar-layout":"default","site-content-layout":"","ast-site-content-layout":"default","site-content-style":"default","site-sidebar-style":"default","ast-global-header-display":"","ast-banner-title-visibility":"","ast-main-header-display":"","ast-hfb-above-header-display":"","ast-hfb-below-header-display":"","ast-hfb-mobile-header-display":"","site-post-title":"","ast-breadcrumbs-content":"","ast-featured-img":"","footer-sml-layout":"","theme-transparent-header-meta":"default","adv-header-id-meta":"","stick-header-meta":"","header-above-stick-meta":"","header-main-stick-meta":"","header-below-stick-meta":"","astra-migrate-meta-layouts":"set","_joinchat":[]},"product_brand":[],"product_cat":[253,254,145],"product_tag":[],"class_list":{"0":"post-7982","1":"product","2":"type-product","3":"status-publish","4":"has-post-thumbnail","6":"product_cat-hidratantes-labios","7":"product_cat-labiales","8":"product_cat-labios","9":"desktop-align-center","10":"tablet-align-left","11":"mobile-align-left","13":"first","14":"instock","15":"shipping-taxable","16":"purchasable","17":"product-type-variable"},"uagb_featured_image_src":{"full":["https:\/\/varietieseym.com.uy\/wp-content\/uploads\/2025\/03\/henna-labial.jpg",830,873,false],"thumbnail":["https:\/\/varietieseym.com.uy\/wp-content\/uploads\/2025\/03\/henna-labial-150x150.jpg",150,150,true],"medium":["https:\/\/varietieseym.com.uy\/wp-content\/uploads\/2025\/03\/henna-labial-285x300.jpg",285,300,true],"medium_large":["https:\/\/varietieseym.com.uy\/wp-content\/uploads\/2025\/03\/henna-labial-768x808.jpg",768,808,true],"large":["https:\/\/varietieseym.com.uy\/wp-content\/uploads\/2025\/03\/henna-labial.jpg",830,873,false],"1536x1536":["https:\/\/varietieseym.com.uy\/wp-content\/uploads\/2025\/03\/henna-labial.jpg",830,873,false],"2048x2048":["https:\/\/varietieseym.com.uy\/wp-content\/uploads\/2025\/03\/henna-labial.jpg",830,873,false],"woocommerce_thumbnail":["https:\/\/varietieseym.com.uy\/wp-content\/uploads\/2025\/03\/henna-labial-300x300.jpg",300,300,true],"woocommerce_single":["https:\/\/varietieseym.com.uy\/wp-content\/uploads\/2025\/03\/henna-labial-600x631.jpg",600,631,true],"woocommerce_gallery_thumbnail":["https:\/\/varietieseym.com.uy\/wp-content\/uploads\/2025\/03\/henna-labial-100x100.jpg",100,100,true]},"uagb_author_info":{"display_name":"Varietieseym","author_link":"https:\/\/varietieseym.com.uy\/index.php\/author\/"},"uagb_comment_info":0,"uagb_excerpt":"F\u00f3rmula \u00fanica garantiza una pigmentaci\u00f3n duradera, dejando tus labios con un aspecto impecable y resaltado durante horas enriquecido con vitamina E, un poderoso antioxidante, protege contra el da\u00f1o de los radicales libres y previene el envejecimiento prematuro, manteniendo tus labios j\u00f3venes y saludables. Siente la diferencia en la textura suave y la hidrataci\u00f3n profunda que&hellip;","_links":{"self":[{"href":"https:\/\/varietieseym.com.uy\/index.php\/wp-json\/wp\/v2\/product\/7982","targetHints":{"allow":["GET"]}}],"collection":[{"href":"https:\/\/varietieseym.com.uy\/index.php\/wp-json\/wp\/v2\/product"}],"about":[{"href":"https:\/\/varietieseym.com.uy\/index.php\/wp-json\/wp\/v2\/types\/product"}],"wp:featuredmedia":[{"embeddable":true,"href":"https:\/\/varietieseym.com.uy\/index.php\/wp-json\/wp\/v2\/media\/7987"}],"wp:attachment":[{"href":"https:\/\/varietieseym.com.uy\/index.php\/wp-json\/wp\/v2\/media?parent=7982"}],"wp:term":[{"taxonomy":"product_brand","embeddable":true,"href":"https:\/\/varietieseym.com.uy\/index.php\/wp-json\/wp\/v2\/product_brand?post=7982"},{"taxonomy":"product_cat","embeddable":true,"href":"https:\/\/varietieseym.com.uy\/index.php\/wp-json\/wp\/v2\/product_cat?post=7982"},{"taxonomy":"product_tag","embeddable":true,"href":"https:\/\/varietieseym.com.uy\/index.php\/wp-json\/wp\/v2\/product_tag?post=7982"}],"curies":[{"name":"wp","href":"https:\/\/api.w.org\/{rel}","templated":true}]}}