{"id":8027,"date":"2025-03-27T16:57:11","date_gmt":"2025-03-27T19:57:11","guid":{"rendered":"https:\/\/varietieseym.com.uy\/?post_type=product&#038;p=8027"},"modified":"2025-09-07T14:03:19","modified_gmt":"2025-09-07T17:03:19","slug":"tips-soft-gel-300-pcs-helen-color","status":"publish","type":"product","link":"https:\/\/varietieseym.com.uy\/index.php\/producto\/tips-soft-gel-300-pcs-helen-color\/","title":{"rendered":"Tips Soft gel 300 pcs Helen color"},"content":{"rendered":"<p>Las U\u00f1as Postizas Helen Color con Tecnolog\u00eda Soft Gel son ideales para quienes desean obtener u\u00f1as elegantes y alargadas sin complicaciones. Este set incluye 300 u\u00f1as preformadas que proporcionan una comodidad y resistencia excepcionales, gracias a su fabricaci\u00f3n con gel 100% de alta calidad.<\/p>\n","protected":false},"excerpt":{"rendered":"<p>Las U\u00f1as Postizas Helen Color con Tecnolog\u00eda Soft Gel son ideales para quienes desean obtener u\u00f1as elegantes y alargadas sin complicaciones. Este set incluye 300 u\u00f1as preformadas que proporcionan una comodidad y resistencia excepcionales, gracias a su fabricaci\u00f3n con gel 100% de alta calidad.<\/p>\n","protected":false},"featured_media":8035,"template":"","meta":{"_uag_custom_page_level_css":"","site-sidebar-layout":"default","site-content-layout":"","ast-site-content-layout":"default","site-content-style":"default","site-sidebar-style":"default","ast-global-header-display":"","ast-banner-title-visibility":"","ast-main-header-display":"","ast-hfb-above-header-display":"","ast-hfb-below-header-display":"","ast-hfb-mobile-header-display":"","site-post-title":"","ast-breadcrumbs-content":"","ast-featured-img":"","footer-sml-layout":"","theme-transparent-header-meta":"default","adv-header-id-meta":"","stick-header-meta":"","header-above-stick-meta":"","header-main-stick-meta":"","header-below-stick-meta":"","astra-migrate-meta-layouts":"set","_joinchat":[]},"product_brand":[],"product_cat":[283,131],"product_tag":[],"class_list":{"0":"post-8027","1":"product","2":"type-product","3":"status-publish","4":"has-post-thumbnail","6":"product_cat-tips","7":"product_cat-unas","8":"desktop-align-center","9":"tablet-align-left","10":"mobile-align-left","12":"first","13":"instock","14":"shipping-taxable","15":"purchasable","16":"product-type-variable"},"uagb_featured_image_src":{"full":["https:\/\/varietieseym.com.uy\/wp-content\/uploads\/2025\/03\/tip-helen-color-300pcs-helen-.jpg",615,595,false],"thumbnail":["https:\/\/varietieseym.com.uy\/wp-content\/uploads\/2025\/03\/tip-helen-color-300pcs-helen--150x150.jpg",150,150,true],"medium":["https:\/\/varietieseym.com.uy\/wp-content\/uploads\/2025\/03\/tip-helen-color-300pcs-helen--300x290.jpg",300,290,true],"medium_large":["https:\/\/varietieseym.com.uy\/wp-content\/uploads\/2025\/03\/tip-helen-color-300pcs-helen-.jpg",615,595,false],"large":["https:\/\/varietieseym.com.uy\/wp-content\/uploads\/2025\/03\/tip-helen-color-300pcs-helen-.jpg",615,595,false],"1536x1536":["https:\/\/varietieseym.com.uy\/wp-content\/uploads\/2025\/03\/tip-helen-color-300pcs-helen-.jpg",615,595,false],"2048x2048":["https:\/\/varietieseym.com.uy\/wp-content\/uploads\/2025\/03\/tip-helen-color-300pcs-helen-.jpg",615,595,false],"woocommerce_thumbnail":["https:\/\/varietieseym.com.uy\/wp-content\/uploads\/2025\/03\/tip-helen-color-300pcs-helen--300x300.jpg",300,300,true],"woocommerce_single":["https:\/\/varietieseym.com.uy\/wp-content\/uploads\/2025\/03\/tip-helen-color-300pcs-helen--600x580.jpg",600,580,true],"woocommerce_gallery_thumbnail":["https:\/\/varietieseym.com.uy\/wp-content\/uploads\/2025\/03\/tip-helen-color-300pcs-helen--100x100.jpg",100,100,true]},"uagb_author_info":{"display_name":"Varietieseym","author_link":"https:\/\/varietieseym.com.uy\/index.php\/author\/"},"uagb_comment_info":0,"uagb_excerpt":"Las U\u00f1as Postizas Helen Color con Tecnolog\u00eda Soft Gel son ideales para quienes desean obtener u\u00f1as elegantes y alargadas sin complicaciones. Este set incluye 300 u\u00f1as preformadas que proporcionan una comodidad y resistencia excepcionales, gracias a su fabricaci\u00f3n con gel 100% de alta calidad.","_links":{"self":[{"href":"https:\/\/varietieseym.com.uy\/index.php\/wp-json\/wp\/v2\/product\/8027","targetHints":{"allow":["GET"]}}],"collection":[{"href":"https:\/\/varietieseym.com.uy\/index.php\/wp-json\/wp\/v2\/product"}],"about":[{"href":"https:\/\/varietieseym.com.uy\/index.php\/wp-json\/wp\/v2\/types\/product"}],"wp:featuredmedia":[{"embeddable":true,"href":"https:\/\/varietieseym.com.uy\/index.php\/wp-json\/wp\/v2\/media\/8035"}],"wp:attachment":[{"href":"https:\/\/varietieseym.com.uy\/index.php\/wp-json\/wp\/v2\/media?parent=8027"}],"wp:term":[{"taxonomy":"product_brand","embeddable":true,"href":"https:\/\/varietieseym.com.uy\/index.php\/wp-json\/wp\/v2\/product_brand?post=8027"},{"taxonomy":"product_cat","embeddable":true,"href":"https:\/\/varietieseym.com.uy\/index.php\/wp-json\/wp\/v2\/product_cat?post=8027"},{"taxonomy":"product_tag","embeddable":true,"href":"https:\/\/varietieseym.com.uy\/index.php\/wp-json\/wp\/v2\/product_tag?post=8027"}],"curies":[{"name":"wp","href":"https:\/\/api.w.org\/{rel}","templated":true}]}}