{"id":8036,"date":"2025-03-27T18:29:55","date_gmt":"2025-03-27T21:29:55","guid":{"rendered":"https:\/\/varietieseym.com.uy\/?post_type=product&#038;p=8036"},"modified":"2025-03-27T18:32:19","modified_gmt":"2025-03-27T21:32:19","slug":"pestanas-postizas-en-ramillete-12mm-hudabeauty","status":"publish","type":"product","link":"https:\/\/varietieseym.com.uy\/index.php\/producto\/pestanas-postizas-en-ramillete-12mm-hudabeauty\/","title":{"rendered":"Pesta\u00f1as Postizas en Ramillete 12mm HudaBeauty"},"content":{"rendered":"<p><span class=\"selectable-text copyable-text false\">Descubre la belleza de las pesta\u00f1as postizas individuales. Obt\u00e9n una mirada dram\u00e1tica y radiante en cualquier ocasi\u00f3n. F\u00e1cil de aplicar y reutilizar, estas pesta\u00f1as mejorar\u00e1n tu belleza natural. \u00a1Pru\u00e9balas ahora y siente la diferencia!<\/span><\/p>\n","protected":false},"excerpt":{"rendered":"<p>Descubre la belleza de las pesta\u00f1as postizas individuales. Obt\u00e9n una mirada dram\u00e1tica y radiante en cualquier ocasi\u00f3n. F\u00e1cil de aplicar y reutilizar, estas pesta\u00f1as mejorar\u00e1n tu belleza natural. \u00a1Pru\u00e9balas ahora y siente la diferencia!<\/p>\n","protected":false},"featured_media":8041,"template":"","meta":{"_uag_custom_page_level_css":"","site-sidebar-layout":"default","site-content-layout":"","ast-site-content-layout":"default","site-content-style":"default","site-sidebar-style":"default","ast-global-header-display":"","ast-banner-title-visibility":"","ast-main-header-display":"","ast-hfb-above-header-display":"","ast-hfb-below-header-display":"","ast-hfb-mobile-header-display":"","site-post-title":"","ast-breadcrumbs-content":"","ast-featured-img":"","footer-sml-layout":"","theme-transparent-header-meta":"default","adv-header-id-meta":"","stick-header-meta":"","header-above-stick-meta":"","header-main-stick-meta":"","header-below-stick-meta":"","astra-migrate-meta-layouts":"set","_joinchat":[]},"product_brand":[],"product_cat":[258,147],"product_tag":[],"class_list":{"0":"post-8036","1":"product","2":"type-product","3":"status-publish","4":"has-post-thumbnail","6":"product_cat-postizas","7":"product_cat-pestanas","8":"desktop-align-center","9":"tablet-align-left","10":"mobile-align-left","12":"first","13":"instock","14":"shipping-taxable","15":"purchasable","16":"product-type-simple"},"uagb_featured_image_src":{"full":["https:\/\/varietieseym.com.uy\/wp-content\/uploads\/2025\/03\/pestanas-huda4.jpg",624,594,false],"thumbnail":["https:\/\/varietieseym.com.uy\/wp-content\/uploads\/2025\/03\/pestanas-huda4-150x150.jpg",150,150,true],"medium":["https:\/\/varietieseym.com.uy\/wp-content\/uploads\/2025\/03\/pestanas-huda4-300x286.jpg",300,286,true],"medium_large":["https:\/\/varietieseym.com.uy\/wp-content\/uploads\/2025\/03\/pestanas-huda4.jpg",624,594,false],"large":["https:\/\/varietieseym.com.uy\/wp-content\/uploads\/2025\/03\/pestanas-huda4.jpg",624,594,false],"1536x1536":["https:\/\/varietieseym.com.uy\/wp-content\/uploads\/2025\/03\/pestanas-huda4.jpg",624,594,false],"2048x2048":["https:\/\/varietieseym.com.uy\/wp-content\/uploads\/2025\/03\/pestanas-huda4.jpg",624,594,false],"woocommerce_thumbnail":["https:\/\/varietieseym.com.uy\/wp-content\/uploads\/2025\/03\/pestanas-huda4-300x300.jpg",300,300,true],"woocommerce_single":["https:\/\/varietieseym.com.uy\/wp-content\/uploads\/2025\/03\/pestanas-huda4-600x571.jpg",600,571,true],"woocommerce_gallery_thumbnail":["https:\/\/varietieseym.com.uy\/wp-content\/uploads\/2025\/03\/pestanas-huda4-100x100.jpg",100,100,true]},"uagb_author_info":{"display_name":"Varietieseym","author_link":"https:\/\/varietieseym.com.uy\/index.php\/author\/"},"uagb_comment_info":0,"uagb_excerpt":"Descubre la belleza de las pesta\u00f1as postizas individuales. Obt\u00e9n una mirada dram\u00e1tica y radiante en cualquier ocasi\u00f3n. F\u00e1cil de aplicar y reutilizar, estas pesta\u00f1as mejorar\u00e1n tu belleza natural. \u00a1Pru\u00e9balas ahora y siente la diferencia!","_links":{"self":[{"href":"https:\/\/varietieseym.com.uy\/index.php\/wp-json\/wp\/v2\/product\/8036","targetHints":{"allow":["GET"]}}],"collection":[{"href":"https:\/\/varietieseym.com.uy\/index.php\/wp-json\/wp\/v2\/product"}],"about":[{"href":"https:\/\/varietieseym.com.uy\/index.php\/wp-json\/wp\/v2\/types\/product"}],"wp:featuredmedia":[{"embeddable":true,"href":"https:\/\/varietieseym.com.uy\/index.php\/wp-json\/wp\/v2\/media\/8041"}],"wp:attachment":[{"href":"https:\/\/varietieseym.com.uy\/index.php\/wp-json\/wp\/v2\/media?parent=8036"}],"wp:term":[{"taxonomy":"product_brand","embeddable":true,"href":"https:\/\/varietieseym.com.uy\/index.php\/wp-json\/wp\/v2\/product_brand?post=8036"},{"taxonomy":"product_cat","embeddable":true,"href":"https:\/\/varietieseym.com.uy\/index.php\/wp-json\/wp\/v2\/product_cat?post=8036"},{"taxonomy":"product_tag","embeddable":true,"href":"https:\/\/varietieseym.com.uy\/index.php\/wp-json\/wp\/v2\/product_tag?post=8036"}],"curies":[{"name":"wp","href":"https:\/\/api.w.org\/{rel}","templated":true}]}}