{"id":8120,"date":"2025-04-24T18:27:39","date_gmt":"2025-04-24T21:27:39","guid":{"rendered":"https:\/\/varietieseym.com.uy\/?post_type=product&#038;p=8120"},"modified":"2026-04-07T18:00:41","modified_gmt":"2026-04-07T21:00:41","slug":"polygel-dafu","status":"publish","type":"product","link":"https:\/\/varietieseym.com.uy\/index.php\/producto\/polygel-dafu\/","title":{"rendered":"Polygel Dafu"},"content":{"rendered":"<p class=\"QN2lPu\">Polygel Dafu es un gel s\u00f3lido s\u00faper pr\u00e1ctico para extensiones de u\u00f1as en Tips F1.<\/p>\n<p class=\"QN2lPu\">Su empaque en tubo reduce el desorden y facilita la aplicaci\u00f3n directamente en el Molde.<\/p>\n<p class=\"QN2lPu\">Modo de usar:<\/p>\n<p class=\"QN2lPu\">1. Lima tus u\u00f1as, retirando suavemente la primera capa y retirando el polvo;<\/p>\n<p class=\"QN2lPu\">2. Aplicar una fina capa de base de gel y secar durante 2 minutos en la cabina UV o 30-60 segundos en la cabina<\/p>\n<p class=\"QN2lPu\">3. Selecciona el molde F1 para la u\u00f1a y aplica el gel uniformemente con ayuda de una esp\u00e1tula o pincel, utilizando el limpiador para manipular el polygel;<\/p>\n<p class=\"QN2lPu\">4. Secar en la cabina durante 2 minutos o 30-60 segundos en la cabina<\/p>\n<p class=\"QN2lPu\">5. Retira con cuidado el molde F1 y lima las u\u00f1as uniformemente, aplica una fina capa de top coat y seca en cabina UV durante 2 minutos o en cabina\u00a0 durante 30-60 segundos.<\/p>\n","protected":false},"excerpt":{"rendered":"<p>Polygel Dafu es un gel s\u00f3lido s\u00faper pr\u00e1ctico para extensiones de u\u00f1as en Tips F1. Su empaque en tubo reduce el desorden y facilita la aplicaci\u00f3n directamente en el Molde. Modo de usar: 1. Lima tus u\u00f1as, retirando suavemente la primera capa y retirando el polvo; 2. Aplicar una fina capa de base de gel &hellip;<\/p>\n<p class=\"read-more\"> <a class=\"\" href=\"https:\/\/varietieseym.com.uy\/index.php\/producto\/polygel-dafu\/\"> <span class=\"screen-reader-text\">Polygel Dafu<\/span> Leer m\u00e1s &raquo;<\/a><\/p>\n","protected":false},"featured_media":8934,"template":"","meta":{"_uag_custom_page_level_css":"","site-sidebar-layout":"default","site-content-layout":"","ast-site-content-layout":"default","site-content-style":"default","site-sidebar-style":"default","ast-global-header-display":"","ast-banner-title-visibility":"","ast-main-header-display":"","ast-hfb-above-header-display":"","ast-hfb-below-header-display":"","ast-hfb-mobile-header-display":"","site-post-title":"","ast-breadcrumbs-content":"","ast-featured-img":"","footer-sml-layout":"","theme-transparent-header-meta":"default","adv-header-id-meta":"","stick-header-meta":"","header-above-stick-meta":"","header-main-stick-meta":"","header-below-stick-meta":"","astra-migrate-meta-layouts":"set","_joinchat":[]},"product_brand":[],"product_cat":[185,131],"product_tag":[],"class_list":{"0":"post-8120","1":"product","2":"type-product","3":"status-publish","4":"has-post-thumbnail","6":"product_cat-gel-unas","7":"product_cat-unas","8":"desktop-align-center","9":"tablet-align-left","10":"mobile-align-left","12":"first","13":"instock","14":"shipping-taxable","15":"purchasable","16":"product-type-variable"},"uagb_featured_image_src":{"full":["https:\/\/varietieseym.com.uy\/wp-content\/uploads\/2025\/04\/polygel-dafu-portada-2.jpg",603,491,false],"thumbnail":["https:\/\/varietieseym.com.uy\/wp-content\/uploads\/2025\/04\/polygel-dafu-portada-2-150x150.jpg",150,150,true],"medium":["https:\/\/varietieseym.com.uy\/wp-content\/uploads\/2025\/04\/polygel-dafu-portada-2-300x244.jpg",300,244,true],"medium_large":["https:\/\/varietieseym.com.uy\/wp-content\/uploads\/2025\/04\/polygel-dafu-portada-2.jpg",603,491,false],"large":["https:\/\/varietieseym.com.uy\/wp-content\/uploads\/2025\/04\/polygel-dafu-portada-2.jpg",603,491,false],"1536x1536":["https:\/\/varietieseym.com.uy\/wp-content\/uploads\/2025\/04\/polygel-dafu-portada-2.jpg",603,491,false],"2048x2048":["https:\/\/varietieseym.com.uy\/wp-content\/uploads\/2025\/04\/polygel-dafu-portada-2.jpg",603,491,false],"woocommerce_thumbnail":["https:\/\/varietieseym.com.uy\/wp-content\/uploads\/2025\/04\/polygel-dafu-portada-2-300x300.jpg",300,300,true],"woocommerce_single":["https:\/\/varietieseym.com.uy\/wp-content\/uploads\/2025\/04\/polygel-dafu-portada-2-600x489.jpg",600,489,true],"woocommerce_gallery_thumbnail":["https:\/\/varietieseym.com.uy\/wp-content\/uploads\/2025\/04\/polygel-dafu-portada-2-100x100.jpg",100,100,true]},"uagb_author_info":{"display_name":"Varietieseym","author_link":"https:\/\/varietieseym.com.uy\/index.php\/author\/"},"uagb_comment_info":0,"uagb_excerpt":"Polygel Dafu es un gel s\u00f3lido s\u00faper pr\u00e1ctico para extensiones de u\u00f1as en Tips F1. Su empaque en tubo reduce el desorden y facilita la aplicaci\u00f3n directamente en el Molde. Modo de usar: 1. Lima tus u\u00f1as, retirando suavemente la primera capa y retirando el polvo; 2. Aplicar una fina capa de base de gel&hellip;","_links":{"self":[{"href":"https:\/\/varietieseym.com.uy\/index.php\/wp-json\/wp\/v2\/product\/8120","targetHints":{"allow":["GET"]}}],"collection":[{"href":"https:\/\/varietieseym.com.uy\/index.php\/wp-json\/wp\/v2\/product"}],"about":[{"href":"https:\/\/varietieseym.com.uy\/index.php\/wp-json\/wp\/v2\/types\/product"}],"wp:featuredmedia":[{"embeddable":true,"href":"https:\/\/varietieseym.com.uy\/index.php\/wp-json\/wp\/v2\/media\/8934"}],"wp:attachment":[{"href":"https:\/\/varietieseym.com.uy\/index.php\/wp-json\/wp\/v2\/media?parent=8120"}],"wp:term":[{"taxonomy":"product_brand","embeddable":true,"href":"https:\/\/varietieseym.com.uy\/index.php\/wp-json\/wp\/v2\/product_brand?post=8120"},{"taxonomy":"product_cat","embeddable":true,"href":"https:\/\/varietieseym.com.uy\/index.php\/wp-json\/wp\/v2\/product_cat?post=8120"},{"taxonomy":"product_tag","embeddable":true,"href":"https:\/\/varietieseym.com.uy\/index.php\/wp-json\/wp\/v2\/product_tag?post=8120"}],"curies":[{"name":"wp","href":"https:\/\/api.w.org\/{rel}","templated":true}]}}